{"id":1251,"date":"2024-07-25T21:01:08","date_gmt":"2024-07-25T21:01:08","guid":{"rendered":"https:\/\/ofrendasfotograficas.net\/?page_id=1251"},"modified":"2024-07-31T14:46:52","modified_gmt":"2024-07-31T14:46:52","slug":"jocelyn-becerra","status":"publish","type":"page","link":"https:\/\/ofrendasfotograficas.net\/?page_id=1251","title":{"rendered":"Jocelyn Becerra"},"content":{"rendered":"\t\t<div data-elementor-type=\"wp-page\" data-elementor-id=\"1251\" class=\"elementor elementor-1251\">\n\t\t\t\t\t\t\t\t\t<section class=\"elementor-section elementor-top-section elementor-element elementor-element-95497af elementor-section-boxed elementor-section-height-default elementor-section-height-default\" data-id=\"95497af\" data-element_type=\"section\">\n\t\t\t\t\t\t<div class=\"elementor-container elementor-column-gap-default\">\n\t\t\t\t\t<div class=\"elementor-column elementor-col-100 elementor-top-column elementor-element elementor-element-7275e5e\" data-id=\"7275e5e\" data-element_type=\"column\">\n\t\t\t<div class=\"elementor-widget-wrap elementor-element-populated\">\n\t\t\t\t\t\t\t\t<div class=\"elementor-element elementor-element-6e54317 elementor-widget elementor-widget-text-editor\" data-id=\"6e54317\" data-element_type=\"widget\" data-widget_type=\"text-editor.default\">\n\t\t\t\t<div class=\"elementor-widget-container\">\n\t\t\t<style>\/*! elementor - v3.15.0 - 20-08-2023 *\/\n.elementor-widget-text-editor.elementor-drop-cap-view-stacked .elementor-drop-cap{background-color:#69727d;color:#fff}.elementor-widget-text-editor.elementor-drop-cap-view-framed .elementor-drop-cap{color:#69727d;border:3px solid;background-color:transparent}.elementor-widget-text-editor:not(.elementor-drop-cap-view-default) .elementor-drop-cap{margin-top:8px}.elementor-widget-text-editor:not(.elementor-drop-cap-view-default) .elementor-drop-cap-letter{width:1em;height:1em}.elementor-widget-text-editor .elementor-drop-cap{float:left;text-align:center;line-height:1;font-size:50px}.elementor-widget-text-editor .elementor-drop-cap-letter{display:inline-block}<\/style>\t\t\t\t<h2>Ofrendas de escritura desde la realidad en Rancagua: el patriarcado y todas sus dictaduras.<\/h2><p>\u00a0<\/p><p>Escrito y an\u00e1lisis actual por Jocelyn Andrea Becerra Gaete, fundadora y coordinadora activista feminista de NI UNA MENOS SEXTA REGION CHILE.<\/p><p>09 mayo 2024. Rancagua.<\/p><p>\u00a0<\/p><p>\u00a0<\/p><p>Rancagua, as\u00ed como otros pueblos de zona baja de urbanidad, pueblos cercanos pero desconocidos, silenciosos e invisibilizados, donde la cultura del huaso y el minero, del fulano y el obrero por siglos o d\u00e9cadas han sido los pioneros del patriarcado: esclavizadores de todas aquellas mujeres que resisten los cuidados dom\u00e9sticos y de crianza en el abandono y la vulnerabilidad, desde el juicio permanente a los roles que se ejercen sin m\u00e1s opci\u00f3n, y menciono esto como una forma de femicidio lento y tambi\u00e9n precoz.<\/p><p>En cuanto a lo concreto, objetivo y menos invisibilizado, desde la p\u00e1gina Ni UNA MENOS SEXTA REGI\u00d3N CHILE durante estas \u00faltimas fechas a partir de enero 2024 hemos estado acompa\u00f1ando a una familia de Rancagua, residente de un territorio rojo con alto \u00edndices de vulneraci\u00f3n psicol\u00f3gica, f\u00edsica, econ\u00f3mica y de clase. El d\u00eda 17 de enero se informa mediante redes sociales el asesinato de una joven mujer, Lisette y su hija en gestaci\u00f3n de 40 semanas, Cataleya, quienes salieron alrededor de las 14:00 hrs de su departamento y 3 horas m\u00e1s tarde es encontrada muerta, desnuda boca abajo con el vientre dentro de una acequia a metros de su casa, por una vecina que da aviso a carabineros y a su familia.<\/p>\t\t\t\t\t\t<\/div>\n\t\t\t\t<\/div>\n\t\t\t\t\t<\/div>\n\t\t<\/div>\n\t\t\t\t\t\t\t<\/div>\n\t\t<\/section>\n\t\t\t\t<section class=\"elementor-section elementor-top-section elementor-element elementor-element-2fe0f1d elementor-section-boxed elementor-section-height-default elementor-section-height-default\" data-id=\"2fe0f1d\" data-element_type=\"section\">\n\t\t\t\t\t\t<div class=\"elementor-container elementor-column-gap-default\">\n\t\t\t\t\t<div class=\"elementor-column elementor-col-50 elementor-top-column elementor-element elementor-element-1ff6d4c\" data-id=\"1ff6d4c\" data-element_type=\"column\">\n\t\t\t<div class=\"elementor-widget-wrap elementor-element-populated\">\n\t\t\t\t\t\t\t\t<div class=\"elementor-element elementor-element-5fcc67d elementor-widget elementor-widget-image\" data-id=\"5fcc67d\" data-element_type=\"widget\" data-widget_type=\"image.default\">\n\t\t\t\t<div class=\"elementor-widget-container\">\n\t\t\t<style>\/*! elementor - v3.15.0 - 20-08-2023 *\/\n.elementor-widget-image{text-align:center}.elementor-widget-image a{display:inline-block}.elementor-widget-image a img[src$=\".svg\"]{width:48px}.elementor-widget-image img{vertical-align:middle;display:inline-block}<\/style>\t\t\t\t\t\t\t\t\t<figure class=\"wp-caption\">\n\t\t\t\t\t\t\t\t\t\t<img decoding=\"async\" width=\"694\" height=\"1024\" src=\"https:\/\/ofrendasfotograficas.net\/wp-content\/uploads\/2024\/07\/Lizett-03-694x1024.jpg\" class=\"attachment-large size-large wp-image-1325\" alt=\"La imagen muestra a una mujer joven con un sombrero oscuro, aud\u00edfonos y gafas de sol en la cabeza. La expresi\u00f3n de su rostro es seria. Junto a la imagen, hay un texto que dice: &quot;UN MACABRO HALLAZGO FUE DEL QUE SE DIO CUENTA EL PASADO MI\u00c9RCOLES 17 DE ENERO EN UN CANAL DE REGAD\u00cdO DEL SECTOR POBLACI\u00d3N COSTA DEL SOL, LUGAR DONDE SE ENCONTR\u00d3 EL CUERPO DE LISETTE D\u00cdAZ, MUJER DE 25 A\u00d1OS, QUE SE ENCONTRABA A POCOS D\u00cdAS DE DAR A LUZ A SU BEB\u00c9 CATALEYA.&quot;\" loading=\"lazy\" srcset=\"https:\/\/ofrendasfotograficas.net\/wp-content\/uploads\/2024\/07\/Lizett-03-694x1024.jpg 694w, https:\/\/ofrendasfotograficas.net\/wp-content\/uploads\/2024\/07\/Lizett-03-203x300.jpg 203w, https:\/\/ofrendasfotograficas.net\/wp-content\/uploads\/2024\/07\/Lizett-03-768x1134.jpg 768w, https:\/\/ofrendasfotograficas.net\/wp-content\/uploads\/2024\/07\/Lizett-03-600x886.jpg 600w, https:\/\/ofrendasfotograficas.net\/wp-content\/uploads\/2024\/07\/Lizett-03.jpg 956w\" sizes=\"100vw\" \/>\t\t\t\t\t\t\t\t\t\t\t<figcaption class=\"widget-image-caption wp-caption-text\">Rancagua. Chile. 17 de enero 2024.<\/figcaption>\n\t\t\t\t\t\t\t\t\t\t<\/figure>\n\t\t\t\t\t\t\t\t\t<\/div>\n\t\t\t\t<\/div>\n\t\t\t\t\t<\/div>\n\t\t<\/div>\n\t\t\t\t<div class=\"elementor-column elementor-col-50 elementor-top-column elementor-element elementor-element-3ae390e\" data-id=\"3ae390e\" data-element_type=\"column\">\n\t\t\t<div class=\"elementor-widget-wrap elementor-element-populated\">\n\t\t\t\t\t\t\t\t<div class=\"elementor-element elementor-element-c7b0411 elementor-widget elementor-widget-image\" data-id=\"c7b0411\" data-element_type=\"widget\" data-widget_type=\"image.default\">\n\t\t\t\t<div class=\"elementor-widget-container\">\n\t\t\t\t\t\t\t\t\t\t\t\t<figure class=\"wp-caption\">\n\t\t\t\t\t\t\t\t\t\t<img decoding=\"async\" width=\"719\" height=\"1024\" src=\"https:\/\/ofrendasfotograficas.net\/wp-content\/uploads\/2024\/07\/Lizett-02-719x1024.jpg\" class=\"attachment-large size-large wp-image-1586\" alt=\"La imagen muestra un cartel con el siguiente mensaje escrito en letras grandes y de diferentes colores: &quot;ESTO NO FUE UN ACCIDENTE A LISETTE Y CATALEYA LAS MATARON&quot; El cartel incluye dos huellas de manos pintadas, una en morado junto a &quot;LISETTE&quot; y otra en rojo junto a &quot;MATARON&quot;.\" loading=\"lazy\" srcset=\"https:\/\/ofrendasfotograficas.net\/wp-content\/uploads\/2024\/07\/Lizett-02-719x1024.jpg 719w, https:\/\/ofrendasfotograficas.net\/wp-content\/uploads\/2024\/07\/Lizett-02-211x300.jpg 211w, https:\/\/ofrendasfotograficas.net\/wp-content\/uploads\/2024\/07\/Lizett-02-768x1094.jpg 768w, https:\/\/ofrendasfotograficas.net\/wp-content\/uploads\/2024\/07\/Lizett-02-600x855.jpg 600w, https:\/\/ofrendasfotograficas.net\/wp-content\/uploads\/2024\/07\/Lizett-02.jpg 953w\" sizes=\"100vw\" \/>\t\t\t\t\t\t\t\t\t\t\t<figcaption class=\"widget-image-caption wp-caption-text\">Rancagua. Chile. 2024.<\/figcaption>\n\t\t\t\t\t\t\t\t\t\t<\/figure>\n\t\t\t\t\t\t\t\t\t<\/div>\n\t\t\t\t<\/div>\n\t\t\t\t\t<\/div>\n\t\t<\/div>\n\t\t\t\t\t\t\t<\/div>\n\t\t<\/section>\n\t\t\t\t<section class=\"elementor-section elementor-top-section elementor-element elementor-element-8161a0a elementor-section-boxed elementor-section-height-default elementor-section-height-default\" data-id=\"8161a0a\" data-element_type=\"section\">\n\t\t\t\t\t\t<div class=\"elementor-container elementor-column-gap-default\">\n\t\t\t\t\t<div class=\"elementor-column elementor-col-100 elementor-top-column elementor-element elementor-element-d65bf7a\" data-id=\"d65bf7a\" data-element_type=\"column\">\n\t\t\t<div class=\"elementor-widget-wrap elementor-element-populated\">\n\t\t\t\t\t\t\t\t<div class=\"elementor-element elementor-element-3d2c134 elementor-widget elementor-widget-text-editor\" data-id=\"3d2c134\" data-element_type=\"widget\" data-widget_type=\"text-editor.default\">\n\t\t\t\t<div class=\"elementor-widget-container\">\n\t\t\t\t\t\t\t<p>Cuando su familia llega al lugar, Carabineros de forma muy despiadada les dice que fue un accidente, que estas cosas pasaban cuando la gente consume drogas que no quedaba nada m\u00e1s que resignarse. A lo que su familia entra en duda y vuelve al lugar para revisar y buscar antecedentes. Es as\u00ed como encuentran documentos de un hombre, con los que solicitan una nueva autopsia que revelar\u00eda que el cuerpo de Lisette ten\u00eda huellas de asfixia. Sin embargo, pese a esclarecer algunos hechos, no hay responsables a la fecha, m\u00e1s bien 3 sospechosos, que no han sido detenidos ni investigados.<\/p>\t\t\t\t\t\t<\/div>\n\t\t\t\t<\/div>\n\t\t\t\t\t<\/div>\n\t\t<\/div>\n\t\t\t\t\t\t\t<\/div>\n\t\t<\/section>\n\t\t\t\t<section class=\"elementor-section elementor-top-section elementor-element elementor-element-0d839d0 elementor-section-boxed elementor-section-height-default elementor-section-height-default\" data-id=\"0d839d0\" data-element_type=\"section\">\n\t\t\t\t\t\t<div class=\"elementor-container elementor-column-gap-default\">\n\t\t\t\t\t<div class=\"elementor-column elementor-col-100 elementor-top-column elementor-element elementor-element-2f3e80a\" data-id=\"2f3e80a\" data-element_type=\"column\">\n\t\t\t<div class=\"elementor-widget-wrap elementor-element-populated\">\n\t\t\t\t\t\t\t\t<div class=\"elementor-element elementor-element-a14b770 elementor-widget elementor-widget-image\" data-id=\"a14b770\" data-element_type=\"widget\" data-widget_type=\"image.default\">\n\t\t\t\t<div class=\"elementor-widget-container\">\n\t\t\t\t\t\t\t\t\t\t\t\t\t\t\t<img decoding=\"async\" width=\"950\" height=\"341\" src=\"https:\/\/ofrendasfotograficas.net\/wp-content\/uploads\/2024\/07\/lizett-01-1024x368.jpg\" class=\"attachment-large size-large wp-image-1326\" alt=\"La imagen muestra un lienzo de justicia para Lizett y Cataleya. En el lado izquierdo hay una foto de Lizett, y en el lado derecho una foto de una beb\u00e9 fallecida, Cataleya. En el centro de la imagen, sobre un fondo de cielo azul con nubes y palomas blancas, est\u00e1 el texto grande en color rosa: &quot;JUSTICIA PARA LIZETT Y CATALEYA&quot;. Abajo hay dos hashtags en color morado: #NOESTAMOSTODASFALTALIZETTYCATALEYA y #JUSTICIAPARALIZETTYCATALEYA.\" loading=\"lazy\" srcset=\"https:\/\/ofrendasfotograficas.net\/wp-content\/uploads\/2024\/07\/lizett-01-1024x368.jpg 1024w, https:\/\/ofrendasfotograficas.net\/wp-content\/uploads\/2024\/07\/lizett-01-300x108.jpg 300w, https:\/\/ofrendasfotograficas.net\/wp-content\/uploads\/2024\/07\/lizett-01-768x276.jpg 768w, https:\/\/ofrendasfotograficas.net\/wp-content\/uploads\/2024\/07\/lizett-01-1536x551.jpg 1536w, https:\/\/ofrendasfotograficas.net\/wp-content\/uploads\/2024\/07\/lizett-01-600x215.jpg 600w, https:\/\/ofrendasfotograficas.net\/wp-content\/uploads\/2024\/07\/lizett-01-1200x431.jpg 1200w, https:\/\/ofrendasfotograficas.net\/wp-content\/uploads\/2024\/07\/lizett-01.jpg 1621w\" sizes=\"100vw\" \/>\t\t\t\t\t\t\t\t\t\t\t\t\t\t\t<\/div>\n\t\t\t\t<\/div>\n\t\t\t\t\t<\/div>\n\t\t<\/div>\n\t\t\t\t\t\t\t<\/div>\n\t\t<\/section>\n\t\t\t\t<section class=\"elementor-section elementor-top-section elementor-element elementor-element-a2b3258 elementor-section-boxed elementor-section-height-default elementor-section-height-default\" data-id=\"a2b3258\" data-element_type=\"section\">\n\t\t\t\t\t\t<div class=\"elementor-container elementor-column-gap-default\">\n\t\t\t\t\t<div class=\"elementor-column elementor-col-100 elementor-top-column elementor-element elementor-element-2f9fb5e\" data-id=\"2f9fb5e\" data-element_type=\"column\">\n\t\t\t<div class=\"elementor-widget-wrap elementor-element-populated\">\n\t\t\t\t\t\t\t\t<div class=\"elementor-element elementor-element-837cb04 elementor-widget elementor-widget-text-editor\" data-id=\"837cb04\" data-element_type=\"widget\" data-widget_type=\"text-editor.default\">\n\t\t\t\t<div class=\"elementor-widget-container\">\n\t\t\t\t\t\t\t<p>Lo mismo ocurre con el caso de una mujer en situaci\u00f3n de calle que fue encontrada el 1 de marzo en un potrero del sector poniente de Rancagua con muchos disparos de escopeta en su cuerpo, m\u00e1s que la noticia de su hallazgo no hubo m\u00e1s informaci\u00f3n, ni nombre de la mujer asesinada. Otro cuerpo olvidado. Estamos en un sistema que no protege a las mujeres, al contrario, encubre a los ped\u00f3filos, encubre al asesino e invisibiliza a\u00fan m\u00e1s a aquellas mujeres en condici\u00f3n de consumo de drogas y de calle. En este pa\u00eds la que no tiene plata no tiene derechos.<\/p>\t\t\t\t\t\t<\/div>\n\t\t\t\t<\/div>\n\t\t\t\t\t<\/div>\n\t\t<\/div>\n\t\t\t\t\t\t\t<\/div>\n\t\t<\/section>\n\t\t\t\t<section class=\"elementor-section elementor-top-section elementor-element elementor-element-a3d8b8a elementor-section-boxed elementor-section-height-default elementor-section-height-default\" data-id=\"a3d8b8a\" data-element_type=\"section\">\n\t\t\t\t\t\t<div class=\"elementor-container elementor-column-gap-default\">\n\t\t\t\t\t<div class=\"elementor-column elementor-col-100 elementor-top-column elementor-element elementor-element-50c3179\" data-id=\"50c3179\" data-element_type=\"column\">\n\t\t\t<div class=\"elementor-widget-wrap elementor-element-populated\">\n\t\t\t\t\t\t\t\t<div class=\"elementor-element elementor-element-81dd3d7 elementor-widget elementor-widget-text-editor\" data-id=\"81dd3d7\" data-element_type=\"widget\" data-widget_type=\"text-editor.default\">\n\t\t\t\t<div class=\"elementor-widget-container\">\n\t\t\t\t\t\t\t<p>En cuanto a las movilizaciones feministas de la zona, no existe mucho movimiento social y de justicia que repercuta en la lucha por los derechos de las mujeres, exceptuando el 8 de marzo que es el d\u00eda de mayor aglomeraci\u00f3n femenina y de disidencias. Para este a\u00f1o en especial se cre\u00f3 un cartel donde dice: SI FUERA TU MAM\u00c1, TU HIJA O TU HERMANA \u00bfTE QUEDAR\u00cdAS HACIENDO COMO SI NADA?<br \/>Desde ah\u00ed es que invitamos a todas a ser conscientes sobre la importancia de apa\u00f1ar, que, si juntas no luchamos, menos podemos lograr para erradicar la violencia hacia las mujeres y disidencias.<\/p><p>\u00a0<\/p><p>\u00a0<\/p>\t\t\t\t\t\t<\/div>\n\t\t\t\t<\/div>\n\t\t\t\t\t<\/div>\n\t\t<\/div>\n\t\t\t\t\t\t\t<\/div>\n\t\t<\/section>\n\t\t\t\t\t\t\t<\/div>\n\t\t","protected":false},"excerpt":{"rendered":"<p>Ofrendas de escritura desde la realidad en Rancagua: el patriarcado y todas sus dictaduras. \u00a0 Escrito y an\u00e1lisis actual por Jocelyn Andrea Becerra Gaete, fundadora y coordinadora activista feminista de NI UNA MENOS SEXTA REGION CHILE. 09 mayo 2024. Rancagua. \u00a0 \u00a0 Rancagua, as\u00ed como otros pueblos de zona baja de urbanidad, pueblos cercanos pero &hellip; <\/p>\n<p class=\"link-more\"><a href=\"https:\/\/ofrendasfotograficas.net\/?page_id=1251\" class=\"more-link\">Leer m\u00e1s<span class=\"screen-reader-text\"> \u00abJocelyn Becerra\u00bb<\/span><\/a><\/p>\n","protected":false},"author":1,"featured_media":0,"parent":0,"menu_order":0,"comment_status":"closed","ping_status":"closed","template":"","meta":[],"featured_media_urls":[],"_links":{"self":[{"href":"https:\/\/ofrendasfotograficas.net\/index.php?rest_route=\/wp\/v2\/pages\/1251"}],"collection":[{"href":"https:\/\/ofrendasfotograficas.net\/index.php?rest_route=\/wp\/v2\/pages"}],"about":[{"href":"https:\/\/ofrendasfotograficas.net\/index.php?rest_route=\/wp\/v2\/types\/page"}],"author":[{"embeddable":true,"href":"https:\/\/ofrendasfotograficas.net\/index.php?rest_route=\/wp\/v2\/users\/1"}],"replies":[{"embeddable":true,"href":"https:\/\/ofrendasfotograficas.net\/index.php?rest_route=%2Fwp%2Fv2%2Fcomments&post=1251"}],"version-history":[{"count":31,"href":"https:\/\/ofrendasfotograficas.net\/index.php?rest_route=\/wp\/v2\/pages\/1251\/revisions"}],"predecessor-version":[{"id":1892,"href":"https:\/\/ofrendasfotograficas.net\/index.php?rest_route=\/wp\/v2\/pages\/1251\/revisions\/1892"}],"wp:attachment":[{"href":"https:\/\/ofrendasfotograficas.net\/index.php?rest_route=%2Fwp%2Fv2%2Fmedia&parent=1251"}],"curies":[{"name":"wp","href":"https:\/\/api.w.org\/{rel}","templated":true}]}}