{"id":1451,"date":"2024-07-30T09:11:51","date_gmt":"2024-07-30T09:11:51","guid":{"rendered":"https:\/\/ofrendasfotograficas.net\/?page_id=1451"},"modified":"2024-07-31T15:04:56","modified_gmt":"2024-07-31T15:04:56","slug":"tropiconce","status":"publish","type":"page","link":"https:\/\/ofrendasfotograficas.net\/?page_id=1451","title":{"rendered":"Tropiconce"},"content":{"rendered":"\t\t<div data-elementor-type=\"wp-page\" data-elementor-id=\"1451\" class=\"elementor elementor-1451\">\n\t\t\t\t\t\t\t\t\t<section class=\"elementor-section elementor-top-section elementor-element elementor-element-a058cd7 elementor-section-boxed elementor-section-height-default elementor-section-height-default\" data-id=\"a058cd7\" data-element_type=\"section\">\n\t\t\t\t\t\t<div class=\"elementor-container elementor-column-gap-default\">\n\t\t\t\t\t<div class=\"elementor-column elementor-col-100 elementor-top-column elementor-element elementor-element-c793d4b\" data-id=\"c793d4b\" data-element_type=\"column\">\n\t\t\t<div class=\"elementor-widget-wrap elementor-element-populated\">\n\t\t\t\t\t\t\t\t<div class=\"elementor-element elementor-element-05ccf98 elementor-widget elementor-widget-text-editor\" data-id=\"05ccf98\" data-element_type=\"widget\" data-widget_type=\"text-editor.default\">\n\t\t\t\t<div class=\"elementor-widget-container\">\n\t\t\t<style>\/*! elementor - v3.15.0 - 20-08-2023 *\/\n.elementor-widget-text-editor.elementor-drop-cap-view-stacked .elementor-drop-cap{background-color:#69727d;color:#fff}.elementor-widget-text-editor.elementor-drop-cap-view-framed .elementor-drop-cap{color:#69727d;border:3px solid;background-color:transparent}.elementor-widget-text-editor:not(.elementor-drop-cap-view-default) .elementor-drop-cap{margin-top:8px}.elementor-widget-text-editor:not(.elementor-drop-cap-view-default) .elementor-drop-cap-letter{width:1em;height:1em}.elementor-widget-text-editor .elementor-drop-cap{float:left;text-align:center;line-height:1;font-size:50px}.elementor-widget-text-editor .elementor-drop-cap-letter{display:inline-block}<\/style>\t\t\t\t<p><b>-Acci\u00f3n Tropiconce, Concepci\u00f3n (2016). <br \/><\/b><\/p><p>Trabajamos con un grupo de artistas j\u00f3venes y la fot\u00f3grafa Marcela Bruna, con quienes a trav\u00e9s del ejercicio colectivo, escenificamos la propuesta \u201cNo soy yo, eres t\u00fa\u201d, donde situamos la violencia de g\u00e9nero y la autodefensa considerando las caracter\u00edsticas clim\u00e1ticas de la ciudad, siendo instalada la intervenci\u00f3n art\u00edstica en el Barrio Universitario de la ciudad.<\/p>\t\t\t\t\t\t<\/div>\n\t\t\t\t<\/div>\n\t\t\t\t\t<\/div>\n\t\t<\/div>\n\t\t\t\t\t\t\t<\/div>\n\t\t<\/section>\n\t\t\t\t<section class=\"elementor-section elementor-top-section elementor-element elementor-element-42d954c elementor-section-boxed elementor-section-height-default elementor-section-height-default\" data-id=\"42d954c\" data-element_type=\"section\">\n\t\t\t\t\t\t<div class=\"elementor-container elementor-column-gap-default\">\n\t\t\t\t\t<div class=\"elementor-column elementor-col-100 elementor-top-column elementor-element elementor-element-0a10c22\" data-id=\"0a10c22\" data-element_type=\"column\">\n\t\t\t<div class=\"elementor-widget-wrap elementor-element-populated\">\n\t\t\t\t\t\t\t\t<div class=\"elementor-element elementor-element-6ab5dd7 elementor-widget elementor-widget-image-gallery\" data-id=\"6ab5dd7\" data-element_type=\"widget\" data-widget_type=\"image-gallery.default\">\n\t\t\t\t<div class=\"elementor-widget-container\">\n\t\t\t<style>\/*! elementor - v3.15.0 - 20-08-2023 *\/\n.elementor-image-gallery .gallery-item{display:inline-block;text-align:center;vertical-align:top;width:100%;max-width:100%;margin:0 auto}.elementor-image-gallery .gallery-item img{margin:0 auto}.elementor-image-gallery .gallery-item .gallery-caption{margin:0}.elementor-image-gallery figure img{display:block}.elementor-image-gallery figure figcaption{width:100%}.gallery-spacing-custom .elementor-image-gallery .gallery-icon{padding:0}@media (min-width:768px){.elementor-image-gallery .gallery-columns-2 .gallery-item{max-width:50%}.elementor-image-gallery .gallery-columns-3 .gallery-item{max-width:33.33%}.elementor-image-gallery .gallery-columns-4 .gallery-item{max-width:25%}.elementor-image-gallery .gallery-columns-5 .gallery-item{max-width:20%}.elementor-image-gallery .gallery-columns-6 .gallery-item{max-width:16.666%}.elementor-image-gallery .gallery-columns-7 .gallery-item{max-width:14.28%}.elementor-image-gallery .gallery-columns-8 .gallery-item{max-width:12.5%}.elementor-image-gallery .gallery-columns-9 .gallery-item{max-width:11.11%}.elementor-image-gallery .gallery-columns-10 .gallery-item{max-width:10%}}@media (min-width:480px) and (max-width:767px){.elementor-image-gallery .gallery.gallery-columns-2 .gallery-item,.elementor-image-gallery .gallery.gallery-columns-3 .gallery-item,.elementor-image-gallery .gallery.gallery-columns-4 .gallery-item,.elementor-image-gallery .gallery.gallery-columns-5 .gallery-item,.elementor-image-gallery .gallery.gallery-columns-6 .gallery-item,.elementor-image-gallery .gallery.gallery-columns-7 .gallery-item,.elementor-image-gallery .gallery.gallery-columns-8 .gallery-item,.elementor-image-gallery .gallery.gallery-columns-9 .gallery-item,.elementor-image-gallery .gallery.gallery-columns-10 .gallery-item{max-width:50%}}@media (max-width:479px){.elementor-image-gallery .gallery.gallery-columns-2 .gallery-item,.elementor-image-gallery .gallery.gallery-columns-3 .gallery-item,.elementor-image-gallery .gallery.gallery-columns-4 .gallery-item,.elementor-image-gallery .gallery.gallery-columns-5 .gallery-item,.elementor-image-gallery .gallery.gallery-columns-6 .gallery-item,.elementor-image-gallery .gallery.gallery-columns-7 .gallery-item,.elementor-image-gallery .gallery.gallery-columns-8 .gallery-item,.elementor-image-gallery .gallery.gallery-columns-9 .gallery-item,.elementor-image-gallery .gallery.gallery-columns-10 .gallery-item{max-width:100%}}<\/style>\t\t<div class=\"elementor-image-gallery\">\n\t\t\t<div id='gallery-1' class='gallery galleryid-1451 gallery-columns-1 gallery-size-large'><figure class='gallery-item'>\n\t\t\t<div class='gallery-icon landscape'>\n\t\t\t\t<a data-elementor-open-lightbox=\"yes\" data-elementor-lightbox-slideshow=\"6ab5dd7\" data-elementor-lightbox-title=\"Accion Conce 01\" data-e-action-hash=\"#elementor-action%3Aaction%3Dlightbox%26settings%3DeyJpZCI6MTQ1NiwidXJsIjoiaHR0cHM6XC9cL29mcmVuZGFzZm90b2dyYWZpY2FzLm5ldFwvd3AtY29udGVudFwvdXBsb2Fkc1wvMjAyNFwvMDdcL0FjY2lvbi1Db25jZS0wMS5qcGciLCJzbGlkZXNob3ciOiI2YWI1ZGQ3In0%3D\" href='https:\/\/ofrendasfotograficas.net\/wp-content\/uploads\/2024\/07\/Accion-Conce-01.jpg'><img width=\"950\" height=\"634\" src=\"https:\/\/ofrendasfotograficas.net\/wp-content\/uploads\/2024\/07\/Accion-Conce-01-1024x683.jpg\" class=\"attachment-large size-large\" alt=\"Grupo de cuatros mujeres juntan grandes pliegos de papel impresos en blanco y negro sobre baldosas de las afueras de la Pinacoteca de la Universidad de Concepci\u00f3n, en un d\u00eda soleado.\" decoding=\"async\" loading=\"lazy\" srcset=\"https:\/\/ofrendasfotograficas.net\/wp-content\/uploads\/2024\/07\/Accion-Conce-01-1024x683.jpg 1024w, https:\/\/ofrendasfotograficas.net\/wp-content\/uploads\/2024\/07\/Accion-Conce-01-300x200.jpg 300w, https:\/\/ofrendasfotograficas.net\/wp-content\/uploads\/2024\/07\/Accion-Conce-01-768x512.jpg 768w, https:\/\/ofrendasfotograficas.net\/wp-content\/uploads\/2024\/07\/Accion-Conce-01-1536x1024.jpg 1536w, https:\/\/ofrendasfotograficas.net\/wp-content\/uploads\/2024\/07\/Accion-Conce-01-600x400.jpg 600w, https:\/\/ofrendasfotograficas.net\/wp-content\/uploads\/2024\/07\/Accion-Conce-01-1200x800.jpg 1200w, https:\/\/ofrendasfotograficas.net\/wp-content\/uploads\/2024\/07\/Accion-Conce-01.jpg 1980w\" sizes=\"100vw\" \/><\/a>\n\t\t\t<\/div><\/figure><figure class='gallery-item'>\n\t\t\t<div class='gallery-icon landscape'>\n\t\t\t\t<a data-elementor-open-lightbox=\"yes\" data-elementor-lightbox-slideshow=\"6ab5dd7\" data-elementor-lightbox-title=\"Accion Conce 03\" data-e-action-hash=\"#elementor-action%3Aaction%3Dlightbox%26settings%3DeyJpZCI6MTQ2MywidXJsIjoiaHR0cHM6XC9cL29mcmVuZGFzZm90b2dyYWZpY2FzLm5ldFwvd3AtY29udGVudFwvdXBsb2Fkc1wvMjAyNFwvMDdcL0FjY2lvbi1Db25jZS0wMy5qcGciLCJzbGlkZXNob3ciOiI2YWI1ZGQ3In0%3D\" href='https:\/\/ofrendasfotograficas.net\/wp-content\/uploads\/2024\/07\/Accion-Conce-03.jpg'><img width=\"950\" height=\"634\" src=\"https:\/\/ofrendasfotograficas.net\/wp-content\/uploads\/2024\/07\/Accion-Conce-03-1024x683.jpg\" class=\"attachment-large size-large\" alt=\"Dos mujeres pegan una gigantograf\u00eda en un muro lleno de afiches verdes, donde aparecen dos mujeres en posici\u00f3n de autodefensa, una vestida con ropa de invierno con un paraguas en las manos y la otra con polera manga corta y una llave empu\u00f1ada. A la izquierda una mujer joven est\u00e1 con un escobill\u00f3n en la mano y otra estirando el papel sobre el muro, donde dice #nosoyyo,erest\u00fa\" decoding=\"async\" loading=\"lazy\" srcset=\"https:\/\/ofrendasfotograficas.net\/wp-content\/uploads\/2024\/07\/Accion-Conce-03-1024x683.jpg 1024w, https:\/\/ofrendasfotograficas.net\/wp-content\/uploads\/2024\/07\/Accion-Conce-03-300x200.jpg 300w, https:\/\/ofrendasfotograficas.net\/wp-content\/uploads\/2024\/07\/Accion-Conce-03-768x512.jpg 768w, https:\/\/ofrendasfotograficas.net\/wp-content\/uploads\/2024\/07\/Accion-Conce-03-1536x1024.jpg 1536w, https:\/\/ofrendasfotograficas.net\/wp-content\/uploads\/2024\/07\/Accion-Conce-03-600x400.jpg 600w, https:\/\/ofrendasfotograficas.net\/wp-content\/uploads\/2024\/07\/Accion-Conce-03-1200x800.jpg 1200w, https:\/\/ofrendasfotograficas.net\/wp-content\/uploads\/2024\/07\/Accion-Conce-03.jpg 1980w\" sizes=\"100vw\" \/><\/a>\n\t\t\t<\/div><\/figure><figure class='gallery-item'>\n\t\t\t<div class='gallery-icon landscape'>\n\t\t\t\t<a data-elementor-open-lightbox=\"yes\" data-elementor-lightbox-slideshow=\"6ab5dd7\" data-elementor-lightbox-title=\"Accion Conce 05\" data-e-action-hash=\"#elementor-action%3Aaction%3Dlightbox%26settings%3DeyJpZCI6MTQ1OSwidXJsIjoiaHR0cHM6XC9cL29mcmVuZGFzZm90b2dyYWZpY2FzLm5ldFwvd3AtY29udGVudFwvdXBsb2Fkc1wvMjAyNFwvMDdcL0FjY2lvbi1Db25jZS0wNS5qcGciLCJzbGlkZXNob3ciOiI2YWI1ZGQ3In0%3D\" href='https:\/\/ofrendasfotograficas.net\/wp-content\/uploads\/2024\/07\/Accion-Conce-05.jpg'><img width=\"950\" height=\"634\" src=\"https:\/\/ofrendasfotograficas.net\/wp-content\/uploads\/2024\/07\/Accion-Conce-05-1024x683.jpg\" class=\"attachment-large size-large\" alt=\"Registro fotogr\u00e1fico de gigantograf\u00eda pegada sobre muro en el barrio universitario de Concepci\u00f3n. En ella se muestra a un joven imaginado a una mujer desnuda dibujada como historieta y dos mujeres j\u00f3venes: la primera en posici\u00f3n de defensa con un paraguas, viste ropa de invierno y la otra, toma como arma una llave entre los dedos con su mano empu\u00f1ada, viste ropa de verano.\" decoding=\"async\" loading=\"lazy\" srcset=\"https:\/\/ofrendasfotograficas.net\/wp-content\/uploads\/2024\/07\/Accion-Conce-05-1024x683.jpg 1024w, https:\/\/ofrendasfotograficas.net\/wp-content\/uploads\/2024\/07\/Accion-Conce-05-300x200.jpg 300w, https:\/\/ofrendasfotograficas.net\/wp-content\/uploads\/2024\/07\/Accion-Conce-05-768x512.jpg 768w, https:\/\/ofrendasfotograficas.net\/wp-content\/uploads\/2024\/07\/Accion-Conce-05-1536x1024.jpg 1536w, https:\/\/ofrendasfotograficas.net\/wp-content\/uploads\/2024\/07\/Accion-Conce-05-600x400.jpg 600w, https:\/\/ofrendasfotograficas.net\/wp-content\/uploads\/2024\/07\/Accion-Conce-05-1200x800.jpg 1200w, https:\/\/ofrendasfotograficas.net\/wp-content\/uploads\/2024\/07\/Accion-Conce-05.jpg 1980w\" sizes=\"100vw\" \/><\/a>\n\t\t\t<\/div><\/figure><figure class='gallery-item'>\n\t\t\t<div class='gallery-icon landscape'>\n\t\t\t\t<a data-elementor-open-lightbox=\"yes\" data-elementor-lightbox-slideshow=\"6ab5dd7\" data-elementor-lightbox-title=\"Accion Conce 04\" data-e-action-hash=\"#elementor-action%3Aaction%3Dlightbox%26settings%3DeyJpZCI6MTQ1OCwidXJsIjoiaHR0cHM6XC9cL29mcmVuZGFzZm90b2dyYWZpY2FzLm5ldFwvd3AtY29udGVudFwvdXBsb2Fkc1wvMjAyNFwvMDdcL0FjY2lvbi1Db25jZS0wNC5qcGciLCJzbGlkZXNob3ciOiI2YWI1ZGQ3In0%3D\" href='https:\/\/ofrendasfotograficas.net\/wp-content\/uploads\/2024\/07\/Accion-Conce-04.jpg'><img width=\"950\" height=\"634\" src=\"https:\/\/ofrendasfotograficas.net\/wp-content\/uploads\/2024\/07\/Accion-Conce-04-1024x683.jpg\" class=\"attachment-large size-large\" alt=\"Imagen detalle de dos mujeres en posici\u00f3n de autodefensa que miran desafiantes a la c\u00e1mara, una vestida para el invierno alzando un paraguas con las dos manos y, la otra vestida de verano empu\u00f1a una llave de auto, hace el gesto ic\u00f3nico del cartel \u201cwe can do it\u201d.\" decoding=\"async\" loading=\"lazy\" srcset=\"https:\/\/ofrendasfotograficas.net\/wp-content\/uploads\/2024\/07\/Accion-Conce-04-1024x683.jpg 1024w, https:\/\/ofrendasfotograficas.net\/wp-content\/uploads\/2024\/07\/Accion-Conce-04-300x200.jpg 300w, https:\/\/ofrendasfotograficas.net\/wp-content\/uploads\/2024\/07\/Accion-Conce-04-768x512.jpg 768w, https:\/\/ofrendasfotograficas.net\/wp-content\/uploads\/2024\/07\/Accion-Conce-04-1536x1024.jpg 1536w, https:\/\/ofrendasfotograficas.net\/wp-content\/uploads\/2024\/07\/Accion-Conce-04-600x400.jpg 600w, https:\/\/ofrendasfotograficas.net\/wp-content\/uploads\/2024\/07\/Accion-Conce-04-1200x800.jpg 1200w, https:\/\/ofrendasfotograficas.net\/wp-content\/uploads\/2024\/07\/Accion-Conce-04.jpg 1980w\" sizes=\"100vw\" \/><\/a>\n\t\t\t<\/div><\/figure>\n\t\t<\/div>\n\t\t<\/div>\n\t\t\t\t<\/div>\n\t\t\t\t<\/div>\n\t\t\t\t\t<\/div>\n\t\t<\/div>\n\t\t\t\t\t\t\t<\/div>\n\t\t<\/section>\n\t\t\t\t<section class=\"elementor-section elementor-top-section elementor-element elementor-element-c6c9450 elementor-section-boxed elementor-section-height-default elementor-section-height-default\" data-id=\"c6c9450\" data-element_type=\"section\">\n\t\t\t\t\t\t<div class=\"elementor-container elementor-column-gap-default\">\n\t\t\t\t\t<div class=\"elementor-column elementor-col-100 elementor-top-column elementor-element elementor-element-e939d30\" data-id=\"e939d30\" data-element_type=\"column\">\n\t\t\t<div class=\"elementor-widget-wrap elementor-element-populated\">\n\t\t\t\t\t\t\t\t<div class=\"elementor-element elementor-element-6fed5aa elementor-widget elementor-widget-text-editor\" data-id=\"6fed5aa\" data-element_type=\"widget\" data-widget_type=\"text-editor.default\">\n\t\t\t\t<div class=\"elementor-widget-container\">\n\t\t\t\t\t\t\t<p>Agradecimientos a CASA 916 por el espacio para desarrollar el taller durante todo un fin de semana. A Marcela Bruna Castro por ser tallerista y registrar los d\u00edas de Ofrendas en Concepci\u00f3n.<\/p><p>\u00a0<\/p><p>\u00a0<\/p>\t\t\t\t\t\t<\/div>\n\t\t\t\t<\/div>\n\t\t\t\t\t<\/div>\n\t\t<\/div>\n\t\t\t\t\t\t\t<\/div>\n\t\t<\/section>\n\t\t\t\t\t\t\t<\/div>\n\t\t","protected":false},"excerpt":{"rendered":"<p>-Acci\u00f3n Tropiconce, Concepci\u00f3n (2016). Trabajamos con un grupo de artistas j\u00f3venes y la fot\u00f3grafa Marcela Bruna, con quienes a trav\u00e9s del ejercicio colectivo, escenificamos la propuesta \u201cNo soy yo, eres t\u00fa\u201d, donde situamos la violencia de g\u00e9nero y la autodefensa considerando las caracter\u00edsticas clim\u00e1ticas de la ciudad, siendo instalada la intervenci\u00f3n art\u00edstica en el Barrio &hellip; <\/p>\n<p class=\"link-more\"><a href=\"https:\/\/ofrendasfotograficas.net\/?page_id=1451\" class=\"more-link\">Leer m\u00e1s<span class=\"screen-reader-text\"> \u00abTropiconce\u00bb<\/span><\/a><\/p>\n","protected":false},"author":1,"featured_media":0,"parent":0,"menu_order":0,"comment_status":"closed","ping_status":"closed","template":"","meta":[],"featured_media_urls":[],"_links":{"self":[{"href":"https:\/\/ofrendasfotograficas.net\/index.php?rest_route=\/wp\/v2\/pages\/1451"}],"collection":[{"href":"https:\/\/ofrendasfotograficas.net\/index.php?rest_route=\/wp\/v2\/pages"}],"about":[{"href":"https:\/\/ofrendasfotograficas.net\/index.php?rest_route=\/wp\/v2\/types\/page"}],"author":[{"embeddable":true,"href":"https:\/\/ofrendasfotograficas.net\/index.php?rest_route=\/wp\/v2\/users\/1"}],"replies":[{"embeddable":true,"href":"https:\/\/ofrendasfotograficas.net\/index.php?rest_route=%2Fwp%2Fv2%2Fcomments&post=1451"}],"version-history":[{"count":22,"href":"https:\/\/ofrendasfotograficas.net\/index.php?rest_route=\/wp\/v2\/pages\/1451\/revisions"}],"predecessor-version":[{"id":1955,"href":"https:\/\/ofrendasfotograficas.net\/index.php?rest_route=\/wp\/v2\/pages\/1451\/revisions\/1955"}],"wp:attachment":[{"href":"https:\/\/ofrendasfotograficas.net\/index.php?rest_route=%2Fwp%2Fv2%2Fmedia&parent=1451"}],"curies":[{"name":"wp","href":"https:\/\/api.w.org\/{rel}","templated":true}]}}