{"id":1467,"date":"2024-07-30T10:18:38","date_gmt":"2024-07-30T10:18:38","guid":{"rendered":"https:\/\/ofrendasfotograficas.net\/?page_id=1467"},"modified":"2024-07-31T14:55:35","modified_gmt":"2024-07-31T14:55:35","slug":"accion-curico","status":"publish","type":"page","link":"https:\/\/ofrendasfotograficas.net\/?page_id=1467","title":{"rendered":"Acci\u00f3n Curic\u00f3"},"content":{"rendered":"\t\t<div data-elementor-type=\"wp-page\" data-elementor-id=\"1467\" class=\"elementor elementor-1467\">\n\t\t\t\t\t\t\t\t\t<section class=\"elementor-section elementor-top-section elementor-element elementor-element-ee564f5 elementor-section-boxed elementor-section-height-default elementor-section-height-default\" data-id=\"ee564f5\" data-element_type=\"section\">\n\t\t\t\t\t\t<div class=\"elementor-container elementor-column-gap-default\">\n\t\t\t\t\t<div class=\"elementor-column elementor-col-100 elementor-top-column elementor-element elementor-element-0628cb1\" data-id=\"0628cb1\" data-element_type=\"column\">\n\t\t\t<div class=\"elementor-widget-wrap elementor-element-populated\">\n\t\t\t\t\t\t\t\t<div class=\"elementor-element elementor-element-5fbc5e2 elementor-widget elementor-widget-text-editor\" data-id=\"5fbc5e2\" data-element_type=\"widget\" data-widget_type=\"text-editor.default\">\n\t\t\t\t<div class=\"elementor-widget-container\">\n\t\t\t<style>\/*! elementor - v3.15.0 - 20-08-2023 *\/\n.elementor-widget-text-editor.elementor-drop-cap-view-stacked .elementor-drop-cap{background-color:#69727d;color:#fff}.elementor-widget-text-editor.elementor-drop-cap-view-framed .elementor-drop-cap{color:#69727d;border:3px solid;background-color:transparent}.elementor-widget-text-editor:not(.elementor-drop-cap-view-default) .elementor-drop-cap{margin-top:8px}.elementor-widget-text-editor:not(.elementor-drop-cap-view-default) .elementor-drop-cap-letter{width:1em;height:1em}.elementor-widget-text-editor .elementor-drop-cap{float:left;text-align:center;line-height:1;font-size:50px}.elementor-widget-text-editor .elementor-drop-cap-letter{display:inline-block}<\/style>\t\t\t\t<p><b>-Acci\u00f3n por Alison, Yenery y Florencia, Curic\u00f3 (2016)<\/b><\/p><p>En esta acci\u00f3n fotogr\u00e1fica callejera quisimos traer al espacio p\u00fablico tres casos de femicidios no tipificados legalmente por no ser perpetrados bajo una relaci\u00f3n afectiva: Alison de 17 a\u00f1os asesinada en la comuna del Bosque; Yenery de 18 a\u00f1os, madre de dos hijos asesinada en Talca; y Florencia que a la edad de 9 a\u00f1os fue asesinada brutalmente por su padrastro en Coyhaique.<\/p>\t\t\t\t\t\t<\/div>\n\t\t\t\t<\/div>\n\t\t\t\t\t<\/div>\n\t\t<\/div>\n\t\t\t\t\t\t\t<\/div>\n\t\t<\/section>\n\t\t\t\t<section class=\"elementor-section elementor-top-section elementor-element elementor-element-ce092a2 elementor-section-boxed elementor-section-height-default elementor-section-height-default\" data-id=\"ce092a2\" data-element_type=\"section\">\n\t\t\t\t\t\t<div class=\"elementor-container elementor-column-gap-default\">\n\t\t\t\t\t<div class=\"elementor-column elementor-col-100 elementor-top-column elementor-element elementor-element-c792b5c\" data-id=\"c792b5c\" data-element_type=\"column\">\n\t\t\t<div class=\"elementor-widget-wrap elementor-element-populated\">\n\t\t\t\t\t\t\t\t<div class=\"elementor-element elementor-element-0a1bc9f elementor-widget elementor-widget-image-gallery\" data-id=\"0a1bc9f\" data-element_type=\"widget\" data-widget_type=\"image-gallery.default\">\n\t\t\t\t<div class=\"elementor-widget-container\">\n\t\t\t<style>\/*! elementor - v3.15.0 - 20-08-2023 *\/\n.elementor-image-gallery .gallery-item{display:inline-block;text-align:center;vertical-align:top;width:100%;max-width:100%;margin:0 auto}.elementor-image-gallery .gallery-item img{margin:0 auto}.elementor-image-gallery .gallery-item .gallery-caption{margin:0}.elementor-image-gallery figure img{display:block}.elementor-image-gallery figure figcaption{width:100%}.gallery-spacing-custom .elementor-image-gallery .gallery-icon{padding:0}@media (min-width:768px){.elementor-image-gallery .gallery-columns-2 .gallery-item{max-width:50%}.elementor-image-gallery .gallery-columns-3 .gallery-item{max-width:33.33%}.elementor-image-gallery .gallery-columns-4 .gallery-item{max-width:25%}.elementor-image-gallery .gallery-columns-5 .gallery-item{max-width:20%}.elementor-image-gallery .gallery-columns-6 .gallery-item{max-width:16.666%}.elementor-image-gallery .gallery-columns-7 .gallery-item{max-width:14.28%}.elementor-image-gallery .gallery-columns-8 .gallery-item{max-width:12.5%}.elementor-image-gallery .gallery-columns-9 .gallery-item{max-width:11.11%}.elementor-image-gallery .gallery-columns-10 .gallery-item{max-width:10%}}@media (min-width:480px) and (max-width:767px){.elementor-image-gallery .gallery.gallery-columns-2 .gallery-item,.elementor-image-gallery .gallery.gallery-columns-3 .gallery-item,.elementor-image-gallery .gallery.gallery-columns-4 .gallery-item,.elementor-image-gallery .gallery.gallery-columns-5 .gallery-item,.elementor-image-gallery .gallery.gallery-columns-6 .gallery-item,.elementor-image-gallery .gallery.gallery-columns-7 .gallery-item,.elementor-image-gallery .gallery.gallery-columns-8 .gallery-item,.elementor-image-gallery .gallery.gallery-columns-9 .gallery-item,.elementor-image-gallery .gallery.gallery-columns-10 .gallery-item{max-width:50%}}@media (max-width:479px){.elementor-image-gallery .gallery.gallery-columns-2 .gallery-item,.elementor-image-gallery .gallery.gallery-columns-3 .gallery-item,.elementor-image-gallery .gallery.gallery-columns-4 .gallery-item,.elementor-image-gallery .gallery.gallery-columns-5 .gallery-item,.elementor-image-gallery .gallery.gallery-columns-6 .gallery-item,.elementor-image-gallery .gallery.gallery-columns-7 .gallery-item,.elementor-image-gallery .gallery.gallery-columns-8 .gallery-item,.elementor-image-gallery .gallery.gallery-columns-9 .gallery-item,.elementor-image-gallery .gallery.gallery-columns-10 .gallery-item{max-width:100%}}<\/style>\t\t<div class=\"elementor-image-gallery\">\n\t\t\t<div id='gallery-1' class='gallery galleryid-1467 gallery-columns-1 gallery-size-large'><figure class='gallery-item'>\n\t\t\t<div class='gallery-icon landscape'>\n\t\t\t\t<a data-elementor-open-lightbox=\"yes\" data-elementor-lightbox-slideshow=\"0a1bc9f\" data-elementor-lightbox-title=\"Accion Curic\u00f3 01\" data-e-action-hash=\"#elementor-action%3Aaction%3Dlightbox%26settings%3DeyJpZCI6MTQ2OSwidXJsIjoiaHR0cHM6XC9cL29mcmVuZGFzZm90b2dyYWZpY2FzLm5ldFwvd3AtY29udGVudFwvdXBsb2Fkc1wvMjAyNFwvMDdcL0FjY2lvbi1DdXJpY28tMDEuanBnIiwic2xpZGVzaG93IjoiMGExYmM5ZiJ9\" href='https:\/\/ofrendasfotograficas.net\/wp-content\/uploads\/2024\/07\/Accion-Curico-01.jpg'><img width=\"950\" height=\"634\" src=\"https:\/\/ofrendasfotograficas.net\/wp-content\/uploads\/2024\/07\/Accion-Curico-01-1024x683.jpg\" class=\"attachment-large size-large\" alt=\"En una sala un grupo de mujeres est\u00e1 organizando y reconstruyendo el rostro de una mujer joven que sonrie con papeles impresos en blanco y negro.\" decoding=\"async\" loading=\"lazy\" srcset=\"https:\/\/ofrendasfotograficas.net\/wp-content\/uploads\/2024\/07\/Accion-Curico-01-1024x683.jpg 1024w, https:\/\/ofrendasfotograficas.net\/wp-content\/uploads\/2024\/07\/Accion-Curico-01-300x200.jpg 300w, https:\/\/ofrendasfotograficas.net\/wp-content\/uploads\/2024\/07\/Accion-Curico-01-768x512.jpg 768w, https:\/\/ofrendasfotograficas.net\/wp-content\/uploads\/2024\/07\/Accion-Curico-01-1536x1024.jpg 1536w, https:\/\/ofrendasfotograficas.net\/wp-content\/uploads\/2024\/07\/Accion-Curico-01-600x400.jpg 600w, https:\/\/ofrendasfotograficas.net\/wp-content\/uploads\/2024\/07\/Accion-Curico-01-1200x800.jpg 1200w, https:\/\/ofrendasfotograficas.net\/wp-content\/uploads\/2024\/07\/Accion-Curico-01.jpg 1600w\" sizes=\"100vw\" \/><\/a>\n\t\t\t<\/div><\/figure><figure class='gallery-item'>\n\t\t\t<div class='gallery-icon landscape'>\n\t\t\t\t<a data-elementor-open-lightbox=\"yes\" data-elementor-lightbox-slideshow=\"0a1bc9f\" data-elementor-lightbox-title=\"Accion Curic\u00f3 02\" data-e-action-hash=\"#elementor-action%3Aaction%3Dlightbox%26settings%3DeyJpZCI6MTQ3MCwidXJsIjoiaHR0cHM6XC9cL29mcmVuZGFzZm90b2dyYWZpY2FzLm5ldFwvd3AtY29udGVudFwvdXBsb2Fkc1wvMjAyNFwvMDdcL0FjY2lvbi1DdXJpY28tMDIuanBnIiwic2xpZGVzaG93IjoiMGExYmM5ZiJ9\" href='https:\/\/ofrendasfotograficas.net\/wp-content\/uploads\/2024\/07\/Accion-Curico-02.jpg'><img width=\"950\" height=\"634\" src=\"https:\/\/ofrendasfotograficas.net\/wp-content\/uploads\/2024\/07\/Accion-Curico-02-1024x683.jpg\" class=\"attachment-large size-large\" alt=\"Grupo de personas con bicicletas y a pie con carteles en las manos caminando por zona industrial de Curic\u00f3.\" decoding=\"async\" loading=\"lazy\" srcset=\"https:\/\/ofrendasfotograficas.net\/wp-content\/uploads\/2024\/07\/Accion-Curico-02-1024x683.jpg 1024w, https:\/\/ofrendasfotograficas.net\/wp-content\/uploads\/2024\/07\/Accion-Curico-02-300x200.jpg 300w, https:\/\/ofrendasfotograficas.net\/wp-content\/uploads\/2024\/07\/Accion-Curico-02-768x512.jpg 768w, https:\/\/ofrendasfotograficas.net\/wp-content\/uploads\/2024\/07\/Accion-Curico-02-1536x1024.jpg 1536w, https:\/\/ofrendasfotograficas.net\/wp-content\/uploads\/2024\/07\/Accion-Curico-02-600x400.jpg 600w, https:\/\/ofrendasfotograficas.net\/wp-content\/uploads\/2024\/07\/Accion-Curico-02-1200x800.jpg 1200w, https:\/\/ofrendasfotograficas.net\/wp-content\/uploads\/2024\/07\/Accion-Curico-02.jpg 1600w\" sizes=\"100vw\" \/><\/a>\n\t\t\t<\/div><\/figure><figure class='gallery-item'>\n\t\t\t<div class='gallery-icon landscape'>\n\t\t\t\t<a data-elementor-open-lightbox=\"yes\" data-elementor-lightbox-slideshow=\"0a1bc9f\" data-elementor-lightbox-title=\"Accion Curic\u00f3 03\" data-e-action-hash=\"#elementor-action%3Aaction%3Dlightbox%26settings%3DeyJpZCI6MTQ3MSwidXJsIjoiaHR0cHM6XC9cL29mcmVuZGFzZm90b2dyYWZpY2FzLm5ldFwvd3AtY29udGVudFwvdXBsb2Fkc1wvMjAyNFwvMDdcL0FjY2lvbi1DdXJpY28tMDMuanBnIiwic2xpZGVzaG93IjoiMGExYmM5ZiJ9\" href='https:\/\/ofrendasfotograficas.net\/wp-content\/uploads\/2024\/07\/Accion-Curico-03.jpg'><img width=\"950\" height=\"634\" src=\"https:\/\/ofrendasfotograficas.net\/wp-content\/uploads\/2024\/07\/Accion-Curico-03-1024x683.jpg\" class=\"attachment-large size-large\" alt=\"Grupo de personas pegando gigantografias de mujeres j\u00f3venes asesinadas en el a\u00f1o 2016: Alison Calderon Hidalgo 17 a\u00f1os - Santiago de Chile y Yenery Carrasco Gonz\u00e1lez 18 a\u00f1os. Dos personas est\u00e1n pegando una tercera im\u00e1gen. Se ve escrito #niunamenos. En primer plano una mujer mayor mira lo que se est\u00e1 haciendo.\" decoding=\"async\" loading=\"lazy\" srcset=\"https:\/\/ofrendasfotograficas.net\/wp-content\/uploads\/2024\/07\/Accion-Curico-03-1024x683.jpg 1024w, https:\/\/ofrendasfotograficas.net\/wp-content\/uploads\/2024\/07\/Accion-Curico-03-300x200.jpg 300w, https:\/\/ofrendasfotograficas.net\/wp-content\/uploads\/2024\/07\/Accion-Curico-03-768x512.jpg 768w, https:\/\/ofrendasfotograficas.net\/wp-content\/uploads\/2024\/07\/Accion-Curico-03-1536x1024.jpg 1536w, https:\/\/ofrendasfotograficas.net\/wp-content\/uploads\/2024\/07\/Accion-Curico-03-600x400.jpg 600w, https:\/\/ofrendasfotograficas.net\/wp-content\/uploads\/2024\/07\/Accion-Curico-03-1200x800.jpg 1200w, https:\/\/ofrendasfotograficas.net\/wp-content\/uploads\/2024\/07\/Accion-Curico-03.jpg 1600w\" sizes=\"100vw\" \/><\/a>\n\t\t\t<\/div><\/figure><figure class='gallery-item'>\n\t\t\t<div class='gallery-icon landscape'>\n\t\t\t\t<a data-elementor-open-lightbox=\"yes\" data-elementor-lightbox-slideshow=\"0a1bc9f\" data-elementor-lightbox-title=\"Accion Curic\u00f3 04\" data-e-action-hash=\"#elementor-action%3Aaction%3Dlightbox%26settings%3DeyJpZCI6MTQ3MiwidXJsIjoiaHR0cHM6XC9cL29mcmVuZGFzZm90b2dyYWZpY2FzLm5ldFwvd3AtY29udGVudFwvdXBsb2Fkc1wvMjAyNFwvMDdcL0FjY2lvbi1DdXJpY28tMDQuanBnIiwic2xpZGVzaG93IjoiMGExYmM5ZiJ9\" href='https:\/\/ofrendasfotograficas.net\/wp-content\/uploads\/2024\/07\/Accion-Curico-04.jpg'><img width=\"950\" height=\"634\" src=\"https:\/\/ofrendasfotograficas.net\/wp-content\/uploads\/2024\/07\/Accion-Curico-04-1024x683.jpg\" class=\"attachment-large size-large\" alt=\"Grupo de 8 personas junto a gigantografias de mujeres j\u00f3venes asesinadas en el a\u00f1o 2016: Alison Calderon Hidalgo 17 a\u00f1os - Santiago de Chile y Yenery Carrasco Gonz\u00e1lez 18 a\u00f1os - Talca y Florencia Aguirre 9 a\u00f1os - Coyhaique.\" decoding=\"async\" loading=\"lazy\" srcset=\"https:\/\/ofrendasfotograficas.net\/wp-content\/uploads\/2024\/07\/Accion-Curico-04-1024x683.jpg 1024w, https:\/\/ofrendasfotograficas.net\/wp-content\/uploads\/2024\/07\/Accion-Curico-04-300x200.jpg 300w, https:\/\/ofrendasfotograficas.net\/wp-content\/uploads\/2024\/07\/Accion-Curico-04-768x512.jpg 768w, https:\/\/ofrendasfotograficas.net\/wp-content\/uploads\/2024\/07\/Accion-Curico-04-1536x1024.jpg 1536w, https:\/\/ofrendasfotograficas.net\/wp-content\/uploads\/2024\/07\/Accion-Curico-04-600x400.jpg 600w, https:\/\/ofrendasfotograficas.net\/wp-content\/uploads\/2024\/07\/Accion-Curico-04-1200x800.jpg 1200w, https:\/\/ofrendasfotograficas.net\/wp-content\/uploads\/2024\/07\/Accion-Curico-04.jpg 1600w\" sizes=\"100vw\" \/><\/a>\n\t\t\t<\/div><\/figure>\n\t\t<\/div>\n\t\t<\/div>\n\t\t\t\t<\/div>\n\t\t\t\t<\/div>\n\t\t\t\t\t<\/div>\n\t\t<\/div>\n\t\t\t\t\t\t\t<\/div>\n\t\t<\/section>\n\t\t\t\t<section class=\"elementor-section elementor-top-section elementor-element elementor-element-7eb6ac8 elementor-section-boxed elementor-section-height-default elementor-section-height-default\" data-id=\"7eb6ac8\" data-element_type=\"section\">\n\t\t\t\t\t\t<div class=\"elementor-container elementor-column-gap-default\">\n\t\t\t\t\t<div class=\"elementor-column elementor-col-100 elementor-top-column elementor-element elementor-element-eade75f\" data-id=\"eade75f\" data-element_type=\"column\">\n\t\t\t<div class=\"elementor-widget-wrap elementor-element-populated\">\n\t\t\t\t\t\t\t\t<div class=\"elementor-element elementor-element-55d1a71 elementor-widget elementor-widget-video\" data-id=\"55d1a71\" data-element_type=\"widget\" data-settings=\"{&quot;youtube_url&quot;:&quot;https:\\\/\\\/youtu.be\\\/lM8f9S6sy5w&quot;,&quot;video_type&quot;:&quot;youtube&quot;,&quot;controls&quot;:&quot;yes&quot;}\" data-widget_type=\"video.default\">\n\t\t\t\t<div class=\"elementor-widget-container\">\n\t\t\t<style>\/*! elementor - v3.15.0 - 20-08-2023 *\/\n.elementor-widget-video .elementor-widget-container{overflow:hidden;transform:translateZ(0)}.elementor-widget-video .elementor-wrapper{aspect-ratio:var(--video-aspect-ratio)}.elementor-widget-video .elementor-wrapper iframe,.elementor-widget-video .elementor-wrapper video{height:100%;width:100%;display:flex;border:none;background-color:#000}@supports not (aspect-ratio:1\/1){.elementor-widget-video .elementor-wrapper{position:relative;overflow:hidden;height:0;padding-bottom:calc(100% \/ var(--video-aspect-ratio))}.elementor-widget-video .elementor-wrapper iframe,.elementor-widget-video .elementor-wrapper video{position:absolute;top:0;right:0;bottom:0;left:0}}.elementor-widget-video .elementor-open-inline .elementor-custom-embed-image-overlay{position:absolute;top:0;right:0;bottom:0;left:0;background-size:cover;background-position:50%}.elementor-widget-video .elementor-custom-embed-image-overlay{cursor:pointer;text-align:center}.elementor-widget-video .elementor-custom-embed-image-overlay:hover .elementor-custom-embed-play i{opacity:1}.elementor-widget-video .elementor-custom-embed-image-overlay img{display:block;width:100%;aspect-ratio:var(--video-aspect-ratio);-o-object-fit:cover;object-fit:cover;-o-object-position:center center;object-position:center center}@supports not (aspect-ratio:1\/1){.elementor-widget-video .elementor-custom-embed-image-overlay{position:relative;overflow:hidden;height:0;padding-bottom:calc(100% \/ var(--video-aspect-ratio))}.elementor-widget-video .elementor-custom-embed-image-overlay img{position:absolute;top:0;right:0;bottom:0;left:0}}.elementor-widget-video .e-hosted-video .elementor-video{-o-object-fit:cover;object-fit:cover}.e-con-inner>.elementor-widget-video,.e-con>.elementor-widget-video{width:var(--container-widget-width);--flex-grow:var(--container-widget-flex-grow)}<\/style>\t\t<div class=\"elementor-wrapper elementor-open-inline\">\n\t\t\t<div class=\"elementor-video\"><\/div>\t\t<\/div>\n\t\t\t\t<\/div>\n\t\t\t\t<\/div>\n\t\t\t\t\t<\/div>\n\t\t<\/div>\n\t\t\t\t\t\t\t<\/div>\n\t\t<\/section>\n\t\t\t\t<section class=\"elementor-section elementor-top-section elementor-element elementor-element-fab7b2f elementor-section-boxed elementor-section-height-default elementor-section-height-default\" data-id=\"fab7b2f\" data-element_type=\"section\">\n\t\t\t\t\t\t<div class=\"elementor-container elementor-column-gap-default\">\n\t\t\t\t\t<div class=\"elementor-column elementor-col-100 elementor-top-column elementor-element elementor-element-e9c07a4\" data-id=\"e9c07a4\" data-element_type=\"column\">\n\t\t\t<div class=\"elementor-widget-wrap elementor-element-populated\">\n\t\t\t\t\t\t\t\t<div class=\"elementor-element elementor-element-f838cb2 elementor-widget elementor-widget-text-editor\" data-id=\"f838cb2\" data-element_type=\"widget\" data-widget_type=\"text-editor.default\">\n\t\t\t\t<div class=\"elementor-widget-container\">\n\t\t\t\t\t\t\t<p>Video realizado con la animaci\u00f3n de fotograf\u00edas del registro de acci\u00f3n colectiva en la ciudad de Curic\u00f3 el a\u00f1o 2016. Esta acci\u00f3n fue en memoria de Alison Calderon Hidalgo 17 a\u00f1os &#8211; Santiago de Chile, Yenery Carrasco Gonz\u00e1lez 18 a\u00f1os &#8211; Talca y Florencia Aguirre 9 a\u00f1os &#8211; Coyhaique.<\/p><p>Agradecemos el montaje a Daniela Vivar y a todas, todos quienes participaron e hicieron posible esta intervenci\u00f3n en el espacio p\u00fablico. En especial a Lol\u00e9 Mu\u00f1oz de Galer\u00eda C\u00edvica.<\/p><p>\u00a0<\/p><p>\u00a0<\/p>\t\t\t\t\t\t<\/div>\n\t\t\t\t<\/div>\n\t\t\t\t\t<\/div>\n\t\t<\/div>\n\t\t\t\t\t\t\t<\/div>\n\t\t<\/section>\n\t\t\t\t\t\t\t<\/div>\n\t\t","protected":false},"excerpt":{"rendered":"<p>-Acci\u00f3n por Alison, Yenery y Florencia, Curic\u00f3 (2016) En esta acci\u00f3n fotogr\u00e1fica callejera quisimos traer al espacio p\u00fablico tres casos de femicidios no tipificados legalmente por no ser perpetrados bajo una relaci\u00f3n afectiva: Alison de 17 a\u00f1os asesinada en la comuna del Bosque; Yenery de 18 a\u00f1os, madre de dos hijos asesinada en Talca; y &hellip; <\/p>\n<p class=\"link-more\"><a href=\"https:\/\/ofrendasfotograficas.net\/?page_id=1467\" class=\"more-link\">Leer m\u00e1s<span class=\"screen-reader-text\"> \u00abAcci\u00f3n Curic\u00f3\u00bb<\/span><\/a><\/p>\n","protected":false},"author":1,"featured_media":0,"parent":0,"menu_order":0,"comment_status":"closed","ping_status":"closed","template":"","meta":[],"featured_media_urls":[],"_links":{"self":[{"href":"https:\/\/ofrendasfotograficas.net\/index.php?rest_route=\/wp\/v2\/pages\/1467"}],"collection":[{"href":"https:\/\/ofrendasfotograficas.net\/index.php?rest_route=\/wp\/v2\/pages"}],"about":[{"href":"https:\/\/ofrendasfotograficas.net\/index.php?rest_route=\/wp\/v2\/types\/page"}],"author":[{"embeddable":true,"href":"https:\/\/ofrendasfotograficas.net\/index.php?rest_route=\/wp\/v2\/users\/1"}],"replies":[{"embeddable":true,"href":"https:\/\/ofrendasfotograficas.net\/index.php?rest_route=%2Fwp%2Fv2%2Fcomments&post=1467"}],"version-history":[{"count":19,"href":"https:\/\/ofrendasfotograficas.net\/index.php?rest_route=\/wp\/v2\/pages\/1467\/revisions"}],"predecessor-version":[{"id":1925,"href":"https:\/\/ofrendasfotograficas.net\/index.php?rest_route=\/wp\/v2\/pages\/1467\/revisions\/1925"}],"wp:attachment":[{"href":"https:\/\/ofrendasfotograficas.net\/index.php?rest_route=%2Fwp%2Fv2%2Fmedia&parent=1467"}],"curies":[{"name":"wp","href":"https:\/\/api.w.org\/{rel}","templated":true}]}}