{"id":1511,"date":"2024-07-30T11:33:26","date_gmt":"2024-07-30T11:33:26","guid":{"rendered":"https:\/\/ofrendasfotograficas.net\/?page_id=1511"},"modified":"2024-07-31T14:56:31","modified_gmt":"2024-07-31T14:56:31","slug":"accion-8m-santiago","status":"publish","type":"page","link":"https:\/\/ofrendasfotograficas.net\/?page_id=1511","title":{"rendered":"Acci\u00f3n 8M Santiago"},"content":{"rendered":"\t\t<div data-elementor-type=\"wp-page\" data-elementor-id=\"1511\" class=\"elementor elementor-1511\">\n\t\t\t\t\t\t\t\t\t<section class=\"elementor-section elementor-top-section elementor-element elementor-element-6ea20d1 elementor-section-boxed elementor-section-height-default elementor-section-height-default\" data-id=\"6ea20d1\" data-element_type=\"section\">\n\t\t\t\t\t\t<div class=\"elementor-container elementor-column-gap-default\">\n\t\t\t\t\t<div class=\"elementor-column elementor-col-100 elementor-top-column elementor-element elementor-element-119e880\" data-id=\"119e880\" data-element_type=\"column\">\n\t\t\t<div class=\"elementor-widget-wrap elementor-element-populated\">\n\t\t\t\t\t\t\t\t<div class=\"elementor-element elementor-element-efaad58 elementor-widget elementor-widget-text-editor\" data-id=\"efaad58\" data-element_type=\"widget\" data-widget_type=\"text-editor.default\">\n\t\t\t\t<div class=\"elementor-widget-container\">\n\t\t\t<style>\/*! elementor - v3.15.0 - 20-08-2023 *\/\n.elementor-widget-text-editor.elementor-drop-cap-view-stacked .elementor-drop-cap{background-color:#69727d;color:#fff}.elementor-widget-text-editor.elementor-drop-cap-view-framed .elementor-drop-cap{color:#69727d;border:3px solid;background-color:transparent}.elementor-widget-text-editor:not(.elementor-drop-cap-view-default) .elementor-drop-cap{margin-top:8px}.elementor-widget-text-editor:not(.elementor-drop-cap-view-default) .elementor-drop-cap-letter{width:1em;height:1em}.elementor-widget-text-editor .elementor-drop-cap{float:left;text-align:center;line-height:1;font-size:50px}.elementor-widget-text-editor .elementor-drop-cap-letter{display:inline-block}<\/style>\t\t\t\t<p><b>-Acci\u00f3n 8M &#8211; Revuelta en Galer\u00eda Radicales, Santiago (2017)<\/b><\/p><p>Las artistas del proyecto organizan acci\u00f3n colectiva para sumarse a la convocatoria de 8M y a la acci\u00f3n \u201cRevuelta\u201d organizada por Sumiko Murray. Decidimos hacer un homenaje a las mujeres obreras que inician el movimiento internacional por la lucha de los derechos de las mujeres en Estados Unidos, realizando un fotomontaje digital de una ic\u00f3nica fotograf\u00eda de archivo la cual se ampl\u00edo e instal\u00f3 en el frontis de la Galer\u00eda Radicales, en el barrio Bellas Artes de Santiago de Chile.<\/p>\t\t\t\t\t\t<\/div>\n\t\t\t\t<\/div>\n\t\t\t\t\t<\/div>\n\t\t<\/div>\n\t\t\t\t\t\t\t<\/div>\n\t\t<\/section>\n\t\t\t\t<section class=\"elementor-section elementor-top-section elementor-element elementor-element-ba4fe13 elementor-section-boxed elementor-section-height-default elementor-section-height-default\" data-id=\"ba4fe13\" data-element_type=\"section\">\n\t\t\t\t\t\t<div class=\"elementor-container elementor-column-gap-default\">\n\t\t\t\t\t<div class=\"elementor-column elementor-col-100 elementor-top-column elementor-element elementor-element-b4ce739\" data-id=\"b4ce739\" data-element_type=\"column\">\n\t\t\t<div class=\"elementor-widget-wrap elementor-element-populated\">\n\t\t\t\t\t\t\t\t<div class=\"elementor-element elementor-element-1224fd8 elementor-widget elementor-widget-image-gallery\" data-id=\"1224fd8\" data-element_type=\"widget\" data-widget_type=\"image-gallery.default\">\n\t\t\t\t<div class=\"elementor-widget-container\">\n\t\t\t<style>\/*! elementor - v3.15.0 - 20-08-2023 *\/\n.elementor-image-gallery .gallery-item{display:inline-block;text-align:center;vertical-align:top;width:100%;max-width:100%;margin:0 auto}.elementor-image-gallery .gallery-item img{margin:0 auto}.elementor-image-gallery .gallery-item .gallery-caption{margin:0}.elementor-image-gallery figure img{display:block}.elementor-image-gallery figure figcaption{width:100%}.gallery-spacing-custom .elementor-image-gallery .gallery-icon{padding:0}@media (min-width:768px){.elementor-image-gallery .gallery-columns-2 .gallery-item{max-width:50%}.elementor-image-gallery .gallery-columns-3 .gallery-item{max-width:33.33%}.elementor-image-gallery .gallery-columns-4 .gallery-item{max-width:25%}.elementor-image-gallery .gallery-columns-5 .gallery-item{max-width:20%}.elementor-image-gallery .gallery-columns-6 .gallery-item{max-width:16.666%}.elementor-image-gallery .gallery-columns-7 .gallery-item{max-width:14.28%}.elementor-image-gallery .gallery-columns-8 .gallery-item{max-width:12.5%}.elementor-image-gallery .gallery-columns-9 .gallery-item{max-width:11.11%}.elementor-image-gallery .gallery-columns-10 .gallery-item{max-width:10%}}@media (min-width:480px) and (max-width:767px){.elementor-image-gallery .gallery.gallery-columns-2 .gallery-item,.elementor-image-gallery .gallery.gallery-columns-3 .gallery-item,.elementor-image-gallery .gallery.gallery-columns-4 .gallery-item,.elementor-image-gallery .gallery.gallery-columns-5 .gallery-item,.elementor-image-gallery .gallery.gallery-columns-6 .gallery-item,.elementor-image-gallery .gallery.gallery-columns-7 .gallery-item,.elementor-image-gallery .gallery.gallery-columns-8 .gallery-item,.elementor-image-gallery .gallery.gallery-columns-9 .gallery-item,.elementor-image-gallery .gallery.gallery-columns-10 .gallery-item{max-width:50%}}@media (max-width:479px){.elementor-image-gallery .gallery.gallery-columns-2 .gallery-item,.elementor-image-gallery .gallery.gallery-columns-3 .gallery-item,.elementor-image-gallery .gallery.gallery-columns-4 .gallery-item,.elementor-image-gallery .gallery.gallery-columns-5 .gallery-item,.elementor-image-gallery .gallery.gallery-columns-6 .gallery-item,.elementor-image-gallery .gallery.gallery-columns-7 .gallery-item,.elementor-image-gallery .gallery.gallery-columns-8 .gallery-item,.elementor-image-gallery .gallery.gallery-columns-9 .gallery-item,.elementor-image-gallery .gallery.gallery-columns-10 .gallery-item{max-width:100%}}<\/style>\t\t<div class=\"elementor-image-gallery\">\n\t\t\t<div id='gallery-1' class='gallery galleryid-1511 gallery-columns-1 gallery-size-large'><figure class='gallery-item'>\n\t\t\t<div class='gallery-icon landscape'>\n\t\t\t\t<a data-elementor-open-lightbox=\"yes\" data-elementor-lightbox-slideshow=\"1224fd8\" data-elementor-lightbox-title=\"8M Radicales 01\" data-e-action-hash=\"#elementor-action%3Aaction%3Dlightbox%26settings%3DeyJpZCI6MTUxMywidXJsIjoiaHR0cHM6XC9cL29mcmVuZGFzZm90b2dyYWZpY2FzLm5ldFwvd3AtY29udGVudFwvdXBsb2Fkc1wvMjAyNFwvMDdcLzhNLVJhZGljYWxlcy0wMS0uanBnIiwic2xpZGVzaG93IjoiMTIyNGZkOCJ9\" href='https:\/\/ofrendasfotograficas.net\/wp-content\/uploads\/2024\/07\/8M-Radicales-01-.jpg'><img width=\"950\" height=\"671\" src=\"https:\/\/ofrendasfotograficas.net\/wp-content\/uploads\/2024\/07\/8M-Radicales-01-.jpg\" class=\"attachment-large size-large\" alt=\"Imagen en blanco y negro de un grupo de mujeres, por debajo hay un texto que dice \u201cconmemorando a nuestras ancestras en la lucha #ofrendasfotograficas. La imagen es un fotomontaje que tiene como base una fotograf\u00eda de archivo de la huelga hist\u00f3rica realizada por mujeres en Estados Unidos y se incorpor\u00f3 a mujeres chilenas contempor\u00e1neas.\" decoding=\"async\" loading=\"lazy\" srcset=\"https:\/\/ofrendasfotograficas.net\/wp-content\/uploads\/2024\/07\/8M-Radicales-01-.jpg 1000w, https:\/\/ofrendasfotograficas.net\/wp-content\/uploads\/2024\/07\/8M-Radicales-01--300x212.jpg 300w, https:\/\/ofrendasfotograficas.net\/wp-content\/uploads\/2024\/07\/8M-Radicales-01--768x542.jpg 768w, https:\/\/ofrendasfotograficas.net\/wp-content\/uploads\/2024\/07\/8M-Radicales-01--600x424.jpg 600w\" sizes=\"100vw\" \/><\/a>\n\t\t\t<\/div><\/figure><figure class='gallery-item'>\n\t\t\t<div class='gallery-icon landscape'>\n\t\t\t\t<a data-elementor-open-lightbox=\"yes\" data-elementor-lightbox-slideshow=\"1224fd8\" data-elementor-lightbox-title=\"8M Radicales 02\" data-e-action-hash=\"#elementor-action%3Aaction%3Dlightbox%26settings%3DeyJpZCI6MTUxNCwidXJsIjoiaHR0cHM6XC9cL29mcmVuZGFzZm90b2dyYWZpY2FzLm5ldFwvd3AtY29udGVudFwvdXBsb2Fkc1wvMjAyNFwvMDdcLzhNLVJhZGljYWxlcy0wMi0uanBnIiwic2xpZGVzaG93IjoiMTIyNGZkOCJ9\" href='https:\/\/ofrendasfotograficas.net\/wp-content\/uploads\/2024\/07\/8M-Radicales-02-.jpg'><img width=\"950\" height=\"950\" src=\"https:\/\/ofrendasfotograficas.net\/wp-content\/uploads\/2024\/07\/8M-Radicales-02-.jpg\" class=\"attachment-large size-large\" alt=\"En la fachada de un edificio antiguo del centro de Santiago de color blanco con decorados marrones se observa la imagen impresa del fotomontaje digital de las mujeres en huelga. Se aprecia una persona caminando por la calle y se ve el piso de la acera de color gris.\" decoding=\"async\" loading=\"lazy\" srcset=\"https:\/\/ofrendasfotograficas.net\/wp-content\/uploads\/2024\/07\/8M-Radicales-02-.jpg 1000w, https:\/\/ofrendasfotograficas.net\/wp-content\/uploads\/2024\/07\/8M-Radicales-02--300x300.jpg 300w, https:\/\/ofrendasfotograficas.net\/wp-content\/uploads\/2024\/07\/8M-Radicales-02--150x150.jpg 150w, https:\/\/ofrendasfotograficas.net\/wp-content\/uploads\/2024\/07\/8M-Radicales-02--768x768.jpg 768w, https:\/\/ofrendasfotograficas.net\/wp-content\/uploads\/2024\/07\/8M-Radicales-02--600x600.jpg 600w, https:\/\/ofrendasfotograficas.net\/wp-content\/uploads\/2024\/07\/8M-Radicales-02--800x800.jpg 800w\" sizes=\"100vw\" \/><\/a>\n\t\t\t<\/div><\/figure>\n\t\t<\/div>\n\t\t<\/div>\n\t\t\t\t<\/div>\n\t\t\t\t<\/div>\n\t\t\t\t\t<\/div>\n\t\t<\/div>\n\t\t\t\t\t\t\t<\/div>\n\t\t<\/section>\n\t\t\t\t<section class=\"elementor-section elementor-top-section elementor-element elementor-element-35c9931 elementor-section-boxed elementor-section-height-default elementor-section-height-default\" data-id=\"35c9931\" data-element_type=\"section\">\n\t\t\t\t\t\t<div class=\"elementor-container elementor-column-gap-default\">\n\t\t\t\t\t<div class=\"elementor-column elementor-col-100 elementor-top-column elementor-element elementor-element-eae3171\" data-id=\"eae3171\" data-element_type=\"column\">\n\t\t\t<div class=\"elementor-widget-wrap elementor-element-populated\">\n\t\t\t\t\t\t\t\t<div class=\"elementor-element elementor-element-fdb0dbc elementor-widget elementor-widget-text-editor\" data-id=\"fdb0dbc\" data-element_type=\"widget\" data-widget_type=\"text-editor.default\">\n\t\t\t\t<div class=\"elementor-widget-container\">\n\t\t\t\t\t\t\t<p>Agradecemos el montaje a Mariana Gallardo Klein, Sumiko Muray Prado y a todas, todos quienes participaron e hicieron posible esta intervenci\u00f3n en el espacio p\u00fablico.<\/p><p>\u00a0<\/p><p>\u00a0<\/p>\t\t\t\t\t\t<\/div>\n\t\t\t\t<\/div>\n\t\t\t\t\t<\/div>\n\t\t<\/div>\n\t\t\t\t\t\t\t<\/div>\n\t\t<\/section>\n\t\t\t\t\t\t\t<\/div>\n\t\t","protected":false},"excerpt":{"rendered":"<p>-Acci\u00f3n 8M &#8211; Revuelta en Galer\u00eda Radicales, Santiago (2017) Las artistas del proyecto organizan acci\u00f3n colectiva para sumarse a la convocatoria de 8M y a la acci\u00f3n \u201cRevuelta\u201d organizada por Sumiko Murray. Decidimos hacer un homenaje a las mujeres obreras que inician el movimiento internacional por la lucha de los derechos de las mujeres en &hellip; <\/p>\n<p class=\"link-more\"><a href=\"https:\/\/ofrendasfotograficas.net\/?page_id=1511\" class=\"more-link\">Leer m\u00e1s<span class=\"screen-reader-text\"> \u00abAcci\u00f3n 8M Santiago\u00bb<\/span><\/a><\/p>\n","protected":false},"author":1,"featured_media":0,"parent":0,"menu_order":0,"comment_status":"closed","ping_status":"closed","template":"","meta":[],"featured_media_urls":[],"_links":{"self":[{"href":"https:\/\/ofrendasfotograficas.net\/index.php?rest_route=\/wp\/v2\/pages\/1511"}],"collection":[{"href":"https:\/\/ofrendasfotograficas.net\/index.php?rest_route=\/wp\/v2\/pages"}],"about":[{"href":"https:\/\/ofrendasfotograficas.net\/index.php?rest_route=\/wp\/v2\/types\/page"}],"author":[{"embeddable":true,"href":"https:\/\/ofrendasfotograficas.net\/index.php?rest_route=\/wp\/v2\/users\/1"}],"replies":[{"embeddable":true,"href":"https:\/\/ofrendasfotograficas.net\/index.php?rest_route=%2Fwp%2Fv2%2Fcomments&post=1511"}],"version-history":[{"count":17,"href":"https:\/\/ofrendasfotograficas.net\/index.php?rest_route=\/wp\/v2\/pages\/1511\/revisions"}],"predecessor-version":[{"id":1928,"href":"https:\/\/ofrendasfotograficas.net\/index.php?rest_route=\/wp\/v2\/pages\/1511\/revisions\/1928"}],"wp:attachment":[{"href":"https:\/\/ofrendasfotograficas.net\/index.php?rest_route=%2Fwp%2Fv2%2Fmedia&parent=1511"}],"curies":[{"name":"wp","href":"https:\/\/api.w.org\/{rel}","templated":true}]}}