{"id":46,"date":"2023-09-02T19:30:03","date_gmt":"2023-09-02T19:30:03","guid":{"rendered":"https:\/\/ofrendasfotograficas.net\/?page_id=46"},"modified":"2024-07-31T15:00:46","modified_gmt":"2024-07-31T15:00:46","slug":"exposiciones","status":"publish","type":"page","link":"https:\/\/ofrendasfotograficas.net\/?page_id=46","title":{"rendered":"Exposiciones"},"content":{"rendered":"\t\t<div data-elementor-type=\"wp-page\" data-elementor-id=\"46\" class=\"elementor elementor-46\">\n\t\t\t\t\t\t\t\t\t<section class=\"elementor-section elementor-top-section elementor-element elementor-element-30864ad elementor-section-boxed elementor-section-height-default elementor-section-height-default\" data-id=\"30864ad\" data-element_type=\"section\">\n\t\t\t\t\t\t<div class=\"elementor-container elementor-column-gap-default\">\n\t\t\t\t\t<div class=\"elementor-column elementor-col-100 elementor-top-column elementor-element elementor-element-8432f32\" data-id=\"8432f32\" data-element_type=\"column\">\n\t\t\t<div class=\"elementor-widget-wrap elementor-element-populated\">\n\t\t\t\t\t\t\t\t<div class=\"elementor-element elementor-element-3fbdfa4 elementor-widget elementor-widget-text-editor\" data-id=\"3fbdfa4\" data-element_type=\"widget\" data-widget_type=\"text-editor.default\">\n\t\t\t\t<div class=\"elementor-widget-container\">\n\t\t\t<style>\/*! elementor - v3.15.0 - 20-08-2023 *\/\n.elementor-widget-text-editor.elementor-drop-cap-view-stacked .elementor-drop-cap{background-color:#69727d;color:#fff}.elementor-widget-text-editor.elementor-drop-cap-view-framed .elementor-drop-cap{color:#69727d;border:3px solid;background-color:transparent}.elementor-widget-text-editor:not(.elementor-drop-cap-view-default) .elementor-drop-cap{margin-top:8px}.elementor-widget-text-editor:not(.elementor-drop-cap-view-default) .elementor-drop-cap-letter{width:1em;height:1em}.elementor-widget-text-editor .elementor-drop-cap{float:left;text-align:center;line-height:1;font-size:50px}.elementor-widget-text-editor .elementor-drop-cap-letter{display:inline-block}<\/style>\t\t\t\t<p>Se convoc\u00f3 al desarrollo de producci\u00f3n art\u00edstica de once fot\u00f3grafas: P\u00eda Acu\u00f1a Molina, Marcela Bruna Castro, Mariana Gallardo Klein, Zaida Gonz\u00e1lez R\u00edos, Andrea Herrera Poblete, Kena Lorenzini Lorenzini, Sumiko Muray Prado, Macarena Pe\u00f1aloza Villarroel, Ximena Riffo Pi\u00f1a, Gabriela Rivera Lucero y Jocelyne Rodr\u00edguez Droguett, con el prop\u00f3sito de visibilizar y cuestionar la violencia patriarcal en Chile, poniendo en el centro la memoria y los cuerpos de las mujeres y disidencias asesinadas. Las obras realizadas que buscaron expandirse desde la fotograf\u00eda tradicional itineraron por espacios expositivos como Villa Grimaldi (2015) y Centro Cultural Estaci\u00f3n Mapocho (2018) en Santiago, Centro de Extensi\u00f3n Universidad Cat\u00f3lica del Maule (2016) en Curic\u00f3, Centro Cultural Atacama en Copiap\u00f3 (2015) y Casa 916 (2016) en Concepci\u00f3n.<\/p>\t\t\t\t\t\t<\/div>\n\t\t\t\t<\/div>\n\t\t\t\t\t<\/div>\n\t\t<\/div>\n\t\t\t\t\t\t\t<\/div>\n\t\t<\/section>\n\t\t\t\t<section class=\"elementor-section elementor-top-section elementor-element elementor-element-4a23a486 elementor-section-boxed elementor-section-height-default elementor-section-height-default\" data-id=\"4a23a486\" data-element_type=\"section\">\n\t\t\t\t\t\t<div class=\"elementor-container elementor-column-gap-default\">\n\t\t\t\t\t<div class=\"elementor-column elementor-col-100 elementor-top-column elementor-element elementor-element-3750efb6\" data-id=\"3750efb6\" data-element_type=\"column\">\n\t\t\t<div class=\"elementor-widget-wrap elementor-element-populated\">\n\t\t\t\t\t\t\t\t<div class=\"elementor-element elementor-element-3e6e1352 elementor-widget elementor-widget-text-editor\" data-id=\"3e6e1352\" data-element_type=\"widget\" data-widget_type=\"text-editor.default\">\n\t\t\t\t<div class=\"elementor-widget-container\">\n\t\t\t\t\t\t\t<!-- wp:paragraph {\"align\":\"center\"} -->\n<p class=\"has-text-align-center\"><a href=\"https:\/\/ofrendasfotograficas.net\/?page_id=46\" data-type=\"URL\" data-id=\"https:\/\/ofrendasfotograficas.net\/?p=473\">Copiap\u00f3<\/a> \/ <a href=\"https:\/\/ofrendasfotograficas.net\/?page_id=743\" data-type=\"URL\" data-id=\"https:\/\/ofrendasfotograficas.net\/?p=482\">Concepci\u00f3n<\/a> \/ <a href=\"https:\/\/ofrendasfotograficas.net\/?page_id=748\">Curic\u00f3<\/a> \/ <a href=\"https:\/\/ofrendasfotograficas.net\/?page_id=959\">Estaci\u00f3n Mapocho<\/a> \/ <a href=\"https:\/\/ofrendasfotograficas.net\/?page_id=1389\">Villa Grimaldi<\/a><\/p>\n<!-- \/wp:paragraph -->\t\t\t\t\t\t<\/div>\n\t\t\t\t<\/div>\n\t\t\t\t\t<\/div>\n\t\t<\/div>\n\t\t\t\t\t\t\t<\/div>\n\t\t<\/section>\n\t\t\t\t<section class=\"elementor-section elementor-top-section elementor-element elementor-element-a7efa6f elementor-section-boxed elementor-section-height-default elementor-section-height-default\" data-id=\"a7efa6f\" data-element_type=\"section\">\n\t\t\t\t\t\t<div class=\"elementor-container elementor-column-gap-default\">\n\t\t\t\t\t<div class=\"elementor-column elementor-col-100 elementor-top-column elementor-element elementor-element-2229d99\" data-id=\"2229d99\" data-element_type=\"column\">\n\t\t\t<div class=\"elementor-widget-wrap elementor-element-populated\">\n\t\t\t\t\t\t\t\t<div class=\"elementor-element elementor-element-1c8667b elementor-widget elementor-widget-image\" data-id=\"1c8667b\" data-element_type=\"widget\" data-widget_type=\"image.default\">\n\t\t\t\t<div class=\"elementor-widget-container\">\n\t\t\t<style>\/*! elementor - v3.15.0 - 20-08-2023 *\/\n.elementor-widget-image{text-align:center}.elementor-widget-image a{display:inline-block}.elementor-widget-image a img[src$=\".svg\"]{width:48px}.elementor-widget-image img{vertical-align:middle;display:inline-block}<\/style>\t\t\t\t\t\t\t\t\t\t\t\t<img decoding=\"async\" width=\"950\" height=\"316\" src=\"https:\/\/ofrendasfotograficas.net\/wp-content\/uploads\/2024\/07\/ofrendas-collage-Expos-2024-WEB-1024x341.jpg\" class=\"attachment-large size-large wp-image-1295\" alt=\"Collage apaisado compuesto por franjas verticales con fragmentos de fotograf\u00edas creadas para el proyecto Ofrendas Fotogr\u00e1ficas. Al inicio y al final una franja lila.\" loading=\"lazy\" srcset=\"https:\/\/ofrendasfotograficas.net\/wp-content\/uploads\/2024\/07\/ofrendas-collage-Expos-2024-WEB-1024x341.jpg 1024w, https:\/\/ofrendasfotograficas.net\/wp-content\/uploads\/2024\/07\/ofrendas-collage-Expos-2024-WEB-300x100.jpg 300w, https:\/\/ofrendasfotograficas.net\/wp-content\/uploads\/2024\/07\/ofrendas-collage-Expos-2024-WEB-768x256.jpg 768w, https:\/\/ofrendasfotograficas.net\/wp-content\/uploads\/2024\/07\/ofrendas-collage-Expos-2024-WEB-1536x512.jpg 1536w, https:\/\/ofrendasfotograficas.net\/wp-content\/uploads\/2024\/07\/ofrendas-collage-Expos-2024-WEB-600x200.jpg 600w, https:\/\/ofrendasfotograficas.net\/wp-content\/uploads\/2024\/07\/ofrendas-collage-Expos-2024-WEB-1200x400.jpg 1200w, https:\/\/ofrendasfotograficas.net\/wp-content\/uploads\/2024\/07\/ofrendas-collage-Expos-2024-WEB.jpg 1920w\" sizes=\"100vw\" \/>\t\t\t\t\t\t\t\t\t\t\t\t\t\t\t<\/div>\n\t\t\t\t<\/div>\n\t\t\t\t\t<\/div>\n\t\t<\/div>\n\t\t\t\t\t\t\t<\/div>\n\t\t<\/section>\n\t\t\t\t<section class=\"elementor-section elementor-top-section elementor-element elementor-element-bef8af7 elementor-section-boxed elementor-section-height-default elementor-section-height-default\" data-id=\"bef8af7\" data-element_type=\"section\">\n\t\t\t\t\t\t<div class=\"elementor-container elementor-column-gap-default\">\n\t\t\t\t\t<div class=\"elementor-column elementor-col-100 elementor-top-column elementor-element elementor-element-9519e18\" data-id=\"9519e18\" data-element_type=\"column\">\n\t\t\t<div class=\"elementor-widget-wrap elementor-element-populated\">\n\t\t\t\t\t\t\t\t<div class=\"elementor-element elementor-element-c4139d2 elementor-widget elementor-widget-text-editor\" data-id=\"c4139d2\" data-element_type=\"widget\" data-widget_type=\"text-editor.default\">\n\t\t\t\t<div class=\"elementor-widget-container\">\n\t\t\t\t\t\t\t<p>\u00a0<\/p>\n<p>\u00a0<\/p>\t\t\t\t\t\t<\/div>\n\t\t\t\t<\/div>\n\t\t\t\t\t<\/div>\n\t\t<\/div>\n\t\t\t\t\t\t\t<\/div>\n\t\t<\/section>\n\t\t\t\t\t\t\t<\/div>\n\t\t","protected":false},"excerpt":{"rendered":"<p>Se convoc\u00f3 al desarrollo de producci\u00f3n art\u00edstica de once fot\u00f3grafas: P\u00eda Acu\u00f1a Molina, Marcela Bruna Castro, Mariana Gallardo Klein, Zaida Gonz\u00e1lez R\u00edos, Andrea Herrera Poblete, Kena Lorenzini Lorenzini, Sumiko Muray Prado, Macarena Pe\u00f1aloza Villarroel, Ximena Riffo Pi\u00f1a, Gabriela Rivera Lucero y Jocelyne Rodr\u00edguez Droguett, con el prop\u00f3sito de visibilizar y cuestionar la violencia patriarcal en &hellip; <\/p>\n<p class=\"link-more\"><a href=\"https:\/\/ofrendasfotograficas.net\/?page_id=46\" class=\"more-link\">Leer m\u00e1s<span class=\"screen-reader-text\"> \u00abExposiciones\u00bb<\/span><\/a><\/p>\n","protected":false},"author":1,"featured_media":0,"parent":0,"menu_order":0,"comment_status":"closed","ping_status":"closed","template":"","meta":[],"featured_media_urls":[],"_links":{"self":[{"href":"https:\/\/ofrendasfotograficas.net\/index.php?rest_route=\/wp\/v2\/pages\/46"}],"collection":[{"href":"https:\/\/ofrendasfotograficas.net\/index.php?rest_route=\/wp\/v2\/pages"}],"about":[{"href":"https:\/\/ofrendasfotograficas.net\/index.php?rest_route=\/wp\/v2\/types\/page"}],"author":[{"embeddable":true,"href":"https:\/\/ofrendasfotograficas.net\/index.php?rest_route=\/wp\/v2\/users\/1"}],"replies":[{"embeddable":true,"href":"https:\/\/ofrendasfotograficas.net\/index.php?rest_route=%2Fwp%2Fv2%2Fcomments&post=46"}],"version-history":[{"count":25,"href":"https:\/\/ofrendasfotograficas.net\/index.php?rest_route=\/wp\/v2\/pages\/46\/revisions"}],"predecessor-version":[{"id":1940,"href":"https:\/\/ofrendasfotograficas.net\/index.php?rest_route=\/wp\/v2\/pages\/46\/revisions\/1940"}],"wp:attachment":[{"href":"https:\/\/ofrendasfotograficas.net\/index.php?rest_route=%2Fwp%2Fv2%2Fmedia&parent=46"}],"curies":[{"name":"wp","href":"https:\/\/api.w.org\/{rel}","templated":true}]}}