{"id":50,"date":"2023-09-02T19:31:12","date_gmt":"2023-09-02T19:31:12","guid":{"rendered":"https:\/\/ofrendasfotograficas.net\/?page_id=50"},"modified":"2024-08-24T13:30:58","modified_gmt":"2024-08-24T13:30:58","slug":"interveciones","status":"publish","type":"page","link":"https:\/\/ofrendasfotograficas.net\/?page_id=50","title":{"rendered":"Acciones"},"content":{"rendered":"\t\t<div data-elementor-type=\"wp-page\" data-elementor-id=\"50\" class=\"elementor elementor-50\">\n\t\t\t\t\t\t\t\t\t<section class=\"elementor-section elementor-top-section elementor-element elementor-element-a1afde8 elementor-section-boxed elementor-section-height-default elementor-section-height-default\" data-id=\"a1afde8\" data-element_type=\"section\">\n\t\t\t\t\t\t<div class=\"elementor-container elementor-column-gap-default\">\n\t\t\t\t\t<div class=\"elementor-column elementor-col-100 elementor-top-column elementor-element elementor-element-a9b3218\" data-id=\"a9b3218\" data-element_type=\"column\">\n\t\t\t<div class=\"elementor-widget-wrap elementor-element-populated\">\n\t\t\t\t\t\t\t\t<div class=\"elementor-element elementor-element-bfa12a1 elementor-widget elementor-widget-text-editor\" data-id=\"bfa12a1\" data-element_type=\"widget\" data-widget_type=\"text-editor.default\">\n\t\t\t\t<div class=\"elementor-widget-container\">\n\t\t\t<style>\/*! elementor - v3.15.0 - 20-08-2023 *\/\n.elementor-widget-text-editor.elementor-drop-cap-view-stacked .elementor-drop-cap{background-color:#69727d;color:#fff}.elementor-widget-text-editor.elementor-drop-cap-view-framed .elementor-drop-cap{color:#69727d;border:3px solid;background-color:transparent}.elementor-widget-text-editor:not(.elementor-drop-cap-view-default) .elementor-drop-cap{margin-top:8px}.elementor-widget-text-editor:not(.elementor-drop-cap-view-default) .elementor-drop-cap-letter{width:1em;height:1em}.elementor-widget-text-editor .elementor-drop-cap{float:left;text-align:center;line-height:1;font-size:50px}.elementor-widget-text-editor .elementor-drop-cap-letter{display:inline-block}<\/style>\t\t\t\t<p>Se realizaron diversas acciones fotogr\u00e1ficas en el espacio p\u00fablico, buscando activar y sensibilizar a la comunidad acerca de la violencia de g\u00e9nero mediante estrategias visuales con un lenguaje pregnante y directo. Estas acciones fotogr\u00e1ficas fueron una instancia muy importante para el proyecto ya que implicaron el trabajo colectivo: pensar, producir, llegar a acuerdos para luego montar en grupo. Para acercarnos en profundidad al activismo fotogr\u00e1fico tuvimos una formaci\u00f3n el a\u00f1o 2015 con la artista Oriana Eli\u00e7abe que nos visit\u00f3 desde Barcelona para compartirnos su metodolog\u00eda de trabajo del Taller de Acci\u00f3n Fotogr\u00e1fica (TAF).<\/p>\t\t\t\t\t\t<\/div>\n\t\t\t\t<\/div>\n\t\t\t\t\t<\/div>\n\t\t<\/div>\n\t\t\t\t\t\t\t<\/div>\n\t\t<\/section>\n\t\t\t\t<section class=\"elementor-section elementor-top-section elementor-element elementor-element-8a16a01 elementor-section-boxed elementor-section-height-default elementor-section-height-default\" data-id=\"8a16a01\" data-element_type=\"section\">\n\t\t\t\t\t\t<div class=\"elementor-container elementor-column-gap-default\">\n\t\t\t\t\t<div class=\"elementor-column elementor-col-100 elementor-top-column elementor-element elementor-element-20d64d5\" data-id=\"20d64d5\" data-element_type=\"column\">\n\t\t\t<div class=\"elementor-widget-wrap elementor-element-populated\">\n\t\t\t\t\t\t\t\t<div class=\"elementor-element elementor-element-b6a7ebf elementor-widget elementor-widget-text-editor\" data-id=\"b6a7ebf\" data-element_type=\"widget\" data-widget_type=\"text-editor.default\">\n\t\t\t\t<div class=\"elementor-widget-container\">\n\t\t\t\t\t\t\t<p><a href=\"https:\/\/ofrendasfotograficas.net\/?page_id=1496https:\/\/ofrendasfotograficas.net\/?page_id=1496\">Copiap\u00f3<\/a> \/ <a href=\"https:\/\/ofrendasfotograficas.net\/?page_id=1467\">Curic\u00f3<\/a> \/ <a href=\"https:\/\/ofrendasfotograficas.net\/?page_id=1511\">8M Santiago<\/a> \/ <a href=\"https:\/\/ofrendasfotograficas.net\/?page_id=753\">Villa Grimaldi<\/a> \/ <a href=\"https:\/\/ofrendasfotograficas.net\/?page_id=951\">Taller TAF<\/a> \/ <a href=\"https:\/\/ofrendasfotograficas.net\/?page_id=1451\">Tropiconce<\/a><\/p>\t\t\t\t\t\t<\/div>\n\t\t\t\t<\/div>\n\t\t\t\t\t<\/div>\n\t\t<\/div>\n\t\t\t\t\t\t\t<\/div>\n\t\t<\/section>\n\t\t\t\t<section class=\"elementor-section elementor-top-section elementor-element elementor-element-7f4f592 elementor-section-boxed elementor-section-height-default elementor-section-height-default\" data-id=\"7f4f592\" data-element_type=\"section\">\n\t\t\t\t\t\t<div class=\"elementor-container elementor-column-gap-default\">\n\t\t\t\t\t<div class=\"elementor-column elementor-col-100 elementor-top-column elementor-element elementor-element-1e152bc\" data-id=\"1e152bc\" data-element_type=\"column\">\n\t\t\t<div class=\"elementor-widget-wrap elementor-element-populated\">\n\t\t\t\t\t\t\t\t<div class=\"elementor-element elementor-element-d8b7c37 elementor-widget elementor-widget-image\" data-id=\"d8b7c37\" data-element_type=\"widget\" data-widget_type=\"image.default\">\n\t\t\t\t<div class=\"elementor-widget-container\">\n\t\t\t<style>\/*! elementor - v3.15.0 - 20-08-2023 *\/\n.elementor-widget-image{text-align:center}.elementor-widget-image a{display:inline-block}.elementor-widget-image a img[src$=\".svg\"]{width:48px}.elementor-widget-image img{vertical-align:middle;display:inline-block}<\/style>\t\t\t\t\t\t\t\t\t\t\t\t<img decoding=\"async\" width=\"950\" height=\"635\" src=\"https:\/\/ofrendasfotograficas.net\/wp-content\/uploads\/2024\/07\/Portada-acciones-1024x684.jpg\" class=\"attachment-large size-large wp-image-1962\" alt=\"Sobre unas lanas de diferentes colores, atadas a un \u00e1rbol por la izquierda y a unos arbustos por la derecha, sostienen un lienzo con una frase bordada en color morado que dice: \u201cLa mat\u00e9 porque era m\u00eda\u201d. Todo alrededor es pasto verde.\" loading=\"lazy\" srcset=\"https:\/\/ofrendasfotograficas.net\/wp-content\/uploads\/2024\/07\/Portada-acciones-1024x684.jpg 1024w, https:\/\/ofrendasfotograficas.net\/wp-content\/uploads\/2024\/07\/Portada-acciones-300x200.jpg 300w, https:\/\/ofrendasfotograficas.net\/wp-content\/uploads\/2024\/07\/Portada-acciones-768x513.jpg 768w, https:\/\/ofrendasfotograficas.net\/wp-content\/uploads\/2024\/07\/Portada-acciones-1536x1026.jpg 1536w, https:\/\/ofrendasfotograficas.net\/wp-content\/uploads\/2024\/07\/Portada-acciones-600x401.jpg 600w, https:\/\/ofrendasfotograficas.net\/wp-content\/uploads\/2024\/07\/Portada-acciones-1200x801.jpg 1200w, https:\/\/ofrendasfotograficas.net\/wp-content\/uploads\/2024\/07\/Portada-acciones.jpg 1980w\" sizes=\"100vw\" \/>\t\t\t\t\t\t\t\t\t\t\t\t\t\t\t<\/div>\n\t\t\t\t<\/div>\n\t\t\t\t\t<\/div>\n\t\t<\/div>\n\t\t\t\t\t\t\t<\/div>\n\t\t<\/section>\n\t\t\t\t<section class=\"elementor-section elementor-top-section elementor-element elementor-element-4abae67 elementor-section-boxed elementor-section-height-default elementor-section-height-default\" data-id=\"4abae67\" data-element_type=\"section\">\n\t\t\t\t\t\t<div class=\"elementor-container elementor-column-gap-default\">\n\t\t\t\t\t<div class=\"elementor-column elementor-col-100 elementor-top-column elementor-element elementor-element-dfe5409\" data-id=\"dfe5409\" data-element_type=\"column\">\n\t\t\t<div class=\"elementor-widget-wrap elementor-element-populated\">\n\t\t\t\t\t\t\t\t<div class=\"elementor-element elementor-element-70e7ea6 elementor-widget elementor-widget-text-editor\" data-id=\"70e7ea6\" data-element_type=\"widget\" data-widget_type=\"text-editor.default\">\n\t\t\t\t<div class=\"elementor-widget-container\">\n\t\t\t\t\t\t\t<p>\u00a0<\/p><p>\u00a0<\/p>\t\t\t\t\t\t<\/div>\n\t\t\t\t<\/div>\n\t\t\t\t\t<\/div>\n\t\t<\/div>\n\t\t\t\t\t\t\t<\/div>\n\t\t<\/section>\n\t\t\t\t\t\t\t<\/div>\n\t\t","protected":false},"excerpt":{"rendered":"<p>Se realizaron diversas acciones fotogr\u00e1ficas en el espacio p\u00fablico, buscando activar y sensibilizar a la comunidad acerca de la violencia de g\u00e9nero mediante estrategias visuales con un lenguaje pregnante y directo. Estas acciones fotogr\u00e1ficas fueron una instancia muy importante para el proyecto ya que implicaron el trabajo colectivo: pensar, producir, llegar a acuerdos para luego &hellip; <\/p>\n<p class=\"link-more\"><a href=\"https:\/\/ofrendasfotograficas.net\/?page_id=50\" class=\"more-link\">Leer m\u00e1s<span class=\"screen-reader-text\"> \u00abAcciones\u00bb<\/span><\/a><\/p>\n","protected":false},"author":1,"featured_media":0,"parent":0,"menu_order":0,"comment_status":"closed","ping_status":"closed","template":"","meta":[],"featured_media_urls":[],"_links":{"self":[{"href":"https:\/\/ofrendasfotograficas.net\/index.php?rest_route=\/wp\/v2\/pages\/50"}],"collection":[{"href":"https:\/\/ofrendasfotograficas.net\/index.php?rest_route=\/wp\/v2\/pages"}],"about":[{"href":"https:\/\/ofrendasfotograficas.net\/index.php?rest_route=\/wp\/v2\/types\/page"}],"author":[{"embeddable":true,"href":"https:\/\/ofrendasfotograficas.net\/index.php?rest_route=\/wp\/v2\/users\/1"}],"replies":[{"embeddable":true,"href":"https:\/\/ofrendasfotograficas.net\/index.php?rest_route=%2Fwp%2Fv2%2Fcomments&post=50"}],"version-history":[{"count":30,"href":"https:\/\/ofrendasfotograficas.net\/index.php?rest_route=\/wp\/v2\/pages\/50\/revisions"}],"predecessor-version":[{"id":2126,"href":"https:\/\/ofrendasfotograficas.net\/index.php?rest_route=\/wp\/v2\/pages\/50\/revisions\/2126"}],"wp:attachment":[{"href":"https:\/\/ofrendasfotograficas.net\/index.php?rest_route=%2Fwp%2Fv2%2Fmedia&parent=50"}],"curies":[{"name":"wp","href":"https:\/\/api.w.org\/{rel}","templated":true}]}}