{"id":514,"date":"2023-09-12T18:44:16","date_gmt":"2023-09-12T18:44:16","guid":{"rendered":"https:\/\/ofrendasfotograficas.net\/?page_id=514"},"modified":"2024-07-31T17:54:27","modified_gmt":"2024-07-31T17:54:27","slug":"ofrendas-fotograficas","status":"publish","type":"page","link":"https:\/\/ofrendasfotograficas.net\/","title":{"rendered":"Ofrendas Fotogr\u00e1ficas"},"content":{"rendered":"\t\t<div data-elementor-type=\"wp-page\" data-elementor-id=\"514\" class=\"elementor elementor-514\">\n\t\t\t\t\t\t\t\t\t<section class=\"elementor-section elementor-top-section elementor-element elementor-element-e1d18cb elementor-section-boxed elementor-section-height-default elementor-section-height-default\" data-id=\"e1d18cb\" data-element_type=\"section\">\n\t\t\t\t\t\t<div class=\"elementor-container elementor-column-gap-default\">\n\t\t\t\t\t<div class=\"elementor-column elementor-col-100 elementor-top-column elementor-element elementor-element-9e35211\" data-id=\"9e35211\" data-element_type=\"column\">\n\t\t\t<div class=\"elementor-widget-wrap elementor-element-populated\">\n\t\t\t\t\t\t\t\t<div class=\"elementor-element elementor-element-3280bdc elementor-widget elementor-widget-text-editor\" data-id=\"3280bdc\" data-element_type=\"widget\" data-widget_type=\"text-editor.default\">\n\t\t\t\t<div class=\"elementor-widget-container\">\n\t\t\t<style>\/*! elementor - v3.15.0 - 20-08-2023 *\/\n.elementor-widget-text-editor.elementor-drop-cap-view-stacked .elementor-drop-cap{background-color:#69727d;color:#fff}.elementor-widget-text-editor.elementor-drop-cap-view-framed .elementor-drop-cap{color:#69727d;border:3px solid;background-color:transparent}.elementor-widget-text-editor:not(.elementor-drop-cap-view-default) .elementor-drop-cap{margin-top:8px}.elementor-widget-text-editor:not(.elementor-drop-cap-view-default) .elementor-drop-cap-letter{width:1em;height:1em}.elementor-widget-text-editor .elementor-drop-cap{float:left;text-align:center;line-height:1;font-size:50px}.elementor-widget-text-editor .elementor-drop-cap-letter{display:inline-block}<\/style>\t\t\t\t<p>\u201cOfrendas fotogr\u00e1ficas contra el Femicidio\u201d es una propuesta gestada el a\u00f1o 2015 por las artistas visuales Andrea Herrera Poblete y Gabriela Rivera Lucero, qui\u00e9nes convocan a reconocidas fot\u00f3grafas nacionales para reflexionar y crear obra de manera individual y colectiva en torno a la violencia de g\u00e9nero en Chile, sus dimensiones e impactos pol\u00edticos y sociales. Las artistas participantes son: P\u00eda Acu\u00f1a Molina, Marcela Bruna Castro, Mariana Gallardo Klein, Zaida Gonz\u00e1lez R\u00edos, Andrea Herrera Poblete, Kena Lorenzini Lorenzini, Sumiko Muray Prado, Macarena Pe\u00f1aloza Villarroel, Ximena Riffo Pi\u00f1a, Gabriela Rivera Lucero y Jocelyne Rodr\u00edguez Droguett. El proceso de creaci\u00f3n de obras cont\u00f3 con el acompa\u00f1amiento curatorial de Mane Adaro.<\/p>\t\t\t\t\t\t<\/div>\n\t\t\t\t<\/div>\n\t\t\t\t\t<\/div>\n\t\t<\/div>\n\t\t\t\t\t\t\t<\/div>\n\t\t<\/section>\n\t\t\t\t<section class=\"elementor-section elementor-top-section elementor-element elementor-element-53d18d8 elementor-section-boxed elementor-section-height-default elementor-section-height-default\" data-id=\"53d18d8\" data-element_type=\"section\">\n\t\t\t\t\t\t<div class=\"elementor-container elementor-column-gap-default\">\n\t\t\t\t\t<div class=\"elementor-column elementor-col-100 elementor-top-column elementor-element elementor-element-626699f\" data-id=\"626699f\" data-element_type=\"column\">\n\t\t\t<div class=\"elementor-widget-wrap elementor-element-populated\">\n\t\t\t\t\t\t\t\t<div class=\"elementor-element elementor-element-583b908 elementor-widget elementor-widget-text-editor\" data-id=\"583b908\" data-element_type=\"widget\" data-widget_type=\"text-editor.default\">\n\t\t\t\t<div class=\"elementor-widget-container\">\n\t\t\t\t\t\t\t<h3>Fotolibro Ofrendas fotogr\u00e1ficas contra el femicidio<\/h3>\t\t\t\t\t\t<\/div>\n\t\t\t\t<\/div>\n\t\t\t\t\t<\/div>\n\t\t<\/div>\n\t\t\t\t\t\t\t<\/div>\n\t\t<\/section>\n\t\t\t\t<section class=\"elementor-section elementor-top-section elementor-element elementor-element-e6f3988 elementor-section-boxed elementor-section-height-default elementor-section-height-default\" data-id=\"e6f3988\" data-element_type=\"section\">\n\t\t\t\t\t\t<div class=\"elementor-container elementor-column-gap-default\">\n\t\t\t\t\t<div class=\"elementor-column elementor-col-100 elementor-top-column elementor-element elementor-element-e05a957\" data-id=\"e05a957\" data-element_type=\"column\">\n\t\t\t<div class=\"elementor-widget-wrap elementor-element-populated\">\n\t\t\t\t\t\t\t\t<div class=\"elementor-element elementor-element-9b88fb9 elementor-widget elementor-widget-text-editor\" data-id=\"9b88fb9\" data-element_type=\"widget\" data-widget_type=\"text-editor.default\">\n\t\t\t\t<div class=\"elementor-widget-container\">\n\t\t\t\t\t\t\t<p>Este proyecto incluy\u00f3 la edici\u00f3n de un fotolibro que re\u00fane las obras, biograf\u00edas, texto curatorial y escritos inspirados en la producci\u00f3n colectiva, el an\u00e1lisis de obras relacionadas con la violencia ejercida en dictadura contra las mujeres y la importancia de las acciones colectivas realizadas en diferentes regiones de Chile.\u00a0<\/p>\n<p>Agradecemos a todas y todos quienes nos apoyaron para poder presentarnos en las ciudades de Concepci\u00f3n y Santiago.<\/p>\t\t\t\t\t\t<\/div>\n\t\t\t\t<\/div>\n\t\t\t\t\t<\/div>\n\t\t<\/div>\n\t\t\t\t\t\t\t<\/div>\n\t\t<\/section>\n\t\t\t\t<section class=\"elementor-section elementor-top-section elementor-element elementor-element-587bcf55 elementor-section-boxed elementor-section-height-default elementor-section-height-default\" data-id=\"587bcf55\" data-element_type=\"section\">\n\t\t\t\t\t\t<div class=\"elementor-container elementor-column-gap-default\">\n\t\t\t\t\t<div class=\"elementor-column elementor-col-100 elementor-top-column elementor-element elementor-element-5cc12a3f\" data-id=\"5cc12a3f\" data-element_type=\"column\">\n\t\t\t<div class=\"elementor-widget-wrap elementor-element-populated\">\n\t\t\t\t\t\t\t\t<div class=\"elementor-element elementor-element-3cc6576d elementor-widget elementor-widget-text-editor\" data-id=\"3cc6576d\" data-element_type=\"widget\" data-widget_type=\"text-editor.default\">\n\t\t\t\t<div class=\"elementor-widget-container\">\n\t\t\t\t\t\t\t<!-- wp:shortcode -->\n<div class=\"_3d-flip-book  fb3d-fullscreen-mode full-size\" data-id=\"504\" data-mode=\"fullscreen\" data-title=\"false\" data-template=\"short-white-book-view\" data-lightbox=\"dark-shadow\" data-urlparam=\"fb3d-page\" data-page-n=\"0\" data-pdf=\"\" data-tax=\"null\" data-thumbnail=\"\" data-cols=\"3\" data-book-template=\"default\"><\/div><script type=\"text\/javascript\">window.FB3D_CLIENT_DATA = window.FB3D_CLIENT_DATA || [];window.FB3D_CLIENT_DATA.push('eyJwb3N0cyI6eyI1MDQiOnsiSUQiOjUwNCwidGl0bGUiOiJGb3RvbGlicm8gT2ZyZW5kYXMgZm90b2dyXHUwMGUxZmljYXMgY29udHJhIGVsIGZlbWljaWRpbyIsInR5cGUiOiJwZGYiLCJyZWFkeV9mdW5jdGlvbiI6IiIsImJvb2tfc3R5bGUiOiJ2b2x1bWUiLCJib29rX3RlbXBsYXRlIjoibm9uZSIsIm91dGxpbmUiOltdLCJkYXRhIjp7InBvc3RfSUQiOiI1MDciLCJndWlkIjoiaHR0cDpcL1wvb2ZyZW5kYXNmb3RvZ3JhZmljYXMubmV0XC93cC1jb250ZW50XC91cGxvYWRzXC8yMDIzXC8wOVwvb2ZyZW5kYXMtbGlicm8tUjEwX21lcmdlZF9jb21wcmVzc2VkLTEucGRmIiwicGRmX3BhZ2VzIjoiODgiLCJwYWdlc19jdXN0b21pemF0aW9uIjoibm9uZSJ9LCJ0aHVtYm5haWwiOnsiZGF0YSI6eyJwb3N0X0lEIjoiMCJ9LCJ0eXBlIjoiYXV0byJ9LCJwcm9wcyI6eyJiYWNrZ3JvdW5kQ29sb3IiOiJhdXRvIiwiYmFja2dyb3VuZEltYWdlIjoiYXV0byIsImJhY2tncm91bmRTdHlsZSI6ImF1dG8iLCJoaWdobGlnaHRMaW5rcyI6ImF1dG8iLCJsaWdodGluZyI6ImF1dG8iLCJjYWNoZWRQYWdlcyI6ImF1dG8iLCJyZW5kZXJJbmFjdGl2ZVBhZ2VzIjoiYXV0byIsInJlbmRlckluYWN0aXZlUGFnZXNPbk1vYmlsZSI6ImF1dG8iLCJyZW5kZXJXaGlsZUZsaXBwaW5nIjoiYXV0byIsInByZWxvYWRQYWdlcyI6ImF1dG8iLCJhdXRvUGxheUR1cmF0aW9uIjoiYXV0byIsInJ0bCI6ImF1dG8iLCJpbnRlcmFjdGl2ZUNvcm5lcnMiOiJhdXRvIiwibWF4RGVwdGgiOiJhdXRvIiwic2hlZXQiOnsic3RhcnRWZWxvY2l0eSI6ImF1dG8iLCJ3YXZlIjoiYXV0byIsInNoYXBlIjoiYXV0byIsIndpZHRoVGV4ZWxzIjoiYXV0byIsImNvbG9yIjoiYXV0byIsInNpZGUiOiJhdXRvIiwiY29ybmVyRGV2aWF0aW9uIjoiYXV0byIsImZsZXhpYmlsaXR5IjoiYXV0byIsImZsZXhpYmxlQ29ybmVyIjoiYXV0byIsImJlbmRpbmciOiJhdXRvIiwiaGVpZ2h0VGV4ZWxzIjoiYXV0byJ9LCJjb3ZlciI6eyJ3YXZlIjoiYXV0byIsImNvbG9yIjoiYXV0byIsInNpZGUiOiJhdXRvIiwiYmluZGVyVGV4dHVyZSI6ImF1dG8iLCJkZXB0aCI6ImF1dG8iLCJwYWRkaW5nIjoiYXV0byIsInN0YXJ0VmVsb2NpdHkiOiJhdXRvIiwiZmxleGliaWxpdHkiOiJhdXRvIiwiZmxleGlibGVDb3JuZXIiOiJhdXRvIiwiYmVuZGluZyI6ImF1dG8iLCJ3aWR0aFRleGVscyI6ImF1dG8iLCJoZWlnaHRUZXhlbHMiOiJhdXRvIiwibWFzcyI6ImF1dG8iLCJzaGFwZSI6ImF1dG8ifSwicGFnZSI6eyJ3YXZlIjoiYXV0byIsImNvbG9yIjoiYXV0byIsInNpZGUiOiJhdXRvIiwiZGVwdGgiOiJhdXRvIiwic3RhcnRWZWxvY2l0eSI6ImF1dG8iLCJmbGV4aWJpbGl0eSI6ImF1dG8iLCJmbGV4aWJsZUNvcm5lciI6ImF1dG8iLCJiZW5kaW5nIjoiYXV0byIsIndpZHRoVGV4ZWxzIjoiYXV0byIsImhlaWdodFRleGVscyI6ImF1dG8iLCJtYXNzIjoiYXV0byIsInNoYXBlIjoiYXV0byJ9LCJoZWlnaHQiOiJhdXRvIiwid2lkdGgiOiJhdXRvIiwiZ3Jhdml0eSI6ImF1dG8iLCJwYWdlc0ZvclByZWRpY3RpbmciOiJhdXRvIn0sImNvbnRyb2xQcm9wcyI6eyJhY3Rpb25zIjp7ImNtZFRvYyI6eyJlbmFibGVkIjoiYXV0byIsImVuYWJsZWRJbk5hcnJvdyI6ImF1dG8iLCJhY3RpdmUiOiJhdXRvIiwiZGVmYXVsdFRhYiI6ImF1dG8ifSwiY21kQXV0b1BsYXkiOnsiZW5hYmxlZCI6ImF1dG8iLCJlbmFibGVkSW5OYXJyb3ciOiJhdXRvIiwiYWN0aXZlIjoiYXV0byJ9LCJjbWRTYXZlIjp7ImVuYWJsZWQiOiJhdXRvIiwiZW5hYmxlZEluTmFycm93IjoiYXV0byJ9LCJjbWRQcmludCI6eyJlbmFibGVkIjoiYXV0byIsImVuYWJsZWRJbk5hcnJvdyI6ImF1dG8ifSwiY21kU2luZ2xlUGFnZSI6eyJlbmFibGVkIjoiYXV0byIsImVuYWJsZWRJbk5hcnJvdyI6ImF1dG8iLCJhY3RpdmUiOiJhdXRvIiwiYWN0aXZlRm9yTW9iaWxlIjoiYXV0byJ9LCJ3aWRUb29sYmFyIjp7ImVuYWJsZWQiOiJhdXRvIiwiZW5hYmxlZEluTmFycm93IjoiYXV0byJ9fX0sImF1dG9UaHVtYm5haWwiOiJodHRwOlwvXC9vZnJlbmRhc2ZvdG9ncmFmaWNhcy5uZXRcL3dwLWNvbnRlbnRcL3VwbG9hZHNcLzNkLWZsaXAtYm9va1wvYXV0by10aHVtYm5haWxzXC81MDQucG5nIiwicG9zdF9uYW1lIjoiZm90b2xpYnJvLW9mcmVuZGFzLWZvdG9ncmFmaWNhcy1jb250cmEtZWwtZmVtaWNpZGlvIiwicG9zdF90eXBlIjoiM2QtZmxpcC1ib29rIn19LCJwYWdlcyI6W10sImZpcnN0UGFnZXMiOltdfQ==');window.FB3D_CLIENT_LOCALE && window.FB3D_CLIENT_LOCALE.render();<\/script>\n<!-- \/wp:shortcode -->\t\t\t\t\t\t<\/div>\n\t\t\t\t<\/div>\n\t\t\t\t\t<\/div>\n\t\t<\/div>\n\t\t\t\t\t\t\t<\/div>\n\t\t<\/section>\n\t\t\t\t<section class=\"elementor-section elementor-top-section elementor-element elementor-element-f04d94c elementor-section-boxed elementor-section-height-default elementor-section-height-default\" data-id=\"f04d94c\" data-element_type=\"section\">\n\t\t\t\t\t\t<div class=\"elementor-container elementor-column-gap-default\">\n\t\t\t\t\t<div class=\"elementor-column elementor-col-100 elementor-top-column elementor-element elementor-element-b0d9d94\" data-id=\"b0d9d94\" data-element_type=\"column\">\n\t\t\t<div class=\"elementor-widget-wrap elementor-element-populated\">\n\t\t\t\t\t\t\t\t<div class=\"elementor-element elementor-element-4dea701 elementor-align-center elementor-widget elementor-widget-button\" data-id=\"4dea701\" data-element_type=\"widget\" data-widget_type=\"button.default\">\n\t\t\t\t<div class=\"elementor-widget-container\">\n\t\t\t\t\t<div class=\"elementor-button-wrapper\">\n\t\t\t<a class=\"elementor-button elementor-button-link elementor-size-sm\" href=\"http:\/\/ofrendasfotograficas.net\/wp-content\/uploads\/2024\/07\/FotoLibro-Ofrendas.pdf\" target=\"_blank\">\n\t\t\t\t\t\t<span class=\"elementor-button-content-wrapper\">\n\t\t\t\t\t\t<span class=\"elementor-button-text\">descarga Fotolibro OFRENDAS<\/span>\n\t\t<\/span>\n\t\t\t\t\t<\/a>\n\t\t<\/div>\n\t\t\t\t<\/div>\n\t\t\t\t<\/div>\n\t\t\t\t\t<\/div>\n\t\t<\/div>\n\t\t\t\t\t\t\t<\/div>\n\t\t<\/section>\n\t\t\t\t<section class=\"elementor-section elementor-top-section elementor-element elementor-element-22f5b80 elementor-section-boxed elementor-section-height-default elementor-section-height-default\" data-id=\"22f5b80\" data-element_type=\"section\">\n\t\t\t\t\t\t<div class=\"elementor-container elementor-column-gap-default\">\n\t\t\t\t\t<div class=\"elementor-column elementor-col-100 elementor-top-column elementor-element elementor-element-4ab6571\" data-id=\"4ab6571\" data-element_type=\"column\">\n\t\t\t<div class=\"elementor-widget-wrap\">\n\t\t\t\t\t\t\t\t\t<\/div>\n\t\t<\/div>\n\t\t\t\t\t\t\t<\/div>\n\t\t<\/section>\n\t\t\t\t<section class=\"elementor-section elementor-top-section elementor-element elementor-element-5689c81 elementor-section-boxed elementor-section-height-default elementor-section-height-default\" data-id=\"5689c81\" data-element_type=\"section\">\n\t\t\t\t\t\t<div class=\"elementor-container elementor-column-gap-default\">\n\t\t\t\t\t<div class=\"elementor-column elementor-col-100 elementor-top-column elementor-element elementor-element-c825adc\" data-id=\"c825adc\" data-element_type=\"column\">\n\t\t\t<div class=\"elementor-widget-wrap elementor-element-populated\">\n\t\t\t\t\t\t\t\t<div class=\"elementor-element elementor-element-8dd6148 elementor-widget elementor-widget-image\" data-id=\"8dd6148\" data-element_type=\"widget\" data-widget_type=\"image.default\">\n\t\t\t\t<div class=\"elementor-widget-container\">\n\t\t\t<style>\/*! elementor - v3.15.0 - 20-08-2023 *\/\n.elementor-widget-image{text-align:center}.elementor-widget-image a{display:inline-block}.elementor-widget-image a img[src$=\".svg\"]{width:48px}.elementor-widget-image img{vertical-align:middle;display:inline-block}<\/style>\t\t\t\t\t\t\t\t\t\t\t\t<img decoding=\"async\" width=\"683\" height=\"1024\" src=\"https:\/\/ofrendasfotograficas.net\/wp-content\/uploads\/2024\/07\/collage-lanzamientos-ofrenda-683x1024.jpg\" class=\"attachment-large size-large wp-image-1630\" alt=\"Collage de fotograf\u00edas cuadradas, verticales y horizontales de diferentes lanzamientos del fotolibro Ofrendas Fotogr\u00e1ficas. En algunas aparecen artistas y curadora hablando en una mesa y en otras p\u00fablico asistente, en su mayor\u00eda mujeres. Este collage tiene algunas fotos en blanco y negro y otras con tonos verdes, fucsias y violeta.\" loading=\"lazy\" srcset=\"https:\/\/ofrendasfotograficas.net\/wp-content\/uploads\/2024\/07\/collage-lanzamientos-ofrenda-683x1024.jpg 683w, https:\/\/ofrendasfotograficas.net\/wp-content\/uploads\/2024\/07\/collage-lanzamientos-ofrenda-200x300.jpg 200w, https:\/\/ofrendasfotograficas.net\/wp-content\/uploads\/2024\/07\/collage-lanzamientos-ofrenda-768x1152.jpg 768w, https:\/\/ofrendasfotograficas.net\/wp-content\/uploads\/2024\/07\/collage-lanzamientos-ofrenda-1024x1536.jpg 1024w, https:\/\/ofrendasfotograficas.net\/wp-content\/uploads\/2024\/07\/collage-lanzamientos-ofrenda-1365x2048.jpg 1365w, https:\/\/ofrendasfotograficas.net\/wp-content\/uploads\/2024\/07\/collage-lanzamientos-ofrenda-600x900.jpg 600w, https:\/\/ofrendasfotograficas.net\/wp-content\/uploads\/2024\/07\/collage-lanzamientos-ofrenda-1200x1800.jpg 1200w, https:\/\/ofrendasfotograficas.net\/wp-content\/uploads\/2024\/07\/collage-lanzamientos-ofrenda-scaled.jpg 1706w\" sizes=\"100vw\" \/>\t\t\t\t\t\t\t\t\t\t\t\t\t\t\t<\/div>\n\t\t\t\t<\/div>\n\t\t\t\t\t<\/div>\n\t\t<\/div>\n\t\t\t\t\t\t\t<\/div>\n\t\t<\/section>\n\t\t\t\t<section class=\"elementor-section elementor-top-section elementor-element elementor-element-6ebd335 elementor-section-boxed elementor-section-height-default elementor-section-height-default\" data-id=\"6ebd335\" data-element_type=\"section\">\n\t\t\t\t\t\t<div class=\"elementor-container elementor-column-gap-default\">\n\t\t\t\t\t<div class=\"elementor-column elementor-col-100 elementor-top-column elementor-element elementor-element-1c49be0\" data-id=\"1c49be0\" data-element_type=\"column\">\n\t\t\t<div class=\"elementor-widget-wrap elementor-element-populated\">\n\t\t\t\t\t\t\t\t<div class=\"elementor-element elementor-element-47cd380 elementor-widget elementor-widget-text-editor\" data-id=\"47cd380\" data-element_type=\"widget\" data-widget_type=\"text-editor.default\">\n\t\t\t\t<div class=\"elementor-widget-container\">\n\t\t\t\t\t\t\t<p>Collage de registro de lanzamientos del fotolibro realizados en el a\u00f1o 2016 en\u00a0 Archivo Nacional (Santiago), Zagu\u00e1n. Arte y Libros (Concepci\u00f3n) y Museo Nacional de Bellas Artes (Santiago).<\/p>\n<p>\u00a0<\/p>\t\t\t\t\t\t<\/div>\n\t\t\t\t<\/div>\n\t\t\t\t\t<\/div>\n\t\t<\/div>\n\t\t\t\t\t\t\t<\/div>\n\t\t<\/section>\n\t\t\t\t<section class=\"elementor-section elementor-top-section elementor-element elementor-element-10f86fc elementor-section-boxed elementor-section-height-default elementor-section-height-default\" data-id=\"10f86fc\" data-element_type=\"section\">\n\t\t\t\t\t\t<div class=\"elementor-container elementor-column-gap-default\">\n\t\t\t\t\t<div class=\"elementor-column elementor-col-100 elementor-top-column elementor-element elementor-element-8c9d5fe\" data-id=\"8c9d5fe\" data-element_type=\"column\">\n\t\t\t<div class=\"elementor-widget-wrap elementor-element-populated\">\n\t\t\t\t\t\t\t\t<div class=\"elementor-element elementor-element-c2edaa2 elementor-widget elementor-widget-text-editor\" data-id=\"c2edaa2\" data-element_type=\"widget\" data-widget_type=\"text-editor.default\">\n\t\t\t\t<div class=\"elementor-widget-container\">\n\t\t\t\t\t\t\t<p><b>\u201cEn memoria de las mujeres y ni\u00f1as v\u00edctimas de la violencia patriarcal\u201d <\/b><\/p>\n<p>\u00a0<\/p>\n<p>\u00a0<\/p>\t\t\t\t\t\t<\/div>\n\t\t\t\t<\/div>\n\t\t\t\t\t<\/div>\n\t\t<\/div>\n\t\t\t\t\t\t\t<\/div>\n\t\t<\/section>\n\t\t\t\t\t\t\t<\/div>\n\t\t","protected":false},"excerpt":{"rendered":"<p>\u201cOfrendas fotogr\u00e1ficas contra el Femicidio\u201d es una propuesta gestada el a\u00f1o 2015 por las artistas visuales Andrea Herrera Poblete y Gabriela Rivera Lucero, qui\u00e9nes convocan a reconocidas fot\u00f3grafas nacionales para reflexionar y crear obra de manera individual y colectiva en torno a la violencia de g\u00e9nero en Chile, sus dimensiones e impactos pol\u00edticos y sociales. &hellip; <\/p>\n<p class=\"link-more\"><a href=\"https:\/\/ofrendasfotograficas.net\/\" class=\"more-link\">Leer m\u00e1s<span class=\"screen-reader-text\"> \u00abOfrendas Fotogr\u00e1ficas\u00bb<\/span><\/a><\/p>\n","protected":false},"author":1,"featured_media":0,"parent":0,"menu_order":0,"comment_status":"closed","ping_status":"closed","template":"","meta":[],"featured_media_urls":[],"_links":{"self":[{"href":"https:\/\/ofrendasfotograficas.net\/index.php?rest_route=\/wp\/v2\/pages\/514"}],"collection":[{"href":"https:\/\/ofrendasfotograficas.net\/index.php?rest_route=\/wp\/v2\/pages"}],"about":[{"href":"https:\/\/ofrendasfotograficas.net\/index.php?rest_route=\/wp\/v2\/types\/page"}],"author":[{"embeddable":true,"href":"https:\/\/ofrendasfotograficas.net\/index.php?rest_route=\/wp\/v2\/users\/1"}],"replies":[{"embeddable":true,"href":"https:\/\/ofrendasfotograficas.net\/index.php?rest_route=%2Fwp%2Fv2%2Fcomments&post=514"}],"version-history":[{"count":54,"href":"https:\/\/ofrendasfotograficas.net\/index.php?rest_route=\/wp\/v2\/pages\/514\/revisions"}],"predecessor-version":[{"id":2009,"href":"https:\/\/ofrendasfotograficas.net\/index.php?rest_route=\/wp\/v2\/pages\/514\/revisions\/2009"}],"wp:attachment":[{"href":"https:\/\/ofrendasfotograficas.net\/index.php?rest_route=%2Fwp%2Fv2%2Fmedia&parent=514"}],"curies":[{"name":"wp","href":"https:\/\/api.w.org\/{rel}","templated":true}]}}