{"id":569,"date":"2024-07-02T16:38:12","date_gmt":"2024-07-02T16:38:12","guid":{"rendered":"https:\/\/ofrendasfotograficas.net\/?page_id=569"},"modified":"2024-08-21T16:33:15","modified_gmt":"2024-08-21T16:33:15","slug":"marcela-bruna-castro","status":"publish","type":"page","link":"https:\/\/ofrendasfotograficas.net\/?page_id=569","title":{"rendered":"Marcela Bruna Castro"},"content":{"rendered":"\t\t<div data-elementor-type=\"wp-page\" data-elementor-id=\"569\" class=\"elementor elementor-569\">\n\t\t\t\t\t\t\t\t\t<section class=\"elementor-section elementor-top-section elementor-element elementor-element-9172bc1 elementor-section-boxed elementor-section-height-default elementor-section-height-default\" data-id=\"9172bc1\" data-element_type=\"section\">\n\t\t\t\t\t\t<div class=\"elementor-container elementor-column-gap-default\">\n\t\t\t\t\t<div class=\"elementor-column elementor-col-100 elementor-top-column elementor-element elementor-element-d6d4afe\" data-id=\"d6d4afe\" data-element_type=\"column\">\n\t\t\t<div class=\"elementor-widget-wrap elementor-element-populated\">\n\t\t\t\t\t\t\t\t<div class=\"elementor-element elementor-element-6685e3e elementor-widget elementor-widget-video\" data-id=\"6685e3e\" data-element_type=\"widget\" data-settings=\"{&quot;youtube_url&quot;:&quot;https:\\\/\\\/youtu.be\\\/opq5fkt5OZk&quot;,&quot;video_type&quot;:&quot;youtube&quot;,&quot;controls&quot;:&quot;yes&quot;}\" data-widget_type=\"video.default\">\n\t\t\t\t<div class=\"elementor-widget-container\">\n\t\t\t<style>\/*! elementor - v3.15.0 - 20-08-2023 *\/\n.elementor-widget-video .elementor-widget-container{overflow:hidden;transform:translateZ(0)}.elementor-widget-video .elementor-wrapper{aspect-ratio:var(--video-aspect-ratio)}.elementor-widget-video .elementor-wrapper iframe,.elementor-widget-video .elementor-wrapper video{height:100%;width:100%;display:flex;border:none;background-color:#000}@supports not (aspect-ratio:1\/1){.elementor-widget-video .elementor-wrapper{position:relative;overflow:hidden;height:0;padding-bottom:calc(100% \/ var(--video-aspect-ratio))}.elementor-widget-video .elementor-wrapper iframe,.elementor-widget-video .elementor-wrapper video{position:absolute;top:0;right:0;bottom:0;left:0}}.elementor-widget-video .elementor-open-inline .elementor-custom-embed-image-overlay{position:absolute;top:0;right:0;bottom:0;left:0;background-size:cover;background-position:50%}.elementor-widget-video .elementor-custom-embed-image-overlay{cursor:pointer;text-align:center}.elementor-widget-video .elementor-custom-embed-image-overlay:hover .elementor-custom-embed-play i{opacity:1}.elementor-widget-video .elementor-custom-embed-image-overlay img{display:block;width:100%;aspect-ratio:var(--video-aspect-ratio);-o-object-fit:cover;object-fit:cover;-o-object-position:center center;object-position:center center}@supports not (aspect-ratio:1\/1){.elementor-widget-video .elementor-custom-embed-image-overlay{position:relative;overflow:hidden;height:0;padding-bottom:calc(100% \/ var(--video-aspect-ratio))}.elementor-widget-video .elementor-custom-embed-image-overlay img{position:absolute;top:0;right:0;bottom:0;left:0}}.elementor-widget-video .e-hosted-video .elementor-video{-o-object-fit:cover;object-fit:cover}.e-con-inner>.elementor-widget-video,.e-con>.elementor-widget-video{width:var(--container-widget-width);--flex-grow:var(--container-widget-flex-grow)}<\/style>\t\t<div class=\"elementor-wrapper elementor-open-inline\">\n\t\t\t<div class=\"elementor-video\"><\/div>\t\t<\/div>\n\t\t\t\t<\/div>\n\t\t\t\t<\/div>\n\t\t\t\t\t<\/div>\n\t\t<\/div>\n\t\t\t\t\t\t\t<\/div>\n\t\t<\/section>\n\t\t\t\t<section class=\"elementor-section elementor-top-section elementor-element elementor-element-0318e66 elementor-section-boxed elementor-section-height-default elementor-section-height-default\" data-id=\"0318e66\" data-element_type=\"section\">\n\t\t\t\t\t\t<div class=\"elementor-container elementor-column-gap-default\">\n\t\t\t\t\t<div class=\"elementor-column elementor-col-100 elementor-top-column elementor-element elementor-element-40362a1\" data-id=\"40362a1\" data-element_type=\"column\">\n\t\t\t<div class=\"elementor-widget-wrap elementor-element-populated\">\n\t\t\t\t\t\t\t\t<div class=\"elementor-element elementor-element-9c3eb3c elementor-widget elementor-widget-text-editor\" data-id=\"9c3eb3c\" data-element_type=\"widget\" data-widget_type=\"text-editor.default\">\n\t\t\t\t<div class=\"elementor-widget-container\">\n\t\t\t<style>\/*! elementor - v3.15.0 - 20-08-2023 *\/\n.elementor-widget-text-editor.elementor-drop-cap-view-stacked .elementor-drop-cap{background-color:#69727d;color:#fff}.elementor-widget-text-editor.elementor-drop-cap-view-framed .elementor-drop-cap{color:#69727d;border:3px solid;background-color:transparent}.elementor-widget-text-editor:not(.elementor-drop-cap-view-default) .elementor-drop-cap{margin-top:8px}.elementor-widget-text-editor:not(.elementor-drop-cap-view-default) .elementor-drop-cap-letter{width:1em;height:1em}.elementor-widget-text-editor .elementor-drop-cap{float:left;text-align:center;line-height:1;font-size:50px}.elementor-widget-text-editor .elementor-drop-cap-letter{display:inline-block}<\/style>\t\t\t\t<p>\u00a0<\/p><p>Fot\u00f3grafa y realizadora audiovisual, con estudios en Cine documental, Fotograf\u00eda y Artes Visuales, actualmente residente en la ciudad de Valdivia. Desde el a\u00f1o 2006 me he desempe\u00f1ado en diversas \u00e1reas de la fotograf\u00eda colaborando en medios de difusi\u00f3n nacionales e internacionales. En paralelo formo parte de las agrupaciones Cooperativa de Fot\u00f3grafas y Colectivo Las Ni\u00f1as, con las que he desarrollado actividades relacionadas a la gesti\u00f3n, como la coordinaci\u00f3n del Encuentro de Mujeres Fot\u00f3grafas FOCOM (2013-2015-2017); el desarrollo de proyectos de formaci\u00f3n y difusi\u00f3n, como Bit\u00e1cora de una Pandemia (2020-2022); y proyectos investigativos, como archivo \u201cHist\u00f3ricas\u201d (2019-2023).<\/p><p>Las tem\u00e1ticas que abordo en mi trabajo personal se relacionan con problem\u00e1ticas sociales y de g\u00e9nero, cuestionando temas vinculados al control y la normalizaci\u00f3n social, transitando por el cruce video\/fotograf\u00eda, documental\/ficci\u00f3n. A la vez me interesan los procesos colectivos, que tensionan los discursos de poder; llevando a expandir mis b\u00fasquedas a instancias creativas colaborativas, participando de diversos proyectos con estas caracter\u00edsticas, entre los que destacan \u201cHistorias hiladas\u201d y \u201cRa\u00edz, Manual de saberes\u201d.<\/p><p>En el \u00e1rea audiovisual mi vinculaci\u00f3n m\u00e1s formal al cine comienza el a\u00f1o 2017 cuando ingreso a Licenciatura en Cine documental. Actualmente me encuentro desarrollando una serie de cortometrajes que abordan la invisibilizaci\u00f3n de las mujeres en la historia de la fotograf\u00eda chilena a trav\u00e9s de las obras de 3 fot\u00f3grafas del siglo XX.<\/p><p><a href=\"https:\/\/www.marcelabruna.com\/\" target=\"_blank\" rel=\"noopener\">https:\/\/www.marcelabruna.com\/<\/a><\/p><p><a href=\"https:\/\/www.instagram.com\/bruna_foto\/\" target=\"_blank\" rel=\"noopener\">@bruna_foto<\/a><\/p>\t\t\t\t\t\t<\/div>\n\t\t\t\t<\/div>\n\t\t\t\t\t<\/div>\n\t\t<\/div>\n\t\t\t\t\t\t\t<\/div>\n\t\t<\/section>\n\t\t\t\t<section class=\"elementor-section elementor-top-section elementor-element elementor-element-477363f elementor-section-boxed elementor-section-height-default elementor-section-height-default\" data-id=\"477363f\" data-element_type=\"section\">\n\t\t\t\t\t\t<div class=\"elementor-container elementor-column-gap-default\">\n\t\t\t\t\t<div class=\"elementor-column elementor-col-100 elementor-top-column elementor-element elementor-element-d9f2b2e\" data-id=\"d9f2b2e\" data-element_type=\"column\">\n\t\t\t<div class=\"elementor-widget-wrap elementor-element-populated\">\n\t\t\t\t\t\t\t\t<div class=\"elementor-element elementor-element-2a6a8b1 elementor-widget elementor-widget-text-editor\" data-id=\"2a6a8b1\" data-element_type=\"widget\" data-widget_type=\"text-editor.default\">\n\t\t\t\t<div class=\"elementor-widget-container\">\n\t\t\t\t\t\t\t<p>\u00a0<\/p><p>\u00a0<\/p>\t\t\t\t\t\t<\/div>\n\t\t\t\t<\/div>\n\t\t\t\t\t<\/div>\n\t\t<\/div>\n\t\t\t\t\t\t\t<\/div>\n\t\t<\/section>\n\t\t\t\t\t\t\t<\/div>\n\t\t","protected":false},"excerpt":{"rendered":"<p>https:\/\/youtu.be\/opq5fkt5OZk \u00a0 Fot\u00f3grafa y realizadora audiovisual, con estudios en Cine documental, Fotograf\u00eda y Artes Visuales, actualmente residente en la ciudad de Valdivia. Desde el a\u00f1o 2006 me he desempe\u00f1ado en diversas \u00e1reas de la fotograf\u00eda colaborando en medios de difusi\u00f3n nacionales e internacionales. En paralelo formo parte de las agrupaciones Cooperativa de Fot\u00f3grafas y Colectivo &hellip; <\/p>\n<p class=\"link-more\"><a href=\"https:\/\/ofrendasfotograficas.net\/?page_id=569\" class=\"more-link\">Leer m\u00e1s<span class=\"screen-reader-text\"> \u00abMarcela Bruna Castro\u00bb<\/span><\/a><\/p>\n","protected":false},"author":1,"featured_media":0,"parent":0,"menu_order":0,"comment_status":"closed","ping_status":"closed","template":"","meta":[],"featured_media_urls":[],"_links":{"self":[{"href":"https:\/\/ofrendasfotograficas.net\/index.php?rest_route=\/wp\/v2\/pages\/569"}],"collection":[{"href":"https:\/\/ofrendasfotograficas.net\/index.php?rest_route=\/wp\/v2\/pages"}],"about":[{"href":"https:\/\/ofrendasfotograficas.net\/index.php?rest_route=\/wp\/v2\/types\/page"}],"author":[{"embeddable":true,"href":"https:\/\/ofrendasfotograficas.net\/index.php?rest_route=\/wp\/v2\/users\/1"}],"replies":[{"embeddable":true,"href":"https:\/\/ofrendasfotograficas.net\/index.php?rest_route=%2Fwp%2Fv2%2Fcomments&post=569"}],"version-history":[{"count":22,"href":"https:\/\/ofrendasfotograficas.net\/index.php?rest_route=\/wp\/v2\/pages\/569\/revisions"}],"predecessor-version":[{"id":2052,"href":"https:\/\/ofrendasfotograficas.net\/index.php?rest_route=\/wp\/v2\/pages\/569\/revisions\/2052"}],"wp:attachment":[{"href":"https:\/\/ofrendasfotograficas.net\/index.php?rest_route=%2Fwp%2Fv2%2Fmedia&parent=569"}],"curies":[{"name":"wp","href":"https:\/\/api.w.org\/{rel}","templated":true}]}}