{"id":579,"date":"2024-07-02T16:41:33","date_gmt":"2024-07-02T16:41:33","guid":{"rendered":"https:\/\/ofrendasfotograficas.net\/?page_id=579"},"modified":"2024-08-24T12:45:19","modified_gmt":"2024-08-24T12:45:19","slug":"zaida-gonzalez-rios","status":"publish","type":"page","link":"https:\/\/ofrendasfotograficas.net\/?page_id=579","title":{"rendered":"Zaida Gonz\u00e1lez R\u00edos"},"content":{"rendered":"\t\t<div data-elementor-type=\"wp-page\" data-elementor-id=\"579\" class=\"elementor elementor-579\">\n\t\t\t\t\t\t\t\t\t<section class=\"elementor-section elementor-top-section elementor-element elementor-element-3bdb71e elementor-section-boxed elementor-section-height-default elementor-section-height-default\" data-id=\"3bdb71e\" data-element_type=\"section\">\n\t\t\t\t\t\t<div class=\"elementor-container elementor-column-gap-default\">\n\t\t\t\t\t<div class=\"elementor-column elementor-col-100 elementor-top-column elementor-element elementor-element-7d5b4ec\" data-id=\"7d5b4ec\" data-element_type=\"column\">\n\t\t\t<div class=\"elementor-widget-wrap elementor-element-populated\">\n\t\t\t\t\t\t\t\t<div class=\"elementor-element elementor-element-62fe603 elementor-widget elementor-widget-video\" data-id=\"62fe603\" data-element_type=\"widget\" data-settings=\"{&quot;youtube_url&quot;:&quot;https:\\\/\\\/youtu.be\\\/iyDFIgiHngU&quot;,&quot;video_type&quot;:&quot;youtube&quot;,&quot;controls&quot;:&quot;yes&quot;}\" data-widget_type=\"video.default\">\n\t\t\t\t<div class=\"elementor-widget-container\">\n\t\t\t<style>\/*! elementor - v3.15.0 - 20-08-2023 *\/\n.elementor-widget-video .elementor-widget-container{overflow:hidden;transform:translateZ(0)}.elementor-widget-video .elementor-wrapper{aspect-ratio:var(--video-aspect-ratio)}.elementor-widget-video .elementor-wrapper iframe,.elementor-widget-video .elementor-wrapper video{height:100%;width:100%;display:flex;border:none;background-color:#000}@supports not (aspect-ratio:1\/1){.elementor-widget-video .elementor-wrapper{position:relative;overflow:hidden;height:0;padding-bottom:calc(100% \/ var(--video-aspect-ratio))}.elementor-widget-video .elementor-wrapper iframe,.elementor-widget-video .elementor-wrapper video{position:absolute;top:0;right:0;bottom:0;left:0}}.elementor-widget-video .elementor-open-inline .elementor-custom-embed-image-overlay{position:absolute;top:0;right:0;bottom:0;left:0;background-size:cover;background-position:50%}.elementor-widget-video .elementor-custom-embed-image-overlay{cursor:pointer;text-align:center}.elementor-widget-video .elementor-custom-embed-image-overlay:hover .elementor-custom-embed-play i{opacity:1}.elementor-widget-video .elementor-custom-embed-image-overlay img{display:block;width:100%;aspect-ratio:var(--video-aspect-ratio);-o-object-fit:cover;object-fit:cover;-o-object-position:center center;object-position:center center}@supports not (aspect-ratio:1\/1){.elementor-widget-video .elementor-custom-embed-image-overlay{position:relative;overflow:hidden;height:0;padding-bottom:calc(100% \/ var(--video-aspect-ratio))}.elementor-widget-video .elementor-custom-embed-image-overlay img{position:absolute;top:0;right:0;bottom:0;left:0}}.elementor-widget-video .e-hosted-video .elementor-video{-o-object-fit:cover;object-fit:cover}.e-con-inner>.elementor-widget-video,.e-con>.elementor-widget-video{width:var(--container-widget-width);--flex-grow:var(--container-widget-flex-grow)}<\/style>\t\t<div class=\"elementor-wrapper elementor-open-inline\">\n\t\t\t<div class=\"elementor-video\"><\/div>\t\t<\/div>\n\t\t\t\t<\/div>\n\t\t\t\t<\/div>\n\t\t\t\t\t<\/div>\n\t\t<\/div>\n\t\t\t\t\t\t\t<\/div>\n\t\t<\/section>\n\t\t\t\t<section class=\"elementor-section elementor-top-section elementor-element elementor-element-6e8dfe6 elementor-section-boxed elementor-section-height-default elementor-section-height-default\" data-id=\"6e8dfe6\" data-element_type=\"section\">\n\t\t\t\t\t\t<div class=\"elementor-container elementor-column-gap-default\">\n\t\t\t\t\t<div class=\"elementor-column elementor-col-100 elementor-top-column elementor-element elementor-element-e19182e\" data-id=\"e19182e\" data-element_type=\"column\">\n\t\t\t<div class=\"elementor-widget-wrap elementor-element-populated\">\n\t\t\t\t\t\t\t\t<div class=\"elementor-element elementor-element-7a5fbcf elementor-widget elementor-widget-text-editor\" data-id=\"7a5fbcf\" data-element_type=\"widget\" data-widget_type=\"text-editor.default\">\n\t\t\t\t<div class=\"elementor-widget-container\">\n\t\t\t<style>\/*! elementor - v3.15.0 - 20-08-2023 *\/\n.elementor-widget-text-editor.elementor-drop-cap-view-stacked .elementor-drop-cap{background-color:#69727d;color:#fff}.elementor-widget-text-editor.elementor-drop-cap-view-framed .elementor-drop-cap{color:#69727d;border:3px solid;background-color:transparent}.elementor-widget-text-editor:not(.elementor-drop-cap-view-default) .elementor-drop-cap{margin-top:8px}.elementor-widget-text-editor:not(.elementor-drop-cap-view-default) .elementor-drop-cap-letter{width:1em;height:1em}.elementor-widget-text-editor .elementor-drop-cap{float:left;text-align:center;line-height:1;font-size:50px}.elementor-widget-text-editor .elementor-drop-cap-letter{display:inline-block}<\/style>\t\t\t\t<p>\u00a0<\/p><p>Soy fot\u00f3grafa, me dedico a la docencia y a mi trabajo autoral.<\/p><p>Abarco tem\u00e1ticas sociales, pol\u00edticas y de g\u00e9nero a trav\u00e9s de la puesta en escena, con una est\u00e9tica popular latina y coloreado manual de fotograf\u00edas, por medio de modelos no modelos. He expuesto desde 1999 en diversas muestras colectivas e individuales tanto en Chile como en el extranjero.<\/p><p>Me he adjudicado en ocho oportunidades el Fondo Nacional de Desarrollo Cultural y las Artes (Fondart) en el \u00e1rea de fotograf\u00eda para la creaci\u00f3n y producci\u00f3n de proyectos autorales. Recib\u00ed el Premio Rodrigo Rojas De Negri el a\u00f1o 2012. Gan\u00e9 el premio a mejor artista joven en la IV Feria Internacional de Arte Contempor\u00e1neo ARTVILNIUS \u030113 de Lituania.<\/p><p>He publicado 9 fotolibros: \u201cLas Novias de Antonio\u201d (2009) editorial La Visita, \u201cRecu\u00e9rdame al morir con mi \u00faltimo latido\u201d (2010), \u201cZaida Gonz\u00e1lez De Guarda\u201d (2013), \u201cNi L\u00e1grimas Ni Culpa\u201d (2017) bajo edici\u00f3n independiente El Gato de la Acequia. \u201cEl Castigo\u201d y \u201cEl Cornudo\u201d (2014) Edici\u00f3n francesa Venus D\u00b4 Ailleurs, Par\u00eds. \u201cEl Juicio Final: Tarot Trans\u201d (2017) edici\u00f3n independiente Cuchillo Mundial, \u201cMis l\u00e1grimas se secan solas: Barroco popular disidente en las im\u00e1genes de Zaida Gonz\u00e1lez (2022) Libro investigaci\u00f3n realizado por lxs te\u00f3ricxs Eugenia Brito y Rolando B\u00e1ez. Actualmente me encuentro realizando el fotolibro \u201cJuan Loko de mi amor\u201d.<\/p><p><a href=\"https:\/\/www.instagram.com\/zaidagonzalezrios\/\" target=\"_blank\" rel=\"noopener\">@zaidagonzalezrios<\/a><\/p><p>\u00a0<\/p><p>\u00a0<\/p>\t\t\t\t\t\t<\/div>\n\t\t\t\t<\/div>\n\t\t\t\t\t<\/div>\n\t\t<\/div>\n\t\t\t\t\t\t\t<\/div>\n\t\t<\/section>\n\t\t\t\t\t\t\t<\/div>\n\t\t","protected":false},"excerpt":{"rendered":"<p>https:\/\/youtu.be\/iyDFIgiHngU \u00a0 Soy fot\u00f3grafa, me dedico a la docencia y a mi trabajo autoral. Abarco tem\u00e1ticas sociales, pol\u00edticas y de g\u00e9nero a trav\u00e9s de la puesta en escena, con una est\u00e9tica popular latina y coloreado manual de fotograf\u00edas, por medio de modelos no modelos. He expuesto desde 1999 en diversas muestras colectivas e individuales tanto &hellip; <\/p>\n<p class=\"link-more\"><a href=\"https:\/\/ofrendasfotograficas.net\/?page_id=579\" class=\"more-link\">Leer m\u00e1s<span class=\"screen-reader-text\"> \u00abZaida Gonz\u00e1lez R\u00edos\u00bb<\/span><\/a><\/p>\n","protected":false},"author":1,"featured_media":0,"parent":0,"menu_order":0,"comment_status":"closed","ping_status":"closed","template":"","meta":[],"featured_media_urls":[],"_links":{"self":[{"href":"https:\/\/ofrendasfotograficas.net\/index.php?rest_route=\/wp\/v2\/pages\/579"}],"collection":[{"href":"https:\/\/ofrendasfotograficas.net\/index.php?rest_route=\/wp\/v2\/pages"}],"about":[{"href":"https:\/\/ofrendasfotograficas.net\/index.php?rest_route=\/wp\/v2\/types\/page"}],"author":[{"embeddable":true,"href":"https:\/\/ofrendasfotograficas.net\/index.php?rest_route=\/wp\/v2\/users\/1"}],"replies":[{"embeddable":true,"href":"https:\/\/ofrendasfotograficas.net\/index.php?rest_route=%2Fwp%2Fv2%2Fcomments&post=579"}],"version-history":[{"count":28,"href":"https:\/\/ofrendasfotograficas.net\/index.php?rest_route=\/wp\/v2\/pages\/579\/revisions"}],"predecessor-version":[{"id":2108,"href":"https:\/\/ofrendasfotograficas.net\/index.php?rest_route=\/wp\/v2\/pages\/579\/revisions\/2108"}],"wp:attachment":[{"href":"https:\/\/ofrendasfotograficas.net\/index.php?rest_route=%2Fwp%2Fv2%2Fmedia&parent=579"}],"curies":[{"name":"wp","href":"https:\/\/api.w.org\/{rel}","templated":true}]}}