{"id":584,"date":"2024-07-02T16:43:04","date_gmt":"2024-07-02T16:43:04","guid":{"rendered":"https:\/\/ofrendasfotograficas.net\/?page_id=584"},"modified":"2024-08-24T12:49:01","modified_gmt":"2024-08-24T12:49:01","slug":"andrea-herrera-poblete","status":"publish","type":"page","link":"https:\/\/ofrendasfotograficas.net\/?page_id=584","title":{"rendered":"Andrea Herrera Poblete"},"content":{"rendered":"\t\t<div data-elementor-type=\"wp-page\" data-elementor-id=\"584\" class=\"elementor elementor-584\">\n\t\t\t\t\t\t\t\t\t<section class=\"elementor-section elementor-top-section elementor-element elementor-element-f5b643d elementor-section-boxed elementor-section-height-default elementor-section-height-default\" data-id=\"f5b643d\" data-element_type=\"section\">\n\t\t\t\t\t\t<div class=\"elementor-container elementor-column-gap-default\">\n\t\t\t\t\t<div class=\"elementor-column elementor-col-100 elementor-top-column elementor-element elementor-element-028a584\" data-id=\"028a584\" data-element_type=\"column\">\n\t\t\t<div class=\"elementor-widget-wrap elementor-element-populated\">\n\t\t\t\t\t\t\t\t<div class=\"elementor-element elementor-element-ba0a75a elementor-widget elementor-widget-video\" data-id=\"ba0a75a\" data-element_type=\"widget\" data-settings=\"{&quot;youtube_url&quot;:&quot;https:\\\/\\\/youtu.be\\\/XB72ud5oxRI&quot;,&quot;video_type&quot;:&quot;youtube&quot;,&quot;controls&quot;:&quot;yes&quot;}\" data-widget_type=\"video.default\">\n\t\t\t\t<div class=\"elementor-widget-container\">\n\t\t\t<style>\/*! elementor - v3.15.0 - 20-08-2023 *\/\n.elementor-widget-video .elementor-widget-container{overflow:hidden;transform:translateZ(0)}.elementor-widget-video .elementor-wrapper{aspect-ratio:var(--video-aspect-ratio)}.elementor-widget-video .elementor-wrapper iframe,.elementor-widget-video .elementor-wrapper video{height:100%;width:100%;display:flex;border:none;background-color:#000}@supports not (aspect-ratio:1\/1){.elementor-widget-video .elementor-wrapper{position:relative;overflow:hidden;height:0;padding-bottom:calc(100% \/ var(--video-aspect-ratio))}.elementor-widget-video .elementor-wrapper iframe,.elementor-widget-video .elementor-wrapper video{position:absolute;top:0;right:0;bottom:0;left:0}}.elementor-widget-video .elementor-open-inline .elementor-custom-embed-image-overlay{position:absolute;top:0;right:0;bottom:0;left:0;background-size:cover;background-position:50%}.elementor-widget-video .elementor-custom-embed-image-overlay{cursor:pointer;text-align:center}.elementor-widget-video .elementor-custom-embed-image-overlay:hover .elementor-custom-embed-play i{opacity:1}.elementor-widget-video .elementor-custom-embed-image-overlay img{display:block;width:100%;aspect-ratio:var(--video-aspect-ratio);-o-object-fit:cover;object-fit:cover;-o-object-position:center center;object-position:center center}@supports not (aspect-ratio:1\/1){.elementor-widget-video .elementor-custom-embed-image-overlay{position:relative;overflow:hidden;height:0;padding-bottom:calc(100% \/ var(--video-aspect-ratio))}.elementor-widget-video .elementor-custom-embed-image-overlay img{position:absolute;top:0;right:0;bottom:0;left:0}}.elementor-widget-video .e-hosted-video .elementor-video{-o-object-fit:cover;object-fit:cover}.e-con-inner>.elementor-widget-video,.e-con>.elementor-widget-video{width:var(--container-widget-width);--flex-grow:var(--container-widget-flex-grow)}<\/style>\t\t<div class=\"elementor-wrapper elementor-open-inline\">\n\t\t\t<div class=\"elementor-video\"><\/div>\t\t<\/div>\n\t\t\t\t<\/div>\n\t\t\t\t<\/div>\n\t\t\t\t\t<\/div>\n\t\t<\/div>\n\t\t\t\t\t\t\t<\/div>\n\t\t<\/section>\n\t\t\t\t<section class=\"elementor-section elementor-top-section elementor-element elementor-element-51c9a8b elementor-section-boxed elementor-section-height-default elementor-section-height-default\" data-id=\"51c9a8b\" data-element_type=\"section\">\n\t\t\t\t\t\t<div class=\"elementor-container elementor-column-gap-default\">\n\t\t\t\t\t<div class=\"elementor-column elementor-col-100 elementor-top-column elementor-element elementor-element-b3a61ec\" data-id=\"b3a61ec\" data-element_type=\"column\">\n\t\t\t<div class=\"elementor-widget-wrap elementor-element-populated\">\n\t\t\t\t\t\t\t\t<div class=\"elementor-element elementor-element-f66c9c1 elementor-widget elementor-widget-text-editor\" data-id=\"f66c9c1\" data-element_type=\"widget\" data-widget_type=\"text-editor.default\">\n\t\t\t\t<div class=\"elementor-widget-container\">\n\t\t\t<style>\/*! elementor - v3.15.0 - 20-08-2023 *\/\n.elementor-widget-text-editor.elementor-drop-cap-view-stacked .elementor-drop-cap{background-color:#69727d;color:#fff}.elementor-widget-text-editor.elementor-drop-cap-view-framed .elementor-drop-cap{color:#69727d;border:3px solid;background-color:transparent}.elementor-widget-text-editor:not(.elementor-drop-cap-view-default) .elementor-drop-cap{margin-top:8px}.elementor-widget-text-editor:not(.elementor-drop-cap-view-default) .elementor-drop-cap-letter{width:1em;height:1em}.elementor-widget-text-editor .elementor-drop-cap{float:left;text-align:center;line-height:1;font-size:50px}.elementor-widget-text-editor .elementor-drop-cap-letter{display:inline-block}<\/style>\t\t\t\t<p>\u00a0<\/p><p>Mi pr\u00e1ctica transita entre lo fotogr\u00e1fico y la creaci\u00f3n colectiva, procesos editoriales e investigaci\u00f3n con enfoque feminista. He realizado en los \u00faltimos a\u00f1os proyectos fotogr\u00e1ficos autorales y colectivos, principalmente procesos colaborativos, entre ellos \u201cOfrendas Fotogr\u00e1ficas contra el Femicidio\u201d y el mural fotogr\u00e1fico \u201cMujeres. Memorias. Resistencias, Visibilizando la Violencia Pol\u00edtica Sexual en Dictadura\u201d junto a Colectiva VAMP y Urdiendo Memorias. Soy integrante de la agrupaci\u00f3n Mesa8, Colectivo Caja de Cart\u00f3n y Cooperativa de Fot\u00f3grafas.<\/p><p>Comenc\u00e9 a aprender de otras mujeres sobre hierbas, plantas medicinales y saberes transmitidos oralmente en di\u00e1logos transgeneracionales. He impulsado proyectos colectivos sobre este universo entretejiendo la fotograf\u00eda con la investigaci\u00f3n y pr\u00e1cticas afectivas. Me gustar\u00eda destacar \u201cRa\u00edz. Manual de Saberes\u201d (2016), \u201cSa(b)ias. Intercambio de Saberes Herbales\u201d (junto a Jocelyne Rodr\u00edguez, 2023) y \u201cPlanteSorci\u00e8res \/ PlantasBrujas\u201d junto a Caterina Giansiracusa (Italia &#8211; Suiza &#8211; Chile).<\/p><p>En 2023 movilizamos junto a Colectivo Caja de Cart\u00f3n el proyecto \u201cVOLVER. Archivo Colaborativo de Memorias Visuales\u201d (www.archivovolver.cl) y \u201c50 a\u00f1os \/ 50 Acciones. Imaginando el Porvenir\u201d convocado por Mesa8, a ra\u00edz de los 50 a\u00f1os de la dictadura militar.<\/p><p>He participado en diversos encuentros, residencias y exhibiciones colectivas en Chile y el extranjero. Soy artista y fot\u00f3grafa, Licenciada en Artes Pl\u00e1sticas de la Universidad de Chile y Mag\u00edster en Arte y Esfera P\u00fablica (Edhea &#8211; Suiza). Vivo y trabajo entre las regiones chilenas de O\u2019Higgins y Biob\u00edo.<\/p><p><a href=\"http:\/\/www.andreahp.hotglue.me\" target=\"_blank\" rel=\"noopener\">www.andreahp.hotglue.me<\/a><br \/><a href=\"https:\/\/www.instagram.com\/andrea.herrera.poblete\/\" target=\"_blank\" rel=\"noopener\">@andrea.herrera.poblete<\/a><\/p><p>\u00a0<\/p><p>\u00a0<\/p>\t\t\t\t\t\t<\/div>\n\t\t\t\t<\/div>\n\t\t\t\t\t<\/div>\n\t\t<\/div>\n\t\t\t\t\t\t\t<\/div>\n\t\t<\/section>\n\t\t\t\t\t\t\t<\/div>\n\t\t","protected":false},"excerpt":{"rendered":"<p>https:\/\/youtu.be\/XB72ud5oxRI \u00a0 Mi pr\u00e1ctica transita entre lo fotogr\u00e1fico y la creaci\u00f3n colectiva, procesos editoriales e investigaci\u00f3n con enfoque feminista. He realizado en los \u00faltimos a\u00f1os proyectos fotogr\u00e1ficos autorales y colectivos, principalmente procesos colaborativos, entre ellos \u201cOfrendas Fotogr\u00e1ficas contra el Femicidio\u201d y el mural fotogr\u00e1fico \u201cMujeres. Memorias. Resistencias, Visibilizando la Violencia Pol\u00edtica Sexual en Dictadura\u201d junto &hellip; <\/p>\n<p class=\"link-more\"><a href=\"https:\/\/ofrendasfotograficas.net\/?page_id=584\" class=\"more-link\">Leer m\u00e1s<span class=\"screen-reader-text\"> \u00abAndrea Herrera Poblete\u00bb<\/span><\/a><\/p>\n","protected":false},"author":1,"featured_media":0,"parent":0,"menu_order":0,"comment_status":"closed","ping_status":"closed","template":"","meta":[],"featured_media_urls":[],"_links":{"self":[{"href":"https:\/\/ofrendasfotograficas.net\/index.php?rest_route=\/wp\/v2\/pages\/584"}],"collection":[{"href":"https:\/\/ofrendasfotograficas.net\/index.php?rest_route=\/wp\/v2\/pages"}],"about":[{"href":"https:\/\/ofrendasfotograficas.net\/index.php?rest_route=\/wp\/v2\/types\/page"}],"author":[{"embeddable":true,"href":"https:\/\/ofrendasfotograficas.net\/index.php?rest_route=\/wp\/v2\/users\/1"}],"replies":[{"embeddable":true,"href":"https:\/\/ofrendasfotograficas.net\/index.php?rest_route=%2Fwp%2Fv2%2Fcomments&post=584"}],"version-history":[{"count":19,"href":"https:\/\/ofrendasfotograficas.net\/index.php?rest_route=\/wp\/v2\/pages\/584\/revisions"}],"predecessor-version":[{"id":2117,"href":"https:\/\/ofrendasfotograficas.net\/index.php?rest_route=\/wp\/v2\/pages\/584\/revisions\/2117"}],"wp:attachment":[{"href":"https:\/\/ofrendasfotograficas.net\/index.php?rest_route=%2Fwp%2Fv2%2Fmedia&parent=584"}],"curies":[{"name":"wp","href":"https:\/\/api.w.org\/{rel}","templated":true}]}}