{"id":589,"date":"2024-07-02T16:45:27","date_gmt":"2024-07-02T16:45:27","guid":{"rendered":"https:\/\/ofrendasfotograficas.net\/?page_id=589"},"modified":"2024-07-31T18:07:26","modified_gmt":"2024-07-31T18:07:26","slug":"kena-lorenzini-lorenzini","status":"publish","type":"page","link":"https:\/\/ofrendasfotograficas.net\/?page_id=589","title":{"rendered":"Kena Lorenzini Lorenzini"},"content":{"rendered":"\t\t<div data-elementor-type=\"wp-page\" data-elementor-id=\"589\" class=\"elementor elementor-589\">\n\t\t\t\t\t\t\t\t\t<section class=\"elementor-section elementor-top-section elementor-element elementor-element-d1d2cb2 elementor-section-boxed elementor-section-height-default elementor-section-height-default\" data-id=\"d1d2cb2\" data-element_type=\"section\">\n\t\t\t\t\t\t<div class=\"elementor-container elementor-column-gap-default\">\n\t\t\t\t\t<div class=\"elementor-column elementor-col-100 elementor-top-column elementor-element elementor-element-6c4d762\" data-id=\"6c4d762\" data-element_type=\"column\">\n\t\t\t<div class=\"elementor-widget-wrap elementor-element-populated\">\n\t\t\t\t\t\t\t\t<div class=\"elementor-element elementor-element-d598093 elementor-widget elementor-widget-text-editor\" data-id=\"d598093\" data-element_type=\"widget\" data-widget_type=\"text-editor.default\">\n\t\t\t\t<div class=\"elementor-widget-container\">\n\t\t\t<style>\/*! elementor - v3.15.0 - 20-08-2023 *\/\n.elementor-widget-text-editor.elementor-drop-cap-view-stacked .elementor-drop-cap{background-color:#69727d;color:#fff}.elementor-widget-text-editor.elementor-drop-cap-view-framed .elementor-drop-cap{color:#69727d;border:3px solid;background-color:transparent}.elementor-widget-text-editor:not(.elementor-drop-cap-view-default) .elementor-drop-cap{margin-top:8px}.elementor-widget-text-editor:not(.elementor-drop-cap-view-default) .elementor-drop-cap-letter{width:1em;height:1em}.elementor-widget-text-editor .elementor-drop-cap{float:left;text-align:center;line-height:1;font-size:50px}.elementor-widget-text-editor .elementor-drop-cap-letter{display:inline-block}<\/style>\t\t\t\t<p>Me inici\u00e9 en la fotograf\u00eda como Reportera Gr\u00e1fica en semanarios opositores a la Dictadura C\u00edvico Militar para las revistas HOY y AN\u00c1LISIS. En el retorno a la democracia trabaj\u00e9 como fot\u00f3grafa en el Ministerio Secretar\u00eda de Gobierno.<\/p><p>En 1983 ingres\u00e9 a la Agrupaci\u00f3n de Mujeres por la Vida iniciando un activismo en DDHH y feminista desde lo fotogr\u00e1fico. Cuento con un amplio archivo fotogr\u00e1fico sobre las actividades del Movimiento Feminista. Hoy d\u00eda lo sigue implementando.<\/p><p>Soy fot\u00f3grafa, psic\u00f3loga, feminista y activista. Como fot\u00f3grafa he publicado \u201cFragmento fotogr\u00e1fico: Arte, Narraci\u00f3n y Memoria. Chile 1980-1990\u201d Santiago 2007; \u201cMarcas Cr\u00f3nicas. Rayados y panfletos de los 80\u201d, Ed. Ocho Libros, Santiago, 2010; y \u201cTodas \u00edbamos a ser reinas. Michelle Bachelet x Kena Lorenzini\u201d, Ed. Ocholibros, Santiago, 2011. En el a\u00f1o 2010 recibe el premio Premio Altazor. Como psic\u00f3loga he publicado \u201cParejas L\u00e9sbicas. Tramas del sufrimiento y emergencias de nuevos imaginarios en la subjetividad femenina\u201d. Editorial Cuarto Propio, Santiago 2011.<\/p><p>\u00a0<\/p><p><strong>\u00bfC\u00f3mo viviste el proceso de creaci\u00f3n para Ofrendas Fotogr\u00e1ficas?<\/strong><\/p><p>Para mi fue muy fluido, ya que hace a\u00f1os ven\u00eda reporteando todas las actividades de la Red Chilena Contra la Violencia a las Mujeres, adem\u00e1s de cada 25 de noviembre estar presente en el D\u00eda Internacional Contra la Violencia hacia las mujeres. El concepto de femicidio es adoptado por la RED a principios de los a\u00f1os 2000 teniendo un fuerte impacto en la sociedad chilena, estuve muy cerca, entonces \u201cOfrendas Fotogr\u00e1ficas\u201d, me convoca naturalmente.<\/p><p><strong>\u00bfC\u00f3mo percibes la situaci\u00f3n de violencia hacia mujeres y disidencias en Chile, comparado con el a\u00f1o 2015 cuando se inici\u00f3 este proyecto?<\/strong><\/p><p>Hay cambios basales, hoy la violencia hacia las mujeres recibe un castigo desde la opini\u00f3n p\u00fablica, como de las instituciones del estado pr\u00e1cticamente sin matices. Es una lucha, sin duda, que contin\u00faa.<\/p><p><a href=\"https:\/\/www.instagram.com\/KenaLorenzinifotografa\/\" target=\"_blank\" rel=\"noopener\">@KenaLorenzinifotografa<\/a><br \/><a href=\"https:\/\/www.instagram.com\/kenalorenzinilorenzini\/\" target=\"_blank\" rel=\"noopener\">@kenalorenzinilorenzini<\/a><\/p><p>\u00a0<\/p><p>\u00a0<\/p>\t\t\t\t\t\t<\/div>\n\t\t\t\t<\/div>\n\t\t\t\t\t<\/div>\n\t\t<\/div>\n\t\t\t\t\t\t\t<\/div>\n\t\t<\/section>\n\t\t\t\t\t\t\t<\/div>\n\t\t","protected":false},"excerpt":{"rendered":"<p>Me inici\u00e9 en la fotograf\u00eda como Reportera Gr\u00e1fica en semanarios opositores a la Dictadura C\u00edvico Militar para las revistas HOY y AN\u00c1LISIS. En el retorno a la democracia trabaj\u00e9 como fot\u00f3grafa en el Ministerio Secretar\u00eda de Gobierno. En 1983 ingres\u00e9 a la Agrupaci\u00f3n de Mujeres por la Vida iniciando un activismo en DDHH y feminista &hellip; <\/p>\n<p class=\"link-more\"><a href=\"https:\/\/ofrendasfotograficas.net\/?page_id=589\" class=\"more-link\">Leer m\u00e1s<span class=\"screen-reader-text\"> \u00abKena Lorenzini Lorenzini\u00bb<\/span><\/a><\/p>\n","protected":false},"author":1,"featured_media":0,"parent":0,"menu_order":0,"comment_status":"closed","ping_status":"closed","template":"","meta":[],"featured_media_urls":[],"_links":{"self":[{"href":"https:\/\/ofrendasfotograficas.net\/index.php?rest_route=\/wp\/v2\/pages\/589"}],"collection":[{"href":"https:\/\/ofrendasfotograficas.net\/index.php?rest_route=\/wp\/v2\/pages"}],"about":[{"href":"https:\/\/ofrendasfotograficas.net\/index.php?rest_route=\/wp\/v2\/types\/page"}],"author":[{"embeddable":true,"href":"https:\/\/ofrendasfotograficas.net\/index.php?rest_route=\/wp\/v2\/users\/1"}],"replies":[{"embeddable":true,"href":"https:\/\/ofrendasfotograficas.net\/index.php?rest_route=%2Fwp%2Fv2%2Fcomments&post=589"}],"version-history":[{"count":28,"href":"https:\/\/ofrendasfotograficas.net\/index.php?rest_route=\/wp\/v2\/pages\/589\/revisions"}],"predecessor-version":[{"id":2024,"href":"https:\/\/ofrendasfotograficas.net\/index.php?rest_route=\/wp\/v2\/pages\/589\/revisions\/2024"}],"wp:attachment":[{"href":"https:\/\/ofrendasfotograficas.net\/index.php?rest_route=%2Fwp%2Fv2%2Fmedia&parent=589"}],"curies":[{"name":"wp","href":"https:\/\/api.w.org\/{rel}","templated":true}]}}