{"id":604,"date":"2024-07-02T16:50:31","date_gmt":"2024-07-02T16:50:31","guid":{"rendered":"https:\/\/ofrendasfotograficas.net\/?page_id=604"},"modified":"2024-08-24T12:46:49","modified_gmt":"2024-08-24T12:46:49","slug":"ximena-riffo-pena","status":"publish","type":"page","link":"https:\/\/ofrendasfotograficas.net\/?page_id=604","title":{"rendered":"Ximena Riffo Pi\u00f1a"},"content":{"rendered":"\t\t<div data-elementor-type=\"wp-page\" data-elementor-id=\"604\" class=\"elementor elementor-604\">\n\t\t\t\t\t\t\t\t\t<section class=\"elementor-section elementor-top-section elementor-element elementor-element-99d5cc2 elementor-section-boxed elementor-section-height-default elementor-section-height-default\" data-id=\"99d5cc2\" data-element_type=\"section\">\n\t\t\t\t\t\t<div class=\"elementor-container elementor-column-gap-default\">\n\t\t\t\t\t<div class=\"elementor-column elementor-col-100 elementor-top-column elementor-element elementor-element-88eab6c\" data-id=\"88eab6c\" data-element_type=\"column\">\n\t\t\t<div class=\"elementor-widget-wrap elementor-element-populated\">\n\t\t\t\t\t\t\t\t<div class=\"elementor-element elementor-element-4b6207a elementor-widget elementor-widget-video\" data-id=\"4b6207a\" data-element_type=\"widget\" data-settings=\"{&quot;youtube_url&quot;:&quot;https:\\\/\\\/youtu.be\\\/utvQ1wpuG90&quot;,&quot;video_type&quot;:&quot;youtube&quot;,&quot;controls&quot;:&quot;yes&quot;}\" data-widget_type=\"video.default\">\n\t\t\t\t<div class=\"elementor-widget-container\">\n\t\t\t<style>\/*! elementor - v3.15.0 - 20-08-2023 *\/\n.elementor-widget-video .elementor-widget-container{overflow:hidden;transform:translateZ(0)}.elementor-widget-video .elementor-wrapper{aspect-ratio:var(--video-aspect-ratio)}.elementor-widget-video .elementor-wrapper iframe,.elementor-widget-video .elementor-wrapper video{height:100%;width:100%;display:flex;border:none;background-color:#000}@supports not (aspect-ratio:1\/1){.elementor-widget-video .elementor-wrapper{position:relative;overflow:hidden;height:0;padding-bottom:calc(100% \/ var(--video-aspect-ratio))}.elementor-widget-video .elementor-wrapper iframe,.elementor-widget-video .elementor-wrapper video{position:absolute;top:0;right:0;bottom:0;left:0}}.elementor-widget-video .elementor-open-inline .elementor-custom-embed-image-overlay{position:absolute;top:0;right:0;bottom:0;left:0;background-size:cover;background-position:50%}.elementor-widget-video .elementor-custom-embed-image-overlay{cursor:pointer;text-align:center}.elementor-widget-video .elementor-custom-embed-image-overlay:hover .elementor-custom-embed-play i{opacity:1}.elementor-widget-video .elementor-custom-embed-image-overlay img{display:block;width:100%;aspect-ratio:var(--video-aspect-ratio);-o-object-fit:cover;object-fit:cover;-o-object-position:center center;object-position:center center}@supports not (aspect-ratio:1\/1){.elementor-widget-video .elementor-custom-embed-image-overlay{position:relative;overflow:hidden;height:0;padding-bottom:calc(100% \/ var(--video-aspect-ratio))}.elementor-widget-video .elementor-custom-embed-image-overlay img{position:absolute;top:0;right:0;bottom:0;left:0}}.elementor-widget-video .e-hosted-video .elementor-video{-o-object-fit:cover;object-fit:cover}.e-con-inner>.elementor-widget-video,.e-con>.elementor-widget-video{width:var(--container-widget-width);--flex-grow:var(--container-widget-flex-grow)}<\/style>\t\t<div class=\"elementor-wrapper elementor-open-inline\">\n\t\t\t<div class=\"elementor-video\"><\/div>\t\t<\/div>\n\t\t\t\t<\/div>\n\t\t\t\t<\/div>\n\t\t\t\t\t<\/div>\n\t\t<\/div>\n\t\t\t\t\t\t\t<\/div>\n\t\t<\/section>\n\t\t\t\t<section class=\"elementor-section elementor-top-section elementor-element elementor-element-1d0a14d elementor-section-boxed elementor-section-height-default elementor-section-height-default\" data-id=\"1d0a14d\" data-element_type=\"section\">\n\t\t\t\t\t\t<div class=\"elementor-container elementor-column-gap-default\">\n\t\t\t\t\t<div class=\"elementor-column elementor-col-100 elementor-top-column elementor-element elementor-element-b819779\" data-id=\"b819779\" data-element_type=\"column\">\n\t\t\t<div class=\"elementor-widget-wrap elementor-element-populated\">\n\t\t\t\t\t\t\t\t<div class=\"elementor-element elementor-element-3abb07f elementor-widget elementor-widget-text-editor\" data-id=\"3abb07f\" data-element_type=\"widget\" data-widget_type=\"text-editor.default\">\n\t\t\t\t<div class=\"elementor-widget-container\">\n\t\t\t<style>\/*! elementor - v3.15.0 - 20-08-2023 *\/\n.elementor-widget-text-editor.elementor-drop-cap-view-stacked .elementor-drop-cap{background-color:#69727d;color:#fff}.elementor-widget-text-editor.elementor-drop-cap-view-framed .elementor-drop-cap{color:#69727d;border:3px solid;background-color:transparent}.elementor-widget-text-editor:not(.elementor-drop-cap-view-default) .elementor-drop-cap{margin-top:8px}.elementor-widget-text-editor:not(.elementor-drop-cap-view-default) .elementor-drop-cap-letter{width:1em;height:1em}.elementor-widget-text-editor .elementor-drop-cap{float:left;text-align:center;line-height:1;font-size:50px}.elementor-widget-text-editor .elementor-drop-cap-letter{display:inline-block}<\/style>\t\t\t\t<p>\u00a0<\/p><p>Me inicio en la fotograf\u00eda en el a\u00f1o 1987 en taller SOL, posteriormente estudio Fotograf\u00eda entre 1989 al 1991 en Instituto Alpes. Trabajo como Laboratorista Fotogr\u00e1fica entre 1988 al 1996 en el Diario La Tercera. Soy profesora de Fotograf\u00eda desde 1993 a la fecha. Ingreso a la UMCE en 1996 obteniendo t\u00edtulo de Profesora de Filosof\u00eda y Licenciada en Educaci\u00f3n.<\/p><p>He trabajado como Coordinadora de Proyecto del Circo Del Mundo Chile, en Alto Hospicio. Del 2004 al 2007 ejerzo como Profesora de Filosof\u00eda y Coordinadora de la Escuela de Arte para Mujeres de PRODEMU en Los \u00c1ngeles (Regi\u00f3n del Biob\u00edo). En 2005 me adjudico Fondart y desarrollo el proyecto \u201cFotografiando realidad = capturando identidad\u201d (Biob\u00edo). Entre 2008 al 2010 me adjudico la beca de la Fundaci\u00f3n Ford, para realizar Magister en Estudios de G\u00e9nero, en Espa\u00f1a e Italia. En 2010 realizo estudios de Foto Ensayo en Granada.<\/p><p>Durante el 2011 y 2012 me desempe\u00f1o como Profesora de Fotograf\u00eda en el Instituto Los Leones. Desde el 2013, soy parte de profesionales e investigadores asociados de fundaci\u00f3n SUR. Participo en: Seminario de Arte y Feminismo, Museo Bellas Artes 2013. Inicio serie \u201cMujeres en Lucha\u201d en 2014, actualmente tengo 5 series. Participo en Coloquio Mujeres Fot\u00f3grafas 2014. Escuela Taller Ferm\u00edn Vivaceta 2015. Proyecto fotogr\u00e1fico desnudos, Biblioteca de Santiago 2015. Proyecto de fot\u00f3grafas contra el femicidio 2015.<\/p><p>Desde 2019 a la fecha realizo c\u00e1tedra de Fotograf\u00eda en Escuela de Periodismo, Universidad de Santiago de Chile. En 2021 es el lanzamiento del libro \u201cmujeres, miradas y activismos\u201d, Maar Ediciones.<\/p><p>En el a\u00f1o 2023 soy invitada a exponer en Museo de Bellas Artes, en hall central \u201cMujeres Activistas\u201d y comienzo la serie fotogr\u00e1fica \u201cActivistas\u201d.<\/p><p><a href=\"http:\/\/ximena-riffo.blogspot.com\/\" target=\"_blank\" rel=\"noopener\">http:\/\/ximena-riffo.blogspot.com\/<\/a><br \/><a href=\"https:\/\/www.instagram.com\/ximenariffo\/\" target=\"_blank\" rel=\"noopener\">@ximenariffo<\/a><\/p><p>\u00a0<\/p><p>\u00a0<\/p>\t\t\t\t\t\t<\/div>\n\t\t\t\t<\/div>\n\t\t\t\t\t<\/div>\n\t\t<\/div>\n\t\t\t\t\t\t\t<\/div>\n\t\t<\/section>\n\t\t\t\t\t\t\t<\/div>\n\t\t","protected":false},"excerpt":{"rendered":"<p>https:\/\/youtu.be\/utvQ1wpuG90 \u00a0 Me inicio en la fotograf\u00eda en el a\u00f1o 1987 en taller SOL, posteriormente estudio Fotograf\u00eda entre 1989 al 1991 en Instituto Alpes. Trabajo como Laboratorista Fotogr\u00e1fica entre 1988 al 1996 en el Diario La Tercera. Soy profesora de Fotograf\u00eda desde 1993 a la fecha. Ingreso a la UMCE en 1996 obteniendo t\u00edtulo de &hellip; <\/p>\n<p class=\"link-more\"><a href=\"https:\/\/ofrendasfotograficas.net\/?page_id=604\" class=\"more-link\">Leer m\u00e1s<span class=\"screen-reader-text\"> \u00abXimena Riffo Pi\u00f1a\u00bb<\/span><\/a><\/p>\n","protected":false},"author":1,"featured_media":0,"parent":0,"menu_order":0,"comment_status":"closed","ping_status":"closed","template":"","meta":[],"featured_media_urls":[],"_links":{"self":[{"href":"https:\/\/ofrendasfotograficas.net\/index.php?rest_route=\/wp\/v2\/pages\/604"}],"collection":[{"href":"https:\/\/ofrendasfotograficas.net\/index.php?rest_route=\/wp\/v2\/pages"}],"about":[{"href":"https:\/\/ofrendasfotograficas.net\/index.php?rest_route=\/wp\/v2\/types\/page"}],"author":[{"embeddable":true,"href":"https:\/\/ofrendasfotograficas.net\/index.php?rest_route=\/wp\/v2\/users\/1"}],"replies":[{"embeddable":true,"href":"https:\/\/ofrendasfotograficas.net\/index.php?rest_route=%2Fwp%2Fv2%2Fcomments&post=604"}],"version-history":[{"count":20,"href":"https:\/\/ofrendasfotograficas.net\/index.php?rest_route=\/wp\/v2\/pages\/604\/revisions"}],"predecessor-version":[{"id":2111,"href":"https:\/\/ofrendasfotograficas.net\/index.php?rest_route=\/wp\/v2\/pages\/604\/revisions\/2111"}],"wp:attachment":[{"href":"https:\/\/ofrendasfotograficas.net\/index.php?rest_route=%2Fwp%2Fv2%2Fmedia&parent=604"}],"curies":[{"name":"wp","href":"https:\/\/api.w.org\/{rel}","templated":true}]}}