{"id":615,"date":"2024-07-02T16:54:30","date_gmt":"2024-07-02T16:54:30","guid":{"rendered":"https:\/\/ofrendasfotograficas.net\/?page_id=615"},"modified":"2024-08-21T16:38:00","modified_gmt":"2024-08-21T16:38:00","slug":"jocelyne-rodriguez-droguett","status":"publish","type":"page","link":"https:\/\/ofrendasfotograficas.net\/?page_id=615","title":{"rendered":"Jocelyne Rodr\u00edguez Droguett"},"content":{"rendered":"\t\t<div data-elementor-type=\"wp-page\" data-elementor-id=\"615\" class=\"elementor elementor-615\">\n\t\t\t\t\t\t\t\t\t<section class=\"elementor-section elementor-top-section elementor-element elementor-element-5c3397f elementor-section-boxed elementor-section-height-default elementor-section-height-default\" data-id=\"5c3397f\" data-element_type=\"section\">\n\t\t\t\t\t\t<div class=\"elementor-container elementor-column-gap-default\">\n\t\t\t\t\t<div class=\"elementor-column elementor-col-100 elementor-top-column elementor-element elementor-element-0c6c490\" data-id=\"0c6c490\" data-element_type=\"column\">\n\t\t\t<div class=\"elementor-widget-wrap elementor-element-populated\">\n\t\t\t\t\t\t\t\t<div class=\"elementor-element elementor-element-12d1fa9 elementor-widget elementor-widget-video\" data-id=\"12d1fa9\" data-element_type=\"widget\" data-settings=\"{&quot;youtube_url&quot;:&quot;https:\\\/\\\/youtu.be\\\/3gqirA8kSDw&quot;,&quot;video_type&quot;:&quot;youtube&quot;,&quot;controls&quot;:&quot;yes&quot;}\" data-widget_type=\"video.default\">\n\t\t\t\t<div class=\"elementor-widget-container\">\n\t\t\t<style>\/*! elementor - v3.15.0 - 20-08-2023 *\/\n.elementor-widget-video .elementor-widget-container{overflow:hidden;transform:translateZ(0)}.elementor-widget-video .elementor-wrapper{aspect-ratio:var(--video-aspect-ratio)}.elementor-widget-video .elementor-wrapper iframe,.elementor-widget-video .elementor-wrapper video{height:100%;width:100%;display:flex;border:none;background-color:#000}@supports not (aspect-ratio:1\/1){.elementor-widget-video .elementor-wrapper{position:relative;overflow:hidden;height:0;padding-bottom:calc(100% \/ var(--video-aspect-ratio))}.elementor-widget-video .elementor-wrapper iframe,.elementor-widget-video .elementor-wrapper video{position:absolute;top:0;right:0;bottom:0;left:0}}.elementor-widget-video .elementor-open-inline .elementor-custom-embed-image-overlay{position:absolute;top:0;right:0;bottom:0;left:0;background-size:cover;background-position:50%}.elementor-widget-video .elementor-custom-embed-image-overlay{cursor:pointer;text-align:center}.elementor-widget-video .elementor-custom-embed-image-overlay:hover .elementor-custom-embed-play i{opacity:1}.elementor-widget-video .elementor-custom-embed-image-overlay img{display:block;width:100%;aspect-ratio:var(--video-aspect-ratio);-o-object-fit:cover;object-fit:cover;-o-object-position:center center;object-position:center center}@supports not (aspect-ratio:1\/1){.elementor-widget-video .elementor-custom-embed-image-overlay{position:relative;overflow:hidden;height:0;padding-bottom:calc(100% \/ var(--video-aspect-ratio))}.elementor-widget-video .elementor-custom-embed-image-overlay img{position:absolute;top:0;right:0;bottom:0;left:0}}.elementor-widget-video .e-hosted-video .elementor-video{-o-object-fit:cover;object-fit:cover}.e-con-inner>.elementor-widget-video,.e-con>.elementor-widget-video{width:var(--container-widget-width);--flex-grow:var(--container-widget-flex-grow)}<\/style>\t\t<div class=\"elementor-wrapper elementor-open-inline\">\n\t\t\t<div class=\"elementor-video\"><\/div>\t\t<\/div>\n\t\t\t\t<\/div>\n\t\t\t\t<\/div>\n\t\t\t\t\t<\/div>\n\t\t<\/div>\n\t\t\t\t\t\t\t<\/div>\n\t\t<\/section>\n\t\t\t\t<section class=\"elementor-section elementor-top-section elementor-element elementor-element-78e5e2c elementor-section-boxed elementor-section-height-default elementor-section-height-default\" data-id=\"78e5e2c\" data-element_type=\"section\">\n\t\t\t\t\t\t<div class=\"elementor-container elementor-column-gap-default\">\n\t\t\t\t\t<div class=\"elementor-column elementor-col-100 elementor-top-column elementor-element elementor-element-57b092a\" data-id=\"57b092a\" data-element_type=\"column\">\n\t\t\t<div class=\"elementor-widget-wrap elementor-element-populated\">\n\t\t\t\t\t\t\t\t<div class=\"elementor-element elementor-element-56833d2 elementor-widget elementor-widget-text-editor\" data-id=\"56833d2\" data-element_type=\"widget\" data-widget_type=\"text-editor.default\">\n\t\t\t\t<div class=\"elementor-widget-container\">\n\t\t\t<style>\/*! elementor - v3.15.0 - 20-08-2023 *\/\n.elementor-widget-text-editor.elementor-drop-cap-view-stacked .elementor-drop-cap{background-color:#69727d;color:#fff}.elementor-widget-text-editor.elementor-drop-cap-view-framed .elementor-drop-cap{color:#69727d;border:3px solid;background-color:transparent}.elementor-widget-text-editor:not(.elementor-drop-cap-view-default) .elementor-drop-cap{margin-top:8px}.elementor-widget-text-editor:not(.elementor-drop-cap-view-default) .elementor-drop-cap-letter{width:1em;height:1em}.elementor-widget-text-editor .elementor-drop-cap{float:left;text-align:center;line-height:1;font-size:50px}.elementor-widget-text-editor .elementor-drop-cap-letter{display:inline-block}<\/style>\t\t\t\t<p>\u00a0<\/p><p>Artista Visual y Fot\u00f3grafa. Actualmente vivo en la ciudad de El Quisco, Regi\u00f3n de Valpara\u00edso. Soy docente de Artes Pl\u00e1sticas Universidad Metropolitana de Ciencias de la Educaci\u00f3n &#8211; UMCE, ex pedag\u00f3gico Santiago de Chile (2007). Magister en Arte, menci\u00f3n Patrimonio UPLA, Universidad Playa Ancha de Valpara\u00edso, Chile (2022). Diplomada de Fotograf\u00eda Digital de la Universidad Cat\u00f3lica de Chile (2009) y Especializaci\u00f3n en Gesti\u00f3n Cultural, Flacso Argentina (2013). Desarrollo mi quehacer entre la creaci\u00f3n de obra autoral, investigaci\u00f3n art\u00edstica patrimonial y educativa, adem\u00e1s de procesos editoriales.<\/p><p>Mis creaciones surgen a partir de la imagen fotogr\u00e1fica fija y la investigaci\u00f3n de los posibles desplazamientos pl\u00e1sticos de \u00e9sta, trabajando sus componentes materiales y simb\u00f3licos en diversos planos, como son la bi \/ tridimensionalidad, la intervenci\u00f3n de la imagen con t\u00e9cnicas cruzadas desde lo textil (bordado a mano sobre papel y tejido fotogr\u00e1fico, as\u00ed como ingenier\u00eda en papel), la instalaci\u00f3n y el video. Vinculo mis procesos creativos con la genealog\u00eda de las mujeres, naturaleza y el territorio, desde una mirada ecofeminista.<\/p><p>Entre el a\u00f1o 2012 y 2015 particip\u00e9 en el Colectivo Las Ni\u00f1as, con quienes desarrollamos proyectos de creaci\u00f3n individual \u2013 colectivo y expositivos, junto a la organizaci\u00f3n de FOCOM, Encuentro de Mujeres Fot\u00f3grafas en su I y II versi\u00f3n. Soy integrante de Cooperativa de Fot\u00f3grafas y creadora de \u201cMaar. Ediciones Fotogr\u00e1ficas\u201d, editorial autogestionada dedicada a la publicaci\u00f3n de propuestas desarrolladas por mujeres y disidencias.<\/p><p>Mi trabajo ha sido presentado en muestras nacionales e internacionales de manera individual y colectiva en Argentina, Per\u00fa, M\u00e9xico, Brasil, Uruguay, Costa Rica, Estados Unidos, Alemania, Francia, Portugal y Hong Kong. Me he adjudicado desde el a\u00f1o 2008 diversos Fondos de Cultura (FONDART) del Ministerio de la Cultura, las Artes y el Patrimonio, en donde se incluyen proyectos individuales y colectivos. Participaci\u00f3n en Residencia de Festival Internacional de Fotograf\u00eda Valpara\u00edso Chile FIFV (2013 y 2021), Centro de Arte Contempor\u00e1neo Montevideo \u2013 Uruguay (2012), Centro experimental de fotograf\u00eda, Chile. (2012), Residencia Cordillera (2022) y Residencia Editorial Almac\u00e9n (2023).<\/p><p><a href=\"http:\/\/www.jrdroguett.cl\" target=\"_blank\" rel=\"noopener\">www.jrdroguett.cl<\/a><br \/><a href=\"https:\/\/www.instagram.com\/jrdroguett\/\" target=\"_blank\" rel=\"noopener\">@jrdroguett<\/a><\/p>\t\t\t\t\t\t<\/div>\n\t\t\t\t<\/div>\n\t\t\t\t\t<\/div>\n\t\t<\/div>\n\t\t\t\t\t\t\t<\/div>\n\t\t<\/section>\n\t\t\t\t<section class=\"elementor-section elementor-top-section elementor-element elementor-element-cdfe20d elementor-section-boxed elementor-section-height-default elementor-section-height-default\" data-id=\"cdfe20d\" data-element_type=\"section\">\n\t\t\t\t\t\t<div class=\"elementor-container elementor-column-gap-default\">\n\t\t\t\t\t<div class=\"elementor-column elementor-col-100 elementor-top-column elementor-element elementor-element-0b83a45\" data-id=\"0b83a45\" data-element_type=\"column\">\n\t\t\t<div class=\"elementor-widget-wrap elementor-element-populated\">\n\t\t\t\t\t\t\t\t<div class=\"elementor-element elementor-element-287510d elementor-widget elementor-widget-text-editor\" data-id=\"287510d\" data-element_type=\"widget\" data-widget_type=\"text-editor.default\">\n\t\t\t\t<div class=\"elementor-widget-container\">\n\t\t\t\t\t\t\t<p>\u00a0<\/p><p>\u00a0<\/p>\t\t\t\t\t\t<\/div>\n\t\t\t\t<\/div>\n\t\t\t\t\t<\/div>\n\t\t<\/div>\n\t\t\t\t\t\t\t<\/div>\n\t\t<\/section>\n\t\t\t\t\t\t\t<\/div>\n\t\t","protected":false},"excerpt":{"rendered":"<p>https:\/\/youtu.be\/3gqirA8kSDw \u00a0 Artista Visual y Fot\u00f3grafa. Actualmente vivo en la ciudad de El Quisco, Regi\u00f3n de Valpara\u00edso. Soy docente de Artes Pl\u00e1sticas Universidad Metropolitana de Ciencias de la Educaci\u00f3n &#8211; UMCE, ex pedag\u00f3gico Santiago de Chile (2007). Magister en Arte, menci\u00f3n Patrimonio UPLA, Universidad Playa Ancha de Valpara\u00edso, Chile (2022). Diplomada de Fotograf\u00eda Digital de &hellip; <\/p>\n<p class=\"link-more\"><a href=\"https:\/\/ofrendasfotograficas.net\/?page_id=615\" class=\"more-link\">Leer m\u00e1s<span class=\"screen-reader-text\"> \u00abJocelyne Rodr\u00edguez Droguett\u00bb<\/span><\/a><\/p>\n","protected":false},"author":1,"featured_media":0,"parent":0,"menu_order":0,"comment_status":"closed","ping_status":"closed","template":"","meta":[],"featured_media_urls":[],"_links":{"self":[{"href":"https:\/\/ofrendasfotograficas.net\/index.php?rest_route=\/wp\/v2\/pages\/615"}],"collection":[{"href":"https:\/\/ofrendasfotograficas.net\/index.php?rest_route=\/wp\/v2\/pages"}],"about":[{"href":"https:\/\/ofrendasfotograficas.net\/index.php?rest_route=\/wp\/v2\/types\/page"}],"author":[{"embeddable":true,"href":"https:\/\/ofrendasfotograficas.net\/index.php?rest_route=\/wp\/v2\/users\/1"}],"replies":[{"embeddable":true,"href":"https:\/\/ofrendasfotograficas.net\/index.php?rest_route=%2Fwp%2Fv2%2Fcomments&post=615"}],"version-history":[{"count":19,"href":"https:\/\/ofrendasfotograficas.net\/index.php?rest_route=\/wp\/v2\/pages\/615\/revisions"}],"predecessor-version":[{"id":2067,"href":"https:\/\/ofrendasfotograficas.net\/index.php?rest_route=\/wp\/v2\/pages\/615\/revisions\/2067"}],"wp:attachment":[{"href":"https:\/\/ofrendasfotograficas.net\/index.php?rest_route=%2Fwp%2Fv2%2Fmedia&parent=615"}],"curies":[{"name":"wp","href":"https:\/\/api.w.org\/{rel}","templated":true}]}}