{"id":635,"date":"2024-07-02T17:46:25","date_gmt":"2024-07-02T17:46:25","guid":{"rendered":"https:\/\/ofrendasfotograficas.net\/?page_id=635"},"modified":"2024-07-31T11:13:26","modified_gmt":"2024-07-31T11:13:26","slug":"dominio-publico","status":"publish","type":"page","link":"https:\/\/ofrendasfotograficas.net\/?page_id=635","title":{"rendered":"Dominio P\u00fablico"},"content":{"rendered":"\t\t<div data-elementor-type=\"wp-page\" data-elementor-id=\"635\" class=\"elementor elementor-635\">\n\t\t\t\t\t\t\t\t\t<section class=\"elementor-section elementor-top-section elementor-element elementor-element-8d8a9ed elementor-section-boxed elementor-section-height-default elementor-section-height-default\" data-id=\"8d8a9ed\" data-element_type=\"section\">\n\t\t\t\t\t\t<div class=\"elementor-container elementor-column-gap-default\">\n\t\t\t\t\t<div class=\"elementor-column elementor-col-100 elementor-top-column elementor-element elementor-element-01e23bf\" data-id=\"01e23bf\" data-element_type=\"column\">\n\t\t\t<div class=\"elementor-widget-wrap elementor-element-populated\">\n\t\t\t\t\t\t\t\t<div class=\"elementor-element elementor-element-b003600 elementor-widget elementor-widget-text-editor\" data-id=\"b003600\" data-element_type=\"widget\" data-widget_type=\"text-editor.default\">\n\t\t\t\t<div class=\"elementor-widget-container\">\n\t\t\t<style>\/*! elementor - v3.15.0 - 20-08-2023 *\/\n.elementor-widget-text-editor.elementor-drop-cap-view-stacked .elementor-drop-cap{background-color:#69727d;color:#fff}.elementor-widget-text-editor.elementor-drop-cap-view-framed .elementor-drop-cap{color:#69727d;border:3px solid;background-color:transparent}.elementor-widget-text-editor:not(.elementor-drop-cap-view-default) .elementor-drop-cap{margin-top:8px}.elementor-widget-text-editor:not(.elementor-drop-cap-view-default) .elementor-drop-cap-letter{width:1em;height:1em}.elementor-widget-text-editor .elementor-drop-cap{float:left;text-align:center;line-height:1;font-size:50px}.elementor-widget-text-editor .elementor-drop-cap-letter{display:inline-block}<\/style>\t\t\t\t<p>Marcela Bruna Castro<\/p>\t\t\t\t\t\t<\/div>\n\t\t\t\t<\/div>\n\t\t\t\t\t<\/div>\n\t\t<\/div>\n\t\t\t\t\t\t\t<\/div>\n\t\t<\/section>\n\t\t\t\t<section class=\"elementor-section elementor-top-section elementor-element elementor-element-d102888 elementor-section-boxed elementor-section-height-default elementor-section-height-default\" data-id=\"d102888\" data-element_type=\"section\">\n\t\t\t\t\t\t<div class=\"elementor-container elementor-column-gap-default\">\n\t\t\t\t\t<div class=\"elementor-column elementor-col-100 elementor-top-column elementor-element elementor-element-31b42f6\" data-id=\"31b42f6\" data-element_type=\"column\">\n\t\t\t<div class=\"elementor-widget-wrap elementor-element-populated\">\n\t\t\t\t\t\t\t\t<div class=\"elementor-element elementor-element-66d381f elementor-widget elementor-widget-image-gallery\" data-id=\"66d381f\" data-element_type=\"widget\" data-widget_type=\"image-gallery.default\">\n\t\t\t\t<div class=\"elementor-widget-container\">\n\t\t\t<style>\/*! elementor - v3.15.0 - 20-08-2023 *\/\n.elementor-image-gallery .gallery-item{display:inline-block;text-align:center;vertical-align:top;width:100%;max-width:100%;margin:0 auto}.elementor-image-gallery .gallery-item img{margin:0 auto}.elementor-image-gallery .gallery-item .gallery-caption{margin:0}.elementor-image-gallery figure img{display:block}.elementor-image-gallery figure figcaption{width:100%}.gallery-spacing-custom .elementor-image-gallery .gallery-icon{padding:0}@media (min-width:768px){.elementor-image-gallery .gallery-columns-2 .gallery-item{max-width:50%}.elementor-image-gallery .gallery-columns-3 .gallery-item{max-width:33.33%}.elementor-image-gallery .gallery-columns-4 .gallery-item{max-width:25%}.elementor-image-gallery .gallery-columns-5 .gallery-item{max-width:20%}.elementor-image-gallery .gallery-columns-6 .gallery-item{max-width:16.666%}.elementor-image-gallery .gallery-columns-7 .gallery-item{max-width:14.28%}.elementor-image-gallery .gallery-columns-8 .gallery-item{max-width:12.5%}.elementor-image-gallery .gallery-columns-9 .gallery-item{max-width:11.11%}.elementor-image-gallery .gallery-columns-10 .gallery-item{max-width:10%}}@media (min-width:480px) and (max-width:767px){.elementor-image-gallery .gallery.gallery-columns-2 .gallery-item,.elementor-image-gallery .gallery.gallery-columns-3 .gallery-item,.elementor-image-gallery .gallery.gallery-columns-4 .gallery-item,.elementor-image-gallery .gallery.gallery-columns-5 .gallery-item,.elementor-image-gallery .gallery.gallery-columns-6 .gallery-item,.elementor-image-gallery .gallery.gallery-columns-7 .gallery-item,.elementor-image-gallery .gallery.gallery-columns-8 .gallery-item,.elementor-image-gallery .gallery.gallery-columns-9 .gallery-item,.elementor-image-gallery .gallery.gallery-columns-10 .gallery-item{max-width:50%}}@media (max-width:479px){.elementor-image-gallery .gallery.gallery-columns-2 .gallery-item,.elementor-image-gallery .gallery.gallery-columns-3 .gallery-item,.elementor-image-gallery .gallery.gallery-columns-4 .gallery-item,.elementor-image-gallery .gallery.gallery-columns-5 .gallery-item,.elementor-image-gallery .gallery.gallery-columns-6 .gallery-item,.elementor-image-gallery .gallery.gallery-columns-7 .gallery-item,.elementor-image-gallery .gallery.gallery-columns-8 .gallery-item,.elementor-image-gallery .gallery.gallery-columns-9 .gallery-item,.elementor-image-gallery .gallery.gallery-columns-10 .gallery-item{max-width:100%}}<\/style>\t\t<div class=\"elementor-image-gallery\">\n\t\t\t<div id='gallery-1' class='gallery galleryid-635 gallery-columns-2 gallery-size-medium_large'><figure class='gallery-item'>\n\t\t\t<div class='gallery-icon landscape'>\n\t\t\t\t<a data-elementor-open-lightbox=\"yes\" data-elementor-lightbox-slideshow=\"66d381f\" data-elementor-lightbox-title=\"Marcela Bruna 01\" data-e-action-hash=\"#elementor-action%3Aaction%3Dlightbox%26settings%3DeyJpZCI6MzAxLCJ1cmwiOiJodHRwczpcL1wvb2ZyZW5kYXNmb3RvZ3JhZmljYXMubmV0XC93cC1jb250ZW50XC91cGxvYWRzXC8yMDIzXC8wOVwvTWFyY2VsYS1CcnVuYS0wMS5qcGciLCJzbGlkZXNob3ciOiI2NmQzODFmIn0%3D\" href='https:\/\/ofrendasfotograficas.net\/wp-content\/uploads\/2023\/09\/Marcela-Bruna-01.jpg'><img width=\"768\" height=\"419\" src=\"https:\/\/ofrendasfotograficas.net\/wp-content\/uploads\/2023\/09\/Marcela-Bruna-01-768x419.jpg\" class=\"attachment-medium_large size-medium_large\" alt=\"Imagen de tonalidad blanquecina, horizontal. En la parte superior el cielo blanco ocupa dos tercios de la imagen, al fondo se muestra la \u00faltima planta del \u201cPalacio de La Moneda\u201d. Al centro un asta gruesa blanca sostiene la bandera chilena movida por el viento, solo se muestra la zona blanca y roja en la que est\u00e1 escrito \u201cera m\u00eda\u201d.\" decoding=\"async\" loading=\"lazy\" srcset=\"https:\/\/ofrendasfotograficas.net\/wp-content\/uploads\/2023\/09\/Marcela-Bruna-01-768x419.jpg 768w, https:\/\/ofrendasfotograficas.net\/wp-content\/uploads\/2023\/09\/Marcela-Bruna-01-300x164.jpg 300w, https:\/\/ofrendasfotograficas.net\/wp-content\/uploads\/2023\/09\/Marcela-Bruna-01-1024x559.jpg 1024w, https:\/\/ofrendasfotograficas.net\/wp-content\/uploads\/2023\/09\/Marcela-Bruna-01-1536x838.jpg 1536w, https:\/\/ofrendasfotograficas.net\/wp-content\/uploads\/2023\/09\/Marcela-Bruna-01-600x327.jpg 600w, https:\/\/ofrendasfotograficas.net\/wp-content\/uploads\/2023\/09\/Marcela-Bruna-01-1200x655.jpg 1200w, https:\/\/ofrendasfotograficas.net\/wp-content\/uploads\/2023\/09\/Marcela-Bruna-01.jpg 1980w\" sizes=\"100vw\" \/><\/a>\n\t\t\t<\/div><\/figure><figure class='gallery-item'>\n\t\t\t<div class='gallery-icon landscape'>\n\t\t\t\t<a data-elementor-open-lightbox=\"yes\" data-elementor-lightbox-slideshow=\"66d381f\" data-elementor-lightbox-title=\"Marcela Bruna 02\" data-e-action-hash=\"#elementor-action%3Aaction%3Dlightbox%26settings%3DeyJpZCI6MzAyLCJ1cmwiOiJodHRwczpcL1wvb2ZyZW5kYXNmb3RvZ3JhZmljYXMubmV0XC93cC1jb250ZW50XC91cGxvYWRzXC8yMDIzXC8wOVwvTWFyY2VsYS1CcnVuYS0wMi5qcGciLCJzbGlkZXNob3ciOiI2NmQzODFmIn0%3D\" href='https:\/\/ofrendasfotograficas.net\/wp-content\/uploads\/2023\/09\/Marcela-Bruna-02.jpg'><img width=\"768\" height=\"419\" src=\"https:\/\/ofrendasfotograficas.net\/wp-content\/uploads\/2023\/09\/Marcela-Bruna-02-768x419.jpg\" class=\"attachment-medium_large size-medium_large\" alt=\"Imagen de tonalidad blanquecina, horizontal. En la parte superior el cielo blanco, al fondo se muestra la planta superior del edificio \u201cPalacio de La Moneda\u201d. Al centro una asta gruesa blanca.\" decoding=\"async\" loading=\"lazy\" srcset=\"https:\/\/ofrendasfotograficas.net\/wp-content\/uploads\/2023\/09\/Marcela-Bruna-02-768x419.jpg 768w, https:\/\/ofrendasfotograficas.net\/wp-content\/uploads\/2023\/09\/Marcela-Bruna-02-300x164.jpg 300w, https:\/\/ofrendasfotograficas.net\/wp-content\/uploads\/2023\/09\/Marcela-Bruna-02-1024x559.jpg 1024w, https:\/\/ofrendasfotograficas.net\/wp-content\/uploads\/2023\/09\/Marcela-Bruna-02-1536x838.jpg 1536w, https:\/\/ofrendasfotograficas.net\/wp-content\/uploads\/2023\/09\/Marcela-Bruna-02-600x327.jpg 600w, https:\/\/ofrendasfotograficas.net\/wp-content\/uploads\/2023\/09\/Marcela-Bruna-02-1200x655.jpg 1200w, https:\/\/ofrendasfotograficas.net\/wp-content\/uploads\/2023\/09\/Marcela-Bruna-02.jpg 1980w\" sizes=\"100vw\" \/><\/a>\n\t\t\t<\/div><\/figure>\n\t\t<\/div>\n\t\t<\/div>\n\t\t\t\t<\/div>\n\t\t\t\t<\/div>\n\t\t\t\t\t<\/div>\n\t\t<\/div>\n\t\t\t\t\t\t\t<\/div>\n\t\t<\/section>\n\t\t\t\t<section class=\"elementor-section elementor-top-section elementor-element elementor-element-bc92ec5 elementor-section-boxed elementor-section-height-default elementor-section-height-default\" data-id=\"bc92ec5\" data-element_type=\"section\">\n\t\t\t\t\t\t<div class=\"elementor-container elementor-column-gap-default\">\n\t\t\t\t\t<div class=\"elementor-column elementor-col-100 elementor-top-column elementor-element elementor-element-48a597c\" data-id=\"48a597c\" data-element_type=\"column\">\n\t\t\t<div class=\"elementor-widget-wrap elementor-element-populated\">\n\t\t\t\t\t\t\t\t<div class=\"elementor-element elementor-element-89f97e0 elementor-widget elementor-widget-text-editor\" data-id=\"89f97e0\" data-element_type=\"widget\" data-widget_type=\"text-editor.default\">\n\t\t\t\t<div class=\"elementor-widget-container\">\n\t\t\t\t\t\t\t<p>\u00a0<\/p><p>Propuesta visual que reflexiona sobre el femicidio como un problema jur\u00eddico &#8211; pol\u00edtico y social, en el que la comunidad y el estado ejercen poder y dominio sobre el cuerpo de las mujeres. Entendiendo que es una problem\u00e1tica que va mas all\u00e1 del \u00e1mbito dom\u00e9stico y privado, cuestiona la responsabilidad que tiene el estado en la prevenci\u00f3n, sanci\u00f3n y erradicaci\u00f3n de la violencia contra la mujer, como tambi\u00e9n la responsabilidad que tiene al perpetuar la criminalizaci\u00f3n del aborto, violando los derechos humanos de las mujeres cosificando sus cuerpos como medios, y por consecuencia poniendo en riesgo sus vidas ante la incapacidad de optar a un aborto legal y oportuno.<\/p><p>Al proponer estas relaciones se comprende que la ineficacia y deficiencia de las pol\u00edticas tanto a nivel de violencia de g\u00e9nero como las relacionadas a los derechos sexuales y reproductivos, pueden ser traducidas como un feminicidio de estado, solapado, aceptado y legitimado.<\/p><p>\u00a0<\/p>\t\t\t\t\t\t<\/div>\n\t\t\t\t<\/div>\n\t\t\t\t\t<\/div>\n\t\t<\/div>\n\t\t\t\t\t\t\t<\/div>\n\t\t<\/section>\n\t\t\t\t<section class=\"elementor-section elementor-top-section elementor-element elementor-element-c0841b2 elementor-section-boxed elementor-section-height-default elementor-section-height-default\" data-id=\"c0841b2\" data-element_type=\"section\">\n\t\t\t\t\t\t<div class=\"elementor-container elementor-column-gap-default\">\n\t\t\t\t\t<div class=\"elementor-column elementor-col-100 elementor-top-column elementor-element elementor-element-9562fcf\" data-id=\"9562fcf\" data-element_type=\"column\">\n\t\t\t<div class=\"elementor-widget-wrap elementor-element-populated\">\n\t\t\t\t\t\t\t\t<div class=\"elementor-element elementor-element-262db45 elementor-widget elementor-widget-video\" data-id=\"262db45\" data-element_type=\"widget\" data-settings=\"{&quot;video_type&quot;:&quot;vimeo&quot;}\" data-widget_type=\"video.default\">\n\t\t\t\t<div class=\"elementor-widget-container\">\n\t\t\t<style>\/*! elementor - v3.15.0 - 20-08-2023 *\/\n.elementor-widget-video .elementor-widget-container{overflow:hidden;transform:translateZ(0)}.elementor-widget-video .elementor-wrapper{aspect-ratio:var(--video-aspect-ratio)}.elementor-widget-video .elementor-wrapper iframe,.elementor-widget-video .elementor-wrapper video{height:100%;width:100%;display:flex;border:none;background-color:#000}@supports not (aspect-ratio:1\/1){.elementor-widget-video .elementor-wrapper{position:relative;overflow:hidden;height:0;padding-bottom:calc(100% \/ var(--video-aspect-ratio))}.elementor-widget-video .elementor-wrapper iframe,.elementor-widget-video .elementor-wrapper video{position:absolute;top:0;right:0;bottom:0;left:0}}.elementor-widget-video .elementor-open-inline .elementor-custom-embed-image-overlay{position:absolute;top:0;right:0;bottom:0;left:0;background-size:cover;background-position:50%}.elementor-widget-video .elementor-custom-embed-image-overlay{cursor:pointer;text-align:center}.elementor-widget-video .elementor-custom-embed-image-overlay:hover .elementor-custom-embed-play i{opacity:1}.elementor-widget-video .elementor-custom-embed-image-overlay img{display:block;width:100%;aspect-ratio:var(--video-aspect-ratio);-o-object-fit:cover;object-fit:cover;-o-object-position:center center;object-position:center center}@supports not (aspect-ratio:1\/1){.elementor-widget-video .elementor-custom-embed-image-overlay{position:relative;overflow:hidden;height:0;padding-bottom:calc(100% \/ var(--video-aspect-ratio))}.elementor-widget-video .elementor-custom-embed-image-overlay img{position:absolute;top:0;right:0;bottom:0;left:0}}.elementor-widget-video .e-hosted-video .elementor-video{-o-object-fit:cover;object-fit:cover}.e-con-inner>.elementor-widget-video,.e-con>.elementor-widget-video{width:var(--container-widget-width);--flex-grow:var(--container-widget-flex-grow)}<\/style>\t\t<div class=\"elementor-wrapper elementor-open-inline\">\n\t\t\t<iframe class=\"elementor-video-iframe\" allowfullscreen title=\"Reproductor de v\u00eddeo vimeo\" src=\"https:\/\/player.vimeo.com\/video\/143442520?color&amp;autopause=0&amp;loop=0&amp;muted=0&amp;title=1&amp;portrait=1&amp;byline=1#t=\"><\/iframe>\t\t<\/div>\n\t\t\t\t<\/div>\n\t\t\t\t<\/div>\n\t\t\t\t\t<\/div>\n\t\t<\/div>\n\t\t\t\t\t\t\t<\/div>\n\t\t<\/section>\n\t\t\t\t<section class=\"elementor-section elementor-top-section elementor-element elementor-element-5a8182e elementor-section-boxed elementor-section-height-default elementor-section-height-default\" data-id=\"5a8182e\" data-element_type=\"section\">\n\t\t\t\t\t\t<div class=\"elementor-container elementor-column-gap-default\">\n\t\t\t\t\t<div class=\"elementor-column elementor-col-100 elementor-top-column elementor-element elementor-element-d30f6f5\" data-id=\"d30f6f5\" data-element_type=\"column\">\n\t\t\t<div class=\"elementor-widget-wrap elementor-element-populated\">\n\t\t\t\t\t\t\t\t<div class=\"elementor-element elementor-element-23f33bf elementor-widget elementor-widget-text-editor\" data-id=\"23f33bf\" data-element_type=\"widget\" data-widget_type=\"text-editor.default\">\n\t\t\t\t<div class=\"elementor-widget-container\">\n\t\t\t\t\t\t\t<p>\u00a0<\/p><p>\u00a0<\/p>\t\t\t\t\t\t<\/div>\n\t\t\t\t<\/div>\n\t\t\t\t\t<\/div>\n\t\t<\/div>\n\t\t\t\t\t\t\t<\/div>\n\t\t<\/section>\n\t\t\t\t\t\t\t<\/div>\n\t\t","protected":false},"excerpt":{"rendered":"<p>Marcela Bruna Castro \u00a0 Propuesta visual que reflexiona sobre el femicidio como un problema jur\u00eddico &#8211; pol\u00edtico y social, en el que la comunidad y el estado ejercen poder y dominio sobre el cuerpo de las mujeres. Entendiendo que es una problem\u00e1tica que va mas all\u00e1 del \u00e1mbito dom\u00e9stico y privado, cuestiona la responsabilidad que &hellip; <\/p>\n<p class=\"link-more\"><a href=\"https:\/\/ofrendasfotograficas.net\/?page_id=635\" class=\"more-link\">Leer m\u00e1s<span class=\"screen-reader-text\"> \u00abDominio P\u00fablico\u00bb<\/span><\/a><\/p>\n","protected":false},"author":1,"featured_media":0,"parent":0,"menu_order":0,"comment_status":"closed","ping_status":"closed","template":"","meta":[],"featured_media_urls":[],"_links":{"self":[{"href":"https:\/\/ofrendasfotograficas.net\/index.php?rest_route=\/wp\/v2\/pages\/635"}],"collection":[{"href":"https:\/\/ofrendasfotograficas.net\/index.php?rest_route=\/wp\/v2\/pages"}],"about":[{"href":"https:\/\/ofrendasfotograficas.net\/index.php?rest_route=\/wp\/v2\/types\/page"}],"author":[{"embeddable":true,"href":"https:\/\/ofrendasfotograficas.net\/index.php?rest_route=\/wp\/v2\/users\/1"}],"replies":[{"embeddable":true,"href":"https:\/\/ofrendasfotograficas.net\/index.php?rest_route=%2Fwp%2Fv2%2Fcomments&post=635"}],"version-history":[{"count":37,"href":"https:\/\/ofrendasfotograficas.net\/index.php?rest_route=\/wp\/v2\/pages\/635\/revisions"}],"predecessor-version":[{"id":1789,"href":"https:\/\/ofrendasfotograficas.net\/index.php?rest_route=\/wp\/v2\/pages\/635\/revisions\/1789"}],"wp:attachment":[{"href":"https:\/\/ofrendasfotograficas.net\/index.php?rest_route=%2Fwp%2Fv2%2Fmedia&parent=635"}],"curies":[{"name":"wp","href":"https:\/\/api.w.org\/{rel}","templated":true}]}}