{"id":645,"date":"2024-07-02T17:54:41","date_gmt":"2024-07-02T17:54:41","guid":{"rendered":"https:\/\/ofrendasfotograficas.net\/?page_id=645"},"modified":"2024-07-31T11:11:51","modified_gmt":"2024-07-31T11:11:51","slug":"unos-cuantos-piquetitos","status":"publish","type":"page","link":"https:\/\/ofrendasfotograficas.net\/?page_id=645","title":{"rendered":"Unos cuantos piquetitos"},"content":{"rendered":"\t\t<div data-elementor-type=\"wp-page\" data-elementor-id=\"645\" class=\"elementor elementor-645\">\n\t\t\t\t\t\t\t\t\t<section class=\"elementor-section elementor-top-section elementor-element elementor-element-aad6962 elementor-section-boxed elementor-section-height-default elementor-section-height-default\" data-id=\"aad6962\" data-element_type=\"section\">\n\t\t\t\t\t\t<div class=\"elementor-container elementor-column-gap-default\">\n\t\t\t\t\t<div class=\"elementor-column elementor-col-100 elementor-top-column elementor-element elementor-element-11126bb\" data-id=\"11126bb\" data-element_type=\"column\">\n\t\t\t<div class=\"elementor-widget-wrap elementor-element-populated\">\n\t\t\t\t\t\t\t\t<div class=\"elementor-element elementor-element-ab7fc72 elementor-widget elementor-widget-text-editor\" data-id=\"ab7fc72\" data-element_type=\"widget\" data-widget_type=\"text-editor.default\">\n\t\t\t\t<div class=\"elementor-widget-container\">\n\t\t\t<style>\/*! elementor - v3.15.0 - 20-08-2023 *\/\n.elementor-widget-text-editor.elementor-drop-cap-view-stacked .elementor-drop-cap{background-color:#69727d;color:#fff}.elementor-widget-text-editor.elementor-drop-cap-view-framed .elementor-drop-cap{color:#69727d;border:3px solid;background-color:transparent}.elementor-widget-text-editor:not(.elementor-drop-cap-view-default) .elementor-drop-cap{margin-top:8px}.elementor-widget-text-editor:not(.elementor-drop-cap-view-default) .elementor-drop-cap-letter{width:1em;height:1em}.elementor-widget-text-editor .elementor-drop-cap{float:left;text-align:center;line-height:1;font-size:50px}.elementor-widget-text-editor .elementor-drop-cap-letter{display:inline-block}<\/style>\t\t\t\t<p>Zaida Gonz\u00e1lez R\u00edos<\/p>\t\t\t\t\t\t<\/div>\n\t\t\t\t<\/div>\n\t\t\t\t\t<\/div>\n\t\t<\/div>\n\t\t\t\t\t\t\t<\/div>\n\t\t<\/section>\n\t\t\t\t<section class=\"elementor-section elementor-top-section elementor-element elementor-element-b7b157f elementor-section-boxed elementor-section-height-default elementor-section-height-default\" data-id=\"b7b157f\" data-element_type=\"section\">\n\t\t\t\t\t\t<div class=\"elementor-container elementor-column-gap-default\">\n\t\t\t\t\t<div class=\"elementor-column elementor-col-100 elementor-top-column elementor-element elementor-element-aaa01d7\" data-id=\"aaa01d7\" data-element_type=\"column\">\n\t\t\t<div class=\"elementor-widget-wrap elementor-element-populated\">\n\t\t\t\t\t\t\t\t<div class=\"elementor-element elementor-element-0c87f54 elementor-widget elementor-widget-image\" data-id=\"0c87f54\" data-element_type=\"widget\" data-widget_type=\"image.default\">\n\t\t\t\t<div class=\"elementor-widget-container\">\n\t\t\t<style>\/*! elementor - v3.15.0 - 20-08-2023 *\/\n.elementor-widget-image{text-align:center}.elementor-widget-image a{display:inline-block}.elementor-widget-image a img[src$=\".svg\"]{width:48px}.elementor-widget-image img{vertical-align:middle;display:inline-block}<\/style>\t\t\t\t\t\t\t\t\t\t\t\t<img decoding=\"async\" width=\"668\" height=\"1024\" src=\"https:\/\/ofrendasfotograficas.net\/wp-content\/uploads\/2023\/09\/Zaida-Gonzalezunos-cuantos-piquetitos-668x1024.jpg\" class=\"attachment-large size-large wp-image-393\" alt=\"Fotograf\u00eda vertical coloreada a mano: una mujer travesti desnuda de pelo rubio, con pancarta que dice &#039;Unos cuantos piquetitos&#039; por encima de ella, l\u00edneas rojas y golondrinas amarillas salen de su pecho. Sostiene un machete amarillo en sus manos a la altura del pubis y una figura de la Virgen Mar\u00eda en rojo en el suelo, rodeada de hojas amarillas.\" loading=\"lazy\" srcset=\"https:\/\/ofrendasfotograficas.net\/wp-content\/uploads\/2023\/09\/Zaida-Gonzalezunos-cuantos-piquetitos-668x1024.jpg 668w, https:\/\/ofrendasfotograficas.net\/wp-content\/uploads\/2023\/09\/Zaida-Gonzalezunos-cuantos-piquetitos-196x300.jpg 196w, https:\/\/ofrendasfotograficas.net\/wp-content\/uploads\/2023\/09\/Zaida-Gonzalezunos-cuantos-piquetitos-768x1178.jpg 768w, https:\/\/ofrendasfotograficas.net\/wp-content\/uploads\/2023\/09\/Zaida-Gonzalezunos-cuantos-piquetitos-1002x1536.jpg 1002w, https:\/\/ofrendasfotograficas.net\/wp-content\/uploads\/2023\/09\/Zaida-Gonzalezunos-cuantos-piquetitos-600x920.jpg 600w, https:\/\/ofrendasfotograficas.net\/wp-content\/uploads\/2023\/09\/Zaida-Gonzalezunos-cuantos-piquetitos.jpg 1080w\" sizes=\"100vw\" \/>\t\t\t\t\t\t\t\t\t\t\t\t\t\t\t<\/div>\n\t\t\t\t<\/div>\n\t\t\t\t\t<\/div>\n\t\t<\/div>\n\t\t\t\t\t\t\t<\/div>\n\t\t<\/section>\n\t\t\t\t<section class=\"elementor-section elementor-top-section elementor-element elementor-element-7b9d611 elementor-section-boxed elementor-section-height-default elementor-section-height-default\" data-id=\"7b9d611\" data-element_type=\"section\">\n\t\t\t\t\t\t<div class=\"elementor-container elementor-column-gap-default\">\n\t\t\t\t\t<div class=\"elementor-column elementor-col-100 elementor-top-column elementor-element elementor-element-7788fba\" data-id=\"7788fba\" data-element_type=\"column\">\n\t\t\t<div class=\"elementor-widget-wrap elementor-element-populated\">\n\t\t\t\t\t\t\t\t<div class=\"elementor-element elementor-element-ee93965 elementor-widget elementor-widget-text-editor\" data-id=\"ee93965\" data-element_type=\"widget\" data-widget_type=\"text-editor.default\">\n\t\t\t\t<div class=\"elementor-widget-container\">\n\t\t\t\t\t\t\t<p>\u00a0<\/p><p>Esta imagen se basa en el caso de Claudia Zu\u0301n\u0303iga Mancilla de 37 an\u0303os, quien murio\u0301 tras recibir 20 pun\u0303aladas por su pareja Cecilio Navarro de 50, en la comuna de Lo Prado en Santiago, donde tambie\u0301n resultaron heridos el padre y la hija de ella. Segu\u0301n las noticias este es el caso N\u00ba 33 del an\u0303o 2014, pero segu\u0301n la tabla de femicidios publicados por nomasviolenciacontramujeres.cl seri\u0301a el nu\u0301mero 48.<\/p><p>Busqu\u00e9 sus redes sociales y en su facebook describe que era enfermera asistencial. La u\u0301ltima publicacio\u0301n la hizo uno de sus hijos 10 di\u0301as despue\u0301s de su muerte con el texto: \u201cQ.E.P.D mamita, te amo, no sabe cuanta falta me haces, es el momento de que vueles muy alto. Cristo\u0301bal, Felipe y Francisca\u201d.\u00a0<\/p><p>Por sus fotos parec\u00eda una mujer humilde, con una mirada triste. Por sus escritos, una mujer religiosa con esperanza: \u201cSo\u0301lo Dios puede llenar el vaci\u0301o y la soledad que hay en tu corazo\u0301n\u201d. Tal vez indicios que alertaban sufrimiento y ped\u00eda silenciosamente contenci\u00f3n.<\/p><p>Con el caso de Claudia record\u00e9 el autorretrato de Frida Kahlo llamado \u201cUnos cuantos piquetitos\u201d, que fue resignado con el ti\u0301tulo \u201cApasionadamente Enamorada\u201d. La obra inspiro\u0301 a la autora despue\u0301s de leer una noticia sobre una mujer asesinada por su novio borracho y el comentario del asesino al ser arrestado fue: \u201cPero si so\u0301lo le di unos cuantos piquetitos\u201d y coincidentemente al igual que Claudia, fueron 20 pun\u0303aladas. Esta pintura, tambie\u0301n refleja el dolor de Frida luego de que su esposo le fuera infiel con su hermana Cristina. Kahlo le confeso\u0301 a una amiga que empatizaba con la mujer muerta ya que ella misma se senti\u0301a \u201casesinada por la vida\u201d.<\/p><p>En esta fotograf\u00eda posa Claudia Rodr\u00edguez, activista y poeta transexual, considerando dentro del feminismo y la violencia de g\u00e9nero a las mujeres trans.<\/p><p>\u00a0<\/p><p>\u00a0<\/p>\t\t\t\t\t\t<\/div>\n\t\t\t\t<\/div>\n\t\t\t\t\t<\/div>\n\t\t<\/div>\n\t\t\t\t\t\t\t<\/div>\n\t\t<\/section>\n\t\t\t\t\t\t\t<\/div>\n\t\t","protected":false},"excerpt":{"rendered":"<p>Zaida Gonz\u00e1lez R\u00edos \u00a0 Esta imagen se basa en el caso de Claudia Zu\u0301n\u0303iga Mancilla de 37 an\u0303os, quien murio\u0301 tras recibir 20 pun\u0303aladas por su pareja Cecilio Navarro de 50, en la comuna de Lo Prado en Santiago, donde tambie\u0301n resultaron heridos el padre y la hija de ella. Segu\u0301n las noticias este es &hellip; <\/p>\n<p class=\"link-more\"><a href=\"https:\/\/ofrendasfotograficas.net\/?page_id=645\" class=\"more-link\">Leer m\u00e1s<span class=\"screen-reader-text\"> \u00abUnos cuantos piquetitos\u00bb<\/span><\/a><\/p>\n","protected":false},"author":1,"featured_media":0,"parent":0,"menu_order":0,"comment_status":"closed","ping_status":"closed","template":"","meta":[],"featured_media_urls":[],"_links":{"self":[{"href":"https:\/\/ofrendasfotograficas.net\/index.php?rest_route=\/wp\/v2\/pages\/645"}],"collection":[{"href":"https:\/\/ofrendasfotograficas.net\/index.php?rest_route=\/wp\/v2\/pages"}],"about":[{"href":"https:\/\/ofrendasfotograficas.net\/index.php?rest_route=\/wp\/v2\/types\/page"}],"author":[{"embeddable":true,"href":"https:\/\/ofrendasfotograficas.net\/index.php?rest_route=\/wp\/v2\/users\/1"}],"replies":[{"embeddable":true,"href":"https:\/\/ofrendasfotograficas.net\/index.php?rest_route=%2Fwp%2Fv2%2Fcomments&post=645"}],"version-history":[{"count":34,"href":"https:\/\/ofrendasfotograficas.net\/index.php?rest_route=\/wp\/v2\/pages\/645\/revisions"}],"predecessor-version":[{"id":1783,"href":"https:\/\/ofrendasfotograficas.net\/index.php?rest_route=\/wp\/v2\/pages\/645\/revisions\/1783"}],"wp:attachment":[{"href":"https:\/\/ofrendasfotograficas.net\/index.php?rest_route=%2Fwp%2Fv2%2Fmedia&parent=645"}],"curies":[{"name":"wp","href":"https:\/\/api.w.org\/{rel}","templated":true}]}}