{"id":650,"date":"2024-07-02T17:57:54","date_gmt":"2024-07-02T17:57:54","guid":{"rendered":"https:\/\/ofrendasfotograficas.net\/?page_id=650"},"modified":"2024-07-31T10:57:04","modified_gmt":"2024-07-31T10:57:04","slug":"cultura-de-la-violacion","status":"publish","type":"page","link":"https:\/\/ofrendasfotograficas.net\/?page_id=650","title":{"rendered":"Cultura de la violaci\u00f3n"},"content":{"rendered":"\t\t<div data-elementor-type=\"wp-page\" data-elementor-id=\"650\" class=\"elementor elementor-650\">\n\t\t\t\t\t\t\t\t\t<section class=\"elementor-section elementor-top-section elementor-element elementor-element-001daf6 elementor-section-boxed elementor-section-height-default elementor-section-height-default\" data-id=\"001daf6\" data-element_type=\"section\">\n\t\t\t\t\t\t<div class=\"elementor-container elementor-column-gap-default\">\n\t\t\t\t\t<div class=\"elementor-column elementor-col-100 elementor-top-column elementor-element elementor-element-f94c0dd\" data-id=\"f94c0dd\" data-element_type=\"column\">\n\t\t\t<div class=\"elementor-widget-wrap elementor-element-populated\">\n\t\t\t\t\t\t\t\t<div class=\"elementor-element elementor-element-b24bb7a elementor-widget elementor-widget-text-editor\" data-id=\"b24bb7a\" data-element_type=\"widget\" data-widget_type=\"text-editor.default\">\n\t\t\t\t<div class=\"elementor-widget-container\">\n\t\t\t<style>\/*! elementor - v3.15.0 - 20-08-2023 *\/\n.elementor-widget-text-editor.elementor-drop-cap-view-stacked .elementor-drop-cap{background-color:#69727d;color:#fff}.elementor-widget-text-editor.elementor-drop-cap-view-framed .elementor-drop-cap{color:#69727d;border:3px solid;background-color:transparent}.elementor-widget-text-editor:not(.elementor-drop-cap-view-default) .elementor-drop-cap{margin-top:8px}.elementor-widget-text-editor:not(.elementor-drop-cap-view-default) .elementor-drop-cap-letter{width:1em;height:1em}.elementor-widget-text-editor .elementor-drop-cap{float:left;text-align:center;line-height:1;font-size:50px}.elementor-widget-text-editor .elementor-drop-cap-letter{display:inline-block}<\/style>\t\t\t\t<p>Andrea Herrera Poblete<\/p>\t\t\t\t\t\t<\/div>\n\t\t\t\t<\/div>\n\t\t\t\t\t<\/div>\n\t\t<\/div>\n\t\t\t\t\t\t\t<\/div>\n\t\t<\/section>\n\t\t\t\t<section class=\"elementor-section elementor-top-section elementor-element elementor-element-b1cc428 elementor-section-boxed elementor-section-height-default elementor-section-height-default\" data-id=\"b1cc428\" data-element_type=\"section\">\n\t\t\t\t\t\t<div class=\"elementor-container elementor-column-gap-default\">\n\t\t\t\t\t<div class=\"elementor-column elementor-col-50 elementor-top-column elementor-element elementor-element-e29aa93\" data-id=\"e29aa93\" data-element_type=\"column\">\n\t\t\t<div class=\"elementor-widget-wrap elementor-element-populated\">\n\t\t\t\t\t\t\t\t<div class=\"elementor-element elementor-element-4745ec5 elementor-widget elementor-widget-image\" data-id=\"4745ec5\" data-element_type=\"widget\" data-widget_type=\"image.default\">\n\t\t\t\t<div class=\"elementor-widget-container\">\n\t\t\t<style>\/*! elementor - v3.15.0 - 20-08-2023 *\/\n.elementor-widget-image{text-align:center}.elementor-widget-image a{display:inline-block}.elementor-widget-image a img[src$=\".svg\"]{width:48px}.elementor-widget-image img{vertical-align:middle;display:inline-block}<\/style>\t\t\t\t\t\t\t\t\t\t\t\t<img decoding=\"async\" width=\"883\" height=\"586\" src=\"https:\/\/ofrendasfotograficas.net\/wp-content\/uploads\/2024\/07\/Andrea-Herrera_linea-tren.jpg\" class=\"attachment-large size-large wp-image-1185\" alt=\"Fotograf\u00eda a color de zona urbana de la ciudad de San Fernando. Imagen horizontal que muestra un camino f\u00e9rreo. En la mitad superior hay un cielo celeste con nubes blancas donde se observan tendidos el\u00e9ctricos y cables del tren que se pierden en una perspectiva profunda. Al centro 2 l\u00edneas f\u00e9rreas y en primer plano un camino de cemento.\" loading=\"lazy\" srcset=\"https:\/\/ofrendasfotograficas.net\/wp-content\/uploads\/2024\/07\/Andrea-Herrera_linea-tren.jpg 883w, https:\/\/ofrendasfotograficas.net\/wp-content\/uploads\/2024\/07\/Andrea-Herrera_linea-tren-300x199.jpg 300w, https:\/\/ofrendasfotograficas.net\/wp-content\/uploads\/2024\/07\/Andrea-Herrera_linea-tren-768x510.jpg 768w, https:\/\/ofrendasfotograficas.net\/wp-content\/uploads\/2024\/07\/Andrea-Herrera_linea-tren-600x398.jpg 600w\" sizes=\"100vw\" \/>\t\t\t\t\t\t\t\t\t\t\t\t\t\t\t<\/div>\n\t\t\t\t<\/div>\n\t\t\t\t<div class=\"elementor-element elementor-element-0a22ca8 elementor-widget elementor-widget-text-editor\" data-id=\"0a22ca8\" data-element_type=\"widget\" data-widget_type=\"text-editor.default\">\n\t\t\t\t<div class=\"elementor-widget-container\">\n\t\t\t\t\t\t\t<p>\u201cHacer presi\u00f3n para que cambien protocolos policiales y judiciales, que el enfoque de g\u00e9nero impregne la jurisprudencia de los tribunales de cada uno de nuestros pa\u00edses, ayuda a romper el silencio, el abuso. La impunidad. El c\u00edrculo de la violencia\u201d.<\/p><p>M\u00f3nica Gonz\u00e1lez &#8211; Premio Nacional Periodismo \/ 10 &#8211; 11 &#8211; 2022<\/p>\t\t\t\t\t\t<\/div>\n\t\t\t\t<\/div>\n\t\t\t\t\t<\/div>\n\t\t<\/div>\n\t\t\t\t<div class=\"elementor-column elementor-col-50 elementor-top-column elementor-element elementor-element-1d8d32b\" data-id=\"1d8d32b\" data-element_type=\"column\">\n\t\t\t<div class=\"elementor-widget-wrap elementor-element-populated\">\n\t\t\t\t\t\t\t\t<div class=\"elementor-element elementor-element-4af6551 elementor-widget elementor-widget-image\" data-id=\"4af6551\" data-element_type=\"widget\" data-widget_type=\"image.default\">\n\t\t\t\t<div class=\"elementor-widget-container\">\n\t\t\t\t\t\t\t\t\t\t\t\t\t\t\t<img decoding=\"async\" width=\"883\" height=\"586\" src=\"https:\/\/ofrendasfotograficas.net\/wp-content\/uploads\/2024\/07\/Andrea-Herrera_pacos.jpg\" class=\"attachment-large size-large wp-image-1187\" alt=\"Fotograf\u00eda horizontal a color. Muestra una comisar\u00eda de Carabineros de Chile, de la ciudad de Concepci\u00f3n. Construcci\u00f3n mitad blanca y verde musgo. En el frontis hay cuatro ventanas con rejas y entrada protegida con un alero, sobre la vereda 2 \u00e1rboles con pocas hojas y sobre ellos gruesos cables el\u00e9ctricos. En la parte inferior, la calle mojada.\" loading=\"lazy\" srcset=\"https:\/\/ofrendasfotograficas.net\/wp-content\/uploads\/2024\/07\/Andrea-Herrera_pacos.jpg 883w, https:\/\/ofrendasfotograficas.net\/wp-content\/uploads\/2024\/07\/Andrea-Herrera_pacos-300x199.jpg 300w, https:\/\/ofrendasfotograficas.net\/wp-content\/uploads\/2024\/07\/Andrea-Herrera_pacos-768x510.jpg 768w, https:\/\/ofrendasfotograficas.net\/wp-content\/uploads\/2024\/07\/Andrea-Herrera_pacos-600x398.jpg 600w\" sizes=\"100vw\" \/>\t\t\t\t\t\t\t\t\t\t\t\t\t\t\t<\/div>\n\t\t\t\t<\/div>\n\t\t\t\t<div class=\"elementor-element elementor-element-dc529ad elementor-widget elementor-widget-text-editor\" data-id=\"dc529ad\" data-element_type=\"widget\" data-widget_type=\"text-editor.default\">\n\t\t\t\t<div class=\"elementor-widget-container\">\n\t\t\t\t\t\t\t<p>La primera instituci\u00f3n a la que se debe acudir ante un caso de violencia sexual no cuenta con especialistas en la guardia de turno, la cual se compone s\u00f3lo de funcionarios. \u00abEn todo caso son muy pocos los casos de violaci\u00f3n que se presentan al a\u00f1o\u00bb<\/p><p>Cabo Figueroa \/ 21 &#8211; 09 &#8211; 2015<\/p>\t\t\t\t\t\t<\/div>\n\t\t\t\t<\/div>\n\t\t\t\t\t<\/div>\n\t\t<\/div>\n\t\t\t\t\t\t\t<\/div>\n\t\t<\/section>\n\t\t\t\t<section class=\"elementor-section elementor-top-section elementor-element elementor-element-ec71bdb elementor-section-boxed elementor-section-height-default elementor-section-height-default\" data-id=\"ec71bdb\" data-element_type=\"section\">\n\t\t\t\t\t\t<div class=\"elementor-container elementor-column-gap-default\">\n\t\t\t\t\t<div class=\"elementor-column elementor-col-50 elementor-top-column elementor-element elementor-element-e9ee4a8\" data-id=\"e9ee4a8\" data-element_type=\"column\">\n\t\t\t<div class=\"elementor-widget-wrap elementor-element-populated\">\n\t\t\t\t\t\t\t\t<div class=\"elementor-element elementor-element-0bf546c elementor-widget elementor-widget-image\" data-id=\"0bf546c\" data-element_type=\"widget\" data-widget_type=\"image.default\">\n\t\t\t\t<div class=\"elementor-widget-container\">\n\t\t\t\t\t\t\t\t\t\t\t\t\t\t\t<img decoding=\"async\" width=\"883\" height=\"586\" src=\"https:\/\/ofrendasfotograficas.net\/wp-content\/uploads\/2024\/07\/Andrea-Herrera_paradero.jpg\" class=\"attachment-large size-large wp-image-1188\" alt=\"Fotograf\u00eda de zona urbana con poca iluminaci\u00f3n de la ciudad de Concepci\u00f3n. Imagen horizontal a color. Al fondo un edificio habitacional blanco protegido por una reja. En la vereda, que tiene muy poca iluminaci\u00f3n, hay un paradero en penumbra.\" loading=\"lazy\" srcset=\"https:\/\/ofrendasfotograficas.net\/wp-content\/uploads\/2024\/07\/Andrea-Herrera_paradero.jpg 883w, https:\/\/ofrendasfotograficas.net\/wp-content\/uploads\/2024\/07\/Andrea-Herrera_paradero-300x199.jpg 300w, https:\/\/ofrendasfotograficas.net\/wp-content\/uploads\/2024\/07\/Andrea-Herrera_paradero-768x510.jpg 768w, https:\/\/ofrendasfotograficas.net\/wp-content\/uploads\/2024\/07\/Andrea-Herrera_paradero-600x398.jpg 600w\" sizes=\"100vw\" \/>\t\t\t\t\t\t\t\t\t\t\t\t\t\t\t<\/div>\n\t\t\t\t<\/div>\n\t\t\t\t<div class=\"elementor-element elementor-element-ae4d74b elementor-widget elementor-widget-text-editor\" data-id=\"ae4d74b\" data-element_type=\"widget\" data-widget_type=\"text-editor.default\">\n\t\t\t\t<div class=\"elementor-widget-container\">\n\t\t\t\t\t\t\t<p>\u00abCuando trat\u00e9 de liberarme \u00e9l me agarr\u00f3, estuve tan asustada que empec\u00e9 a golpearle con mi bolso (&#8230;) La gente que pasaba al lado solo se deten\u00eda para mirar, y ni una persona se interes\u00f3 en qu\u00e9 estaba pasando\u00bb<\/p><p>Soledad \/ 13 &#8211; 05 &#8211; 2013<\/p>\t\t\t\t\t\t<\/div>\n\t\t\t\t<\/div>\n\t\t\t\t\t<\/div>\n\t\t<\/div>\n\t\t\t\t<div class=\"elementor-column elementor-col-50 elementor-top-column elementor-element elementor-element-369d0f6\" data-id=\"369d0f6\" data-element_type=\"column\">\n\t\t\t<div class=\"elementor-widget-wrap elementor-element-populated\">\n\t\t\t\t\t\t\t\t<div class=\"elementor-element elementor-element-f0cd5c5 elementor-widget elementor-widget-image\" data-id=\"f0cd5c5\" data-element_type=\"widget\" data-widget_type=\"image.default\">\n\t\t\t\t<div class=\"elementor-widget-container\">\n\t\t\t\t\t\t\t\t\t\t\t\t\t\t\t<img decoding=\"async\" width=\"950\" height=\"632\" src=\"https:\/\/ofrendasfotograficas.net\/wp-content\/uploads\/2024\/07\/Andrea-Herrera_noche-bosque-1024x681.jpg\" class=\"attachment-large size-large wp-image-1186\" alt=\"Paisaje fotogr\u00e1fico nocturno, horizontal. Imagen muy oscura, al fondo arbustos y \u00e1rboles verdes. En el centro y en primer plano, gracias a una luz tenue, se puede observar un camino de tierra con hojas en el suelo, que se pierde en la oscuridad.\" loading=\"lazy\" srcset=\"https:\/\/ofrendasfotograficas.net\/wp-content\/uploads\/2024\/07\/Andrea-Herrera_noche-bosque-1024x681.jpg 1024w, https:\/\/ofrendasfotograficas.net\/wp-content\/uploads\/2024\/07\/Andrea-Herrera_noche-bosque-300x200.jpg 300w, https:\/\/ofrendasfotograficas.net\/wp-content\/uploads\/2024\/07\/Andrea-Herrera_noche-bosque-768x511.jpg 768w, https:\/\/ofrendasfotograficas.net\/wp-content\/uploads\/2024\/07\/Andrea-Herrera_noche-bosque-600x399.jpg 600w, https:\/\/ofrendasfotograficas.net\/wp-content\/uploads\/2024\/07\/Andrea-Herrera_noche-bosque-1200x798.jpg 1200w, https:\/\/ofrendasfotograficas.net\/wp-content\/uploads\/2024\/07\/Andrea-Herrera_noche-bosque.jpg 1457w\" sizes=\"100vw\" \/>\t\t\t\t\t\t\t\t\t\t\t\t\t\t\t<\/div>\n\t\t\t\t<\/div>\n\t\t\t\t<div class=\"elementor-element elementor-element-e6ab911 elementor-widget elementor-widget-text-editor\" data-id=\"e6ab911\" data-element_type=\"widget\" data-widget_type=\"text-editor.default\">\n\t\t\t\t<div class=\"elementor-widget-container\">\n\t\t\t\t\t\t\t<p>\u00bfQu\u00e9 estaba haciendo sola a las 12 de la noche?<\/p><p>\u00bfPor qu\u00e9 andaba con pantalones tan ajustados?<\/p><p>Gabriela Andrea \/ 01 &#8211; 12 &#8211; 2023<\/p>\t\t\t\t\t\t<\/div>\n\t\t\t\t<\/div>\n\t\t\t\t\t<\/div>\n\t\t<\/div>\n\t\t\t\t\t\t\t<\/div>\n\t\t<\/section>\n\t\t\t\t<section class=\"elementor-section elementor-top-section elementor-element elementor-element-a956d04 elementor-section-boxed elementor-section-height-default elementor-section-height-default\" data-id=\"a956d04\" data-element_type=\"section\">\n\t\t\t\t\t\t<div class=\"elementor-container elementor-column-gap-default\">\n\t\t\t\t\t<div class=\"elementor-column elementor-col-50 elementor-top-column elementor-element elementor-element-5188a32\" data-id=\"5188a32\" data-element_type=\"column\">\n\t\t\t<div class=\"elementor-widget-wrap elementor-element-populated\">\n\t\t\t\t\t\t\t\t<div class=\"elementor-element elementor-element-96c204b elementor-widget elementor-widget-image\" data-id=\"96c204b\" data-element_type=\"widget\" data-widget_type=\"image.default\">\n\t\t\t\t<div class=\"elementor-widget-container\">\n\t\t\t\t\t\t\t\t\t\t\t\t\t\t\t<img decoding=\"async\" width=\"883\" height=\"586\" src=\"https:\/\/ofrendasfotograficas.net\/wp-content\/uploads\/2024\/07\/Andrea-Herrera_fiscalia.jpg\" class=\"attachment-large size-large wp-image-1183\" alt=\"Fotograf\u00eda de la fiscal\u00eda de la ciudad de Concepci\u00f3n. Imagen horizontal a color, al fondo un edificio blanco lleva escrito: Fiscal\u00eda, con reja blanca que resguarda toda la fachada. Al lado izquierdo est\u00e1 la entrada de peatones y al lado derecho la de veh\u00edculos. En la parte inferior la vereda y casi al centro un \u00e1rbol delgado con muchas hojas verdes.\" loading=\"lazy\" srcset=\"https:\/\/ofrendasfotograficas.net\/wp-content\/uploads\/2024\/07\/Andrea-Herrera_fiscalia.jpg 883w, https:\/\/ofrendasfotograficas.net\/wp-content\/uploads\/2024\/07\/Andrea-Herrera_fiscalia-300x199.jpg 300w, https:\/\/ofrendasfotograficas.net\/wp-content\/uploads\/2024\/07\/Andrea-Herrera_fiscalia-768x510.jpg 768w, https:\/\/ofrendasfotograficas.net\/wp-content\/uploads\/2024\/07\/Andrea-Herrera_fiscalia-600x398.jpg 600w\" sizes=\"100vw\" \/>\t\t\t\t\t\t\t\t\t\t\t\t\t\t\t<\/div>\n\t\t\t\t<\/div>\n\t\t\t\t<div class=\"elementor-element elementor-element-2ab9f63 elementor-widget elementor-widget-text-editor\" data-id=\"2ab9f63\" data-element_type=\"widget\" data-widget_type=\"text-editor.default\">\n\t\t\t\t<div class=\"elementor-widget-container\">\n\t\t\t\t\t\t\t<p>Entre 2010 y 2014 la Fiscal\u00eda Nacional registr\u00f3 11.848 causas de violaci\u00f3n a mujeres mayores de 18 a\u00f1os. De ellas, 7.583 fueron archivadas provisionalmente, pues el fiscal no cont\u00f3 con antecedentes suficientes para determinar la ocurrencia del hecho o qui\u00e9n lo cometi\u00f3. Solo 790 recibieron condena definitiva y en 180, el acusado fue absuelto.<\/p><p>Cifras oficiales Ministerio P\u00fablico \/ 2015<\/p>\t\t\t\t\t\t<\/div>\n\t\t\t\t<\/div>\n\t\t\t\t\t<\/div>\n\t\t<\/div>\n\t\t\t\t<div class=\"elementor-column elementor-col-50 elementor-top-column elementor-element elementor-element-4823595\" data-id=\"4823595\" data-element_type=\"column\">\n\t\t\t<div class=\"elementor-widget-wrap elementor-element-populated\">\n\t\t\t\t\t\t\t\t<div class=\"elementor-element elementor-element-09f8ef2 elementor-widget elementor-widget-image\" data-id=\"09f8ef2\" data-element_type=\"widget\" data-widget_type=\"image.default\">\n\t\t\t\t<div class=\"elementor-widget-container\">\n\t\t\t\t\t\t\t\t\t\t\t\t\t\t\t<img decoding=\"async\" width=\"883\" height=\"587\" src=\"https:\/\/ofrendasfotograficas.net\/wp-content\/uploads\/2024\/07\/Andrea-Herrera_casa.jpg\" class=\"attachment-large size-large wp-image-1182\" alt=\"Esta imagen horizontal muestra una casa en un entorno urbano, tomada durante la noche. La escena est\u00e1 iluminada por luces artificiales y la casa presenta una bandera chilena en el exterior. La casa tiene un dise\u00f1o sencillo y funcional, con una cerca que delimita la propiedad.\" loading=\"lazy\" srcset=\"https:\/\/ofrendasfotograficas.net\/wp-content\/uploads\/2024\/07\/Andrea-Herrera_casa.jpg 883w, https:\/\/ofrendasfotograficas.net\/wp-content\/uploads\/2024\/07\/Andrea-Herrera_casa-300x199.jpg 300w, https:\/\/ofrendasfotograficas.net\/wp-content\/uploads\/2024\/07\/Andrea-Herrera_casa-768x511.jpg 768w, https:\/\/ofrendasfotograficas.net\/wp-content\/uploads\/2024\/07\/Andrea-Herrera_casa-600x399.jpg 600w\" sizes=\"100vw\" \/>\t\t\t\t\t\t\t\t\t\t\t\t\t\t\t<\/div>\n\t\t\t\t<\/div>\n\t\t\t\t<div class=\"elementor-element elementor-element-37cb5e1 elementor-widget elementor-widget-text-editor\" data-id=\"37cb5e1\" data-element_type=\"widget\" data-widget_type=\"text-editor.default\">\n\t\t\t\t<div class=\"elementor-widget-container\">\n\t\t\t\t\t\t\t<p>\u201cEsas feministas que aparecen ahora diciendo haber sido violadas y no denunciaron a tiempo a sus agresores son c\u00f3mplices de violaciones que estos pudieron perpetrar, gracias a su silencio\u201d<\/p><p>Johannes Kaiser &#8211; Diputado Republicano \/ 23 &#8211; 11 &#8211; 2021<\/p>\t\t\t\t\t\t<\/div>\n\t\t\t\t<\/div>\n\t\t\t\t\t<\/div>\n\t\t<\/div>\n\t\t\t\t\t\t\t<\/div>\n\t\t<\/section>\n\t\t\t\t<section class=\"elementor-section elementor-top-section elementor-element elementor-element-340902b elementor-section-boxed elementor-section-height-default elementor-section-height-default\" data-id=\"340902b\" data-element_type=\"section\">\n\t\t\t\t\t\t<div class=\"elementor-container elementor-column-gap-default\">\n\t\t\t\t\t<div class=\"elementor-column elementor-col-50 elementor-top-column elementor-element elementor-element-21fd804\" data-id=\"21fd804\" data-element_type=\"column\">\n\t\t\t<div class=\"elementor-widget-wrap elementor-element-populated\">\n\t\t\t\t\t\t\t\t<div class=\"elementor-element elementor-element-498c136 elementor-widget elementor-widget-image\" data-id=\"498c136\" data-element_type=\"widget\" data-widget_type=\"image.default\">\n\t\t\t\t<div class=\"elementor-widget-container\">\n\t\t\t\t\t\t\t\t\t\t\t\t\t\t\t<img decoding=\"async\" width=\"883\" height=\"586\" src=\"https:\/\/ofrendasfotograficas.net\/wp-content\/uploads\/2024\/07\/Andrea-Herrera_hospital.jpg\" class=\"attachment-large size-large wp-image-1184\" alt=\"Fotograf\u00eda a color del frontis del hospital de San Fernando. El edificio ocupa dos tercios superior de la imagen, su fachada est\u00e1 compuesta de tres pisos, es de color blanco, con ventanas corredizas. A ambos costados se ven \u00e1rboles grandes. En la parte inferior un corredor de palmetas de cemento rojas claras son cubiertas con hojas amarillentas.\" loading=\"lazy\" srcset=\"https:\/\/ofrendasfotograficas.net\/wp-content\/uploads\/2024\/07\/Andrea-Herrera_hospital.jpg 883w, https:\/\/ofrendasfotograficas.net\/wp-content\/uploads\/2024\/07\/Andrea-Herrera_hospital-300x199.jpg 300w, https:\/\/ofrendasfotograficas.net\/wp-content\/uploads\/2024\/07\/Andrea-Herrera_hospital-768x510.jpg 768w, https:\/\/ofrendasfotograficas.net\/wp-content\/uploads\/2024\/07\/Andrea-Herrera_hospital-600x398.jpg 600w\" sizes=\"100vw\" \/>\t\t\t\t\t\t\t\t\t\t\t\t\t\t\t<\/div>\n\t\t\t\t<\/div>\n\t\t\t\t<div class=\"elementor-element elementor-element-760e684 elementor-widget elementor-widget-text-editor\" data-id=\"760e684\" data-element_type=\"widget\" data-widget_type=\"text-editor.default\">\n\t\t\t\t<div class=\"elementor-widget-container\">\n\t\t\t\t\t\t\t<p>\u00abUna chica decente no da vueltas a las nueve de la noche. Las mujeres son mucho m\u00e1s responsables de las violaciones que los hombres\u00bb<\/p><p>Cristian \/ 18 &#8211; 09 &#8211; 2012<\/p>\t\t\t\t\t\t<\/div>\n\t\t\t\t<\/div>\n\t\t\t\t\t<\/div>\n\t\t<\/div>\n\t\t\t\t<div class=\"elementor-column elementor-col-50 elementor-top-column elementor-element elementor-element-08c75bb\" data-id=\"08c75bb\" data-element_type=\"column\">\n\t\t\t<div class=\"elementor-widget-wrap elementor-element-populated\">\n\t\t\t\t\t\t\t\t<div class=\"elementor-element elementor-element-5d1b816 elementor-widget elementor-widget-image\" data-id=\"5d1b816\" data-element_type=\"widget\" data-widget_type=\"image.default\">\n\t\t\t\t<div class=\"elementor-widget-container\">\n\t\t\t\t\t\t\t\t\t\t\t\t\t\t\t<img decoding=\"async\" width=\"883\" height=\"586\" src=\"https:\/\/ofrendasfotograficas.net\/wp-content\/uploads\/2024\/07\/Andrea-Herrera_bano-publico-.jpg\" class=\"attachment-large size-large wp-image-1181\" alt=\"Fotograf\u00eda a color horizontal. Interior de un ba\u00f1o p\u00fablico. Al lado izquierdo una puerta oscura entreabierta. Al centro y hacia la derecha tres lavamanos son iluminados por la luz natural que entra diagonalmente desde una ventana alta.\" loading=\"lazy\" srcset=\"https:\/\/ofrendasfotograficas.net\/wp-content\/uploads\/2024\/07\/Andrea-Herrera_bano-publico-.jpg 883w, https:\/\/ofrendasfotograficas.net\/wp-content\/uploads\/2024\/07\/Andrea-Herrera_bano-publico--300x199.jpg 300w, https:\/\/ofrendasfotograficas.net\/wp-content\/uploads\/2024\/07\/Andrea-Herrera_bano-publico--768x510.jpg 768w, https:\/\/ofrendasfotograficas.net\/wp-content\/uploads\/2024\/07\/Andrea-Herrera_bano-publico--600x398.jpg 600w\" sizes=\"100vw\" \/>\t\t\t\t\t\t\t\t\t\t\t\t\t\t\t<\/div>\n\t\t\t\t<\/div>\n\t\t\t\t<div class=\"elementor-element elementor-element-2cac0d7 elementor-widget elementor-widget-text-editor\" data-id=\"2cac0d7\" data-element_type=\"widget\" data-widget_type=\"text-editor.default\">\n\t\t\t\t<div class=\"elementor-widget-container\">\n\t\t\t\t\t\t\t<p>\u00abLa dignidad de una mujer no se pierde por el hecho de ser violada (&#8230;)<br \/>Hay violaciones violentas y violaciones no violentas\u00bb<\/p><p>Marcela Turres &#8211; Parlamentaria UDI \/ 15 &#8211; 09 &#8211; 2015<\/p>\t\t\t\t\t\t<\/div>\n\t\t\t\t<\/div>\n\t\t\t\t\t<\/div>\n\t\t<\/div>\n\t\t\t\t\t\t\t<\/div>\n\t\t<\/section>\n\t\t\t\t<section class=\"elementor-section elementor-top-section elementor-element elementor-element-cd46212 elementor-section-boxed elementor-section-height-default elementor-section-height-default\" data-id=\"cd46212\" data-element_type=\"section\">\n\t\t\t\t\t\t<div class=\"elementor-container elementor-column-gap-default\">\n\t\t\t\t\t<div class=\"elementor-column elementor-col-100 elementor-top-column elementor-element elementor-element-3cdd0d8\" data-id=\"3cdd0d8\" data-element_type=\"column\">\n\t\t\t<div class=\"elementor-widget-wrap elementor-element-populated\">\n\t\t\t\t\t\t\t\t<div class=\"elementor-element elementor-element-dae80f0 elementor-widget elementor-widget-text-editor\" data-id=\"dae80f0\" data-element_type=\"widget\" data-widget_type=\"text-editor.default\">\n\t\t\t\t<div class=\"elementor-widget-container\">\n\t\t\t\t\t\t\t<p>\u00a0<\/p><p><strong>Cultura de la Violaci\u00f3n (2015 \/ 2023)<\/strong><\/p><p>Fotograf\u00edas de espacios y lugares de las ciudades de San Fernando y Concepci\u00f3n se entrecruzan con testimonios extra\u00eddos de entrevistas realizadas por la autora y referencias noticiosas para presentar las dicotom\u00edas, prejuicios y misoginia que culturalmente se escudan detr\u00e1s de cr\u00edmenes sexuales contra las mujeres. Atacar sexualmente en Chile se transforma en un cr\u00edmen impune, demostrado por una infinidad de casos judiciales sin imputados o condenas m\u00ednimas. Archivos judiciales que dif\u00edcilmente se vuelven a abrir, reflejo del amparo a los victimarios por parte de un sistema judicial patriarcal, en donde s\u00f3lo el 19% de las denuncias terminan con una pena efectiva (2015).<\/p><p>En base a la informaci\u00f3n entregada por la Subsecretar\u00eda de Prevenci\u00f3n del Delito, a\u00f1o a a\u00f1o se observa que las agresiones sexuales afectan de forma desproporcionada a ni\u00f1as y mujeres. En 2022 se registraron 11.440 casos policiales por delitos sexuales, de los cuales 10.241 (90%) denunciantes son mujeres y 1.199 son hombres (10%). Esto significa que 9 de cada 10 denuncias por delitos sexuales son realizadas por mujeres (Red chilena contra la violencia hacia las mujeres, 2023).<\/p><p>Tras un proceso de investigaci\u00f3n de varios meses, esta serie fotogr\u00e1fica rememora a Gabriela Mar\u00edn Mej\u00edas, joven madre de San Fernando, que fue abandonada por las instituciones locales en una red sistem\u00e1tica de negligencias, injusticias y discriminaci\u00f3n que desencadenaron en un caso de suicidio femicida que ha quedado en la impunidad. Gabriela, que fue golpeada y abusada brutalmente por tres sujetos en la l\u00ednea de tren cercana a su casa, se quita la vida al saber que quedaron en libertad.<\/p><p>Para esta versi\u00f3n web la autora incorpor\u00f3 nuevas citas que demuestran c\u00f3mo se contin\u00faan reproduciendo estereotipos tradicionales de este tipo de violencia machista.<\/p><p>\u00a0<\/p><p>\u00a0<\/p>\t\t\t\t\t\t<\/div>\n\t\t\t\t<\/div>\n\t\t\t\t\t<\/div>\n\t\t<\/div>\n\t\t\t\t\t\t\t<\/div>\n\t\t<\/section>\n\t\t\t\t\t\t\t<\/div>\n\t\t","protected":false},"excerpt":{"rendered":"<p>Andrea Herrera Poblete \u201cHacer presi\u00f3n para que cambien protocolos policiales y judiciales, que el enfoque de g\u00e9nero impregne la jurisprudencia de los tribunales de cada uno de nuestros pa\u00edses, ayuda a romper el silencio, el abuso. La impunidad. El c\u00edrculo de la violencia\u201d. M\u00f3nica Gonz\u00e1lez &#8211; Premio Nacional Periodismo \/ 10 &#8211; 11 &#8211; 2022 &hellip; <\/p>\n<p class=\"link-more\"><a href=\"https:\/\/ofrendasfotograficas.net\/?page_id=650\" class=\"more-link\">Leer m\u00e1s<span class=\"screen-reader-text\"> \u00abCultura de la violaci\u00f3n\u00bb<\/span><\/a><\/p>\n","protected":false},"author":1,"featured_media":0,"parent":0,"menu_order":0,"comment_status":"closed","ping_status":"closed","template":"","meta":[],"featured_media_urls":[],"_links":{"self":[{"href":"https:\/\/ofrendasfotograficas.net\/index.php?rest_route=\/wp\/v2\/pages\/650"}],"collection":[{"href":"https:\/\/ofrendasfotograficas.net\/index.php?rest_route=\/wp\/v2\/pages"}],"about":[{"href":"https:\/\/ofrendasfotograficas.net\/index.php?rest_route=\/wp\/v2\/types\/page"}],"author":[{"embeddable":true,"href":"https:\/\/ofrendasfotograficas.net\/index.php?rest_route=\/wp\/v2\/users\/1"}],"replies":[{"embeddable":true,"href":"https:\/\/ofrendasfotograficas.net\/index.php?rest_route=%2Fwp%2Fv2%2Fcomments&post=650"}],"version-history":[{"count":46,"href":"https:\/\/ofrendasfotograficas.net\/index.php?rest_route=\/wp\/v2\/pages\/650\/revisions"}],"predecessor-version":[{"id":1753,"href":"https:\/\/ofrendasfotograficas.net\/index.php?rest_route=\/wp\/v2\/pages\/650\/revisions\/1753"}],"wp:attachment":[{"href":"https:\/\/ofrendasfotograficas.net\/index.php?rest_route=%2Fwp%2Fv2%2Fmedia&parent=650"}],"curies":[{"name":"wp","href":"https:\/\/api.w.org\/{rel}","templated":true}]}}