{"id":669,"date":"2024-07-02T18:15:24","date_gmt":"2024-07-02T18:15:24","guid":{"rendered":"https:\/\/ofrendasfotograficas.net\/?page_id=669"},"modified":"2024-07-31T11:15:52","modified_gmt":"2024-07-31T11:15:52","slug":"domestica","status":"publish","type":"page","link":"https:\/\/ofrendasfotograficas.net\/?page_id=669","title":{"rendered":"Dom\u00e9stica"},"content":{"rendered":"\t\t<div data-elementor-type=\"wp-page\" data-elementor-id=\"669\" class=\"elementor elementor-669\">\n\t\t\t\t\t\t\t\t\t<section class=\"elementor-section elementor-top-section elementor-element elementor-element-475aecc elementor-section-boxed elementor-section-height-default elementor-section-height-default\" data-id=\"475aecc\" data-element_type=\"section\">\n\t\t\t\t\t\t<div class=\"elementor-container elementor-column-gap-default\">\n\t\t\t\t\t<div class=\"elementor-column elementor-col-100 elementor-top-column elementor-element elementor-element-248a737\" data-id=\"248a737\" data-element_type=\"column\">\n\t\t\t<div class=\"elementor-widget-wrap elementor-element-populated\">\n\t\t\t\t\t\t\t\t<div class=\"elementor-element elementor-element-ec57cc4 elementor-widget elementor-widget-text-editor\" data-id=\"ec57cc4\" data-element_type=\"widget\" data-widget_type=\"text-editor.default\">\n\t\t\t\t<div class=\"elementor-widget-container\">\n\t\t\t<style>\/*! elementor - v3.15.0 - 20-08-2023 *\/\n.elementor-widget-text-editor.elementor-drop-cap-view-stacked .elementor-drop-cap{background-color:#69727d;color:#fff}.elementor-widget-text-editor.elementor-drop-cap-view-framed .elementor-drop-cap{color:#69727d;border:3px solid;background-color:transparent}.elementor-widget-text-editor:not(.elementor-drop-cap-view-default) .elementor-drop-cap{margin-top:8px}.elementor-widget-text-editor:not(.elementor-drop-cap-view-default) .elementor-drop-cap-letter{width:1em;height:1em}.elementor-widget-text-editor .elementor-drop-cap{float:left;text-align:center;line-height:1;font-size:50px}.elementor-widget-text-editor .elementor-drop-cap-letter{display:inline-block}<\/style>\t\t\t\t<p>Macarena Pe\u00f1aloza Villarroel<\/p>\t\t\t\t\t\t<\/div>\n\t\t\t\t<\/div>\n\t\t\t\t\t<\/div>\n\t\t<\/div>\n\t\t\t\t\t\t\t<\/div>\n\t\t<\/section>\n\t\t\t\t<section class=\"elementor-section elementor-top-section elementor-element elementor-element-d344e7b elementor-section-boxed elementor-section-height-default elementor-section-height-default\" data-id=\"d344e7b\" data-element_type=\"section\">\n\t\t\t\t\t\t<div class=\"elementor-container elementor-column-gap-default\">\n\t\t\t\t\t<div class=\"elementor-column elementor-col-100 elementor-top-column elementor-element elementor-element-d1733a3\" data-id=\"d1733a3\" data-element_type=\"column\">\n\t\t\t<div class=\"elementor-widget-wrap elementor-element-populated\">\n\t\t\t\t\t\t\t\t<div class=\"elementor-element elementor-element-2cfc010 elementor-widget elementor-widget-image-gallery\" data-id=\"2cfc010\" data-element_type=\"widget\" data-widget_type=\"image-gallery.default\">\n\t\t\t\t<div class=\"elementor-widget-container\">\n\t\t\t<style>\/*! elementor - v3.15.0 - 20-08-2023 *\/\n.elementor-image-gallery .gallery-item{display:inline-block;text-align:center;vertical-align:top;width:100%;max-width:100%;margin:0 auto}.elementor-image-gallery .gallery-item img{margin:0 auto}.elementor-image-gallery .gallery-item .gallery-caption{margin:0}.elementor-image-gallery figure img{display:block}.elementor-image-gallery figure figcaption{width:100%}.gallery-spacing-custom .elementor-image-gallery .gallery-icon{padding:0}@media (min-width:768px){.elementor-image-gallery .gallery-columns-2 .gallery-item{max-width:50%}.elementor-image-gallery .gallery-columns-3 .gallery-item{max-width:33.33%}.elementor-image-gallery .gallery-columns-4 .gallery-item{max-width:25%}.elementor-image-gallery .gallery-columns-5 .gallery-item{max-width:20%}.elementor-image-gallery .gallery-columns-6 .gallery-item{max-width:16.666%}.elementor-image-gallery .gallery-columns-7 .gallery-item{max-width:14.28%}.elementor-image-gallery .gallery-columns-8 .gallery-item{max-width:12.5%}.elementor-image-gallery .gallery-columns-9 .gallery-item{max-width:11.11%}.elementor-image-gallery .gallery-columns-10 .gallery-item{max-width:10%}}@media (min-width:480px) and (max-width:767px){.elementor-image-gallery .gallery.gallery-columns-2 .gallery-item,.elementor-image-gallery .gallery.gallery-columns-3 .gallery-item,.elementor-image-gallery .gallery.gallery-columns-4 .gallery-item,.elementor-image-gallery .gallery.gallery-columns-5 .gallery-item,.elementor-image-gallery .gallery.gallery-columns-6 .gallery-item,.elementor-image-gallery .gallery.gallery-columns-7 .gallery-item,.elementor-image-gallery .gallery.gallery-columns-8 .gallery-item,.elementor-image-gallery .gallery.gallery-columns-9 .gallery-item,.elementor-image-gallery .gallery.gallery-columns-10 .gallery-item{max-width:50%}}@media (max-width:479px){.elementor-image-gallery .gallery.gallery-columns-2 .gallery-item,.elementor-image-gallery .gallery.gallery-columns-3 .gallery-item,.elementor-image-gallery .gallery.gallery-columns-4 .gallery-item,.elementor-image-gallery .gallery.gallery-columns-5 .gallery-item,.elementor-image-gallery .gallery.gallery-columns-6 .gallery-item,.elementor-image-gallery .gallery.gallery-columns-7 .gallery-item,.elementor-image-gallery .gallery.gallery-columns-8 .gallery-item,.elementor-image-gallery .gallery.gallery-columns-9 .gallery-item,.elementor-image-gallery .gallery.gallery-columns-10 .gallery-item{max-width:100%}}<\/style>\t\t<div class=\"elementor-image-gallery\">\n\t\t\t<div id='gallery-1' class='gallery galleryid-669 gallery-columns-1 gallery-size-large'><figure class='gallery-item'>\n\t\t\t<div class='gallery-icon landscape'>\n\t\t\t\t<a data-elementor-open-lightbox=\"yes\" data-elementor-lightbox-slideshow=\"2cfc010\" data-elementor-lightbox-title=\"Macarena Pen\u0303aloza 01\" data-e-action-hash=\"#elementor-action%3Aaction%3Dlightbox%26settings%3DeyJpZCI6MzE2LCJ1cmwiOiJodHRwczpcL1wvb2ZyZW5kYXNmb3RvZ3JhZmljYXMubmV0XC93cC1jb250ZW50XC91cGxvYWRzXC8yMDIzXC8wOVwvTWFjYXJlbmEtUGVuYWxvemEtMDEuanBnIiwic2xpZGVzaG93IjoiMmNmYzAxMCJ9\" href='https:\/\/ofrendasfotograficas.net\/wp-content\/uploads\/2023\/09\/Macarena-Penaloza-01.jpg'><img width=\"950\" height=\"639\" src=\"https:\/\/ofrendasfotograficas.net\/wp-content\/uploads\/2023\/09\/Macarena-Penaloza-01-1024x689.jpg\" class=\"attachment-large size-large\" alt=\"Imagen fotogr\u00e1fica a color en forma horizontal. En el fondo un mantel a cuadros amarillo con blanco, sobre este mantel hay un plato de loza blanco redondo para tomar sopa. En el centro del plato una foto en tonos rojizos, negros y otros colores claros donde se logra apreciar algunos brazos, manos y unas botellas de licor sobre la mesa de la foto. Sobre la foto una cebolla morada cortada en pluma. El borde del plato tiene pintado unas flores en tonos naranjas y hojas verdes con caf\u00e9.\" decoding=\"async\" loading=\"lazy\" srcset=\"https:\/\/ofrendasfotograficas.net\/wp-content\/uploads\/2023\/09\/Macarena-Penaloza-01-1024x689.jpg 1024w, https:\/\/ofrendasfotograficas.net\/wp-content\/uploads\/2023\/09\/Macarena-Penaloza-01-300x202.jpg 300w, https:\/\/ofrendasfotograficas.net\/wp-content\/uploads\/2023\/09\/Macarena-Penaloza-01-768x517.jpg 768w, https:\/\/ofrendasfotograficas.net\/wp-content\/uploads\/2023\/09\/Macarena-Penaloza-01-1536x1034.jpg 1536w, https:\/\/ofrendasfotograficas.net\/wp-content\/uploads\/2023\/09\/Macarena-Penaloza-01-600x404.jpg 600w, https:\/\/ofrendasfotograficas.net\/wp-content\/uploads\/2023\/09\/Macarena-Penaloza-01-1200x808.jpg 1200w, https:\/\/ofrendasfotograficas.net\/wp-content\/uploads\/2023\/09\/Macarena-Penaloza-01.jpg 1604w\" sizes=\"100vw\" \/><\/a>\n\t\t\t<\/div><\/figure><figure class='gallery-item'>\n\t\t\t<div class='gallery-icon landscape'>\n\t\t\t\t<a data-elementor-open-lightbox=\"yes\" data-elementor-lightbox-slideshow=\"2cfc010\" data-elementor-lightbox-title=\"Macarena Pen\u0303aloza 02\" data-e-action-hash=\"#elementor-action%3Aaction%3Dlightbox%26settings%3DeyJpZCI6MzE3LCJ1cmwiOiJodHRwczpcL1wvb2ZyZW5kYXNmb3RvZ3JhZmljYXMubmV0XC93cC1jb250ZW50XC91cGxvYWRzXC8yMDIzXC8wOVwvTWFjYXJlbmEtUGVuYWxvemEtMDIuanBnIiwic2xpZGVzaG93IjoiMmNmYzAxMCJ9\" href='https:\/\/ofrendasfotograficas.net\/wp-content\/uploads\/2023\/09\/Macarena-Penaloza-02.jpg'><img width=\"950\" height=\"639\" src=\"https:\/\/ofrendasfotograficas.net\/wp-content\/uploads\/2023\/09\/Macarena-Penaloza-02-1024x689.jpg\" class=\"attachment-large size-large\" alt=\"Imagen fotogr\u00e1fica a color ubicada en forma horizontal. En el fondo una base de color damazco que cubre toda la superficie de la imagen, en el centro de esta base damazco hay un plato de loza blanco redondo para tomar sopa. En el centro del plato hay una foto partida en 4 pedazos, sobre estos pedazos de foto hay 2 yemas de huevo crudo. El borde del plato tiene pintado unas rosas rojas con hojas verdes. Al costado superior del plato est\u00e1n 2 mitades de c\u00e1scaras de huevo.\" decoding=\"async\" loading=\"lazy\" srcset=\"https:\/\/ofrendasfotograficas.net\/wp-content\/uploads\/2023\/09\/Macarena-Penaloza-02-1024x689.jpg 1024w, https:\/\/ofrendasfotograficas.net\/wp-content\/uploads\/2023\/09\/Macarena-Penaloza-02-300x202.jpg 300w, https:\/\/ofrendasfotograficas.net\/wp-content\/uploads\/2023\/09\/Macarena-Penaloza-02-768x517.jpg 768w, https:\/\/ofrendasfotograficas.net\/wp-content\/uploads\/2023\/09\/Macarena-Penaloza-02-1536x1034.jpg 1536w, https:\/\/ofrendasfotograficas.net\/wp-content\/uploads\/2023\/09\/Macarena-Penaloza-02-600x404.jpg 600w, https:\/\/ofrendasfotograficas.net\/wp-content\/uploads\/2023\/09\/Macarena-Penaloza-02-1200x808.jpg 1200w, https:\/\/ofrendasfotograficas.net\/wp-content\/uploads\/2023\/09\/Macarena-Penaloza-02.jpg 1604w\" sizes=\"100vw\" \/><\/a>\n\t\t\t<\/div><\/figure><figure class='gallery-item'>\n\t\t\t<div class='gallery-icon landscape'>\n\t\t\t\t<a data-elementor-open-lightbox=\"yes\" data-elementor-lightbox-slideshow=\"2cfc010\" data-elementor-lightbox-title=\"Macarena Pen\u0303aloza 03\" data-e-action-hash=\"#elementor-action%3Aaction%3Dlightbox%26settings%3DeyJpZCI6MzE4LCJ1cmwiOiJodHRwczpcL1wvb2ZyZW5kYXNmb3RvZ3JhZmljYXMubmV0XC93cC1jb250ZW50XC91cGxvYWRzXC8yMDIzXC8wOVwvTWFjYXJlbmEtUGVuYWxvemEtMDMuanBnIiwic2xpZGVzaG93IjoiMmNmYzAxMCJ9\" href='https:\/\/ofrendasfotograficas.net\/wp-content\/uploads\/2023\/09\/Macarena-Penaloza-03.jpg'><img width=\"950\" height=\"639\" src=\"https:\/\/ofrendasfotograficas.net\/wp-content\/uploads\/2023\/09\/Macarena-Penaloza-03-1024x689.jpg\" class=\"attachment-large size-large\" alt=\"Imagen fotogr\u00e1fica a color ubicada en forma horizontal. El fondo lo cubre un mantel bordado en tonos rosas con aplicaciones en mostacillas. Sobre el mantel hay un plato de vidrio caf\u00e9 semi transparente para tomar sopa, En el centro del plato hay una foto que muestra diferentes personas. Toda esta composici\u00f3n fotogr\u00e1fica se ve ba\u00f1ada por una capa de cremosidad aguada de color rosada que cubre gran parte de la fotografia.\" decoding=\"async\" loading=\"lazy\" srcset=\"https:\/\/ofrendasfotograficas.net\/wp-content\/uploads\/2023\/09\/Macarena-Penaloza-03-1024x689.jpg 1024w, https:\/\/ofrendasfotograficas.net\/wp-content\/uploads\/2023\/09\/Macarena-Penaloza-03-300x202.jpg 300w, https:\/\/ofrendasfotograficas.net\/wp-content\/uploads\/2023\/09\/Macarena-Penaloza-03-768x517.jpg 768w, https:\/\/ofrendasfotograficas.net\/wp-content\/uploads\/2023\/09\/Macarena-Penaloza-03-1536x1034.jpg 1536w, https:\/\/ofrendasfotograficas.net\/wp-content\/uploads\/2023\/09\/Macarena-Penaloza-03-600x404.jpg 600w, https:\/\/ofrendasfotograficas.net\/wp-content\/uploads\/2023\/09\/Macarena-Penaloza-03-1200x808.jpg 1200w, https:\/\/ofrendasfotograficas.net\/wp-content\/uploads\/2023\/09\/Macarena-Penaloza-03.jpg 1604w\" sizes=\"100vw\" \/><\/a>\n\t\t\t<\/div><\/figure><figure class='gallery-item'>\n\t\t\t<div class='gallery-icon landscape'>\n\t\t\t\t<a data-elementor-open-lightbox=\"yes\" data-elementor-lightbox-slideshow=\"2cfc010\" data-elementor-lightbox-title=\"Macarena Pen\u0303aloza 04\" data-e-action-hash=\"#elementor-action%3Aaction%3Dlightbox%26settings%3DeyJpZCI6MzE5LCJ1cmwiOiJodHRwczpcL1wvb2ZyZW5kYXNmb3RvZ3JhZmljYXMubmV0XC93cC1jb250ZW50XC91cGxvYWRzXC8yMDIzXC8wOVwvTWFjYXJlbmEtUGVuYWxvemEtMDQuanBnIiwic2xpZGVzaG93IjoiMmNmYzAxMCJ9\" href='https:\/\/ofrendasfotograficas.net\/wp-content\/uploads\/2023\/09\/Macarena-Penaloza-04.jpg'><img width=\"950\" height=\"639\" src=\"https:\/\/ofrendasfotograficas.net\/wp-content\/uploads\/2023\/09\/Macarena-Penaloza-04-1024x689.jpg\" class=\"attachment-large size-large\" alt=\"Imagen fotogr\u00e1fica a color ubicada en forma horizontal. El fondo de la imagen lo cubre un mantel en tonos blanco y beige con dise\u00f1o de flores. Sobre el mantel hay 3 huesos de pollo asado ubicados alrededor de un plato que est\u00e1 en el centro del mantel. El plato es de loza blanco y redonda que tiene en su borde una delgada l\u00ednea dorada. En el centro del plato hay una foto a color de 2 cuerpos humanos sentados juntos tomados de la mano. Sobre la foto hay 2 utensilios para comer, un tenedor y un cuchillo puesto en forma piramidal unidos desde sus puntas y peque\u00f1os huesos de pollo asado.\" decoding=\"async\" loading=\"lazy\" srcset=\"https:\/\/ofrendasfotograficas.net\/wp-content\/uploads\/2023\/09\/Macarena-Penaloza-04-1024x689.jpg 1024w, https:\/\/ofrendasfotograficas.net\/wp-content\/uploads\/2023\/09\/Macarena-Penaloza-04-300x202.jpg 300w, https:\/\/ofrendasfotograficas.net\/wp-content\/uploads\/2023\/09\/Macarena-Penaloza-04-768x517.jpg 768w, https:\/\/ofrendasfotograficas.net\/wp-content\/uploads\/2023\/09\/Macarena-Penaloza-04-1536x1034.jpg 1536w, https:\/\/ofrendasfotograficas.net\/wp-content\/uploads\/2023\/09\/Macarena-Penaloza-04-600x404.jpg 600w, https:\/\/ofrendasfotograficas.net\/wp-content\/uploads\/2023\/09\/Macarena-Penaloza-04-1200x808.jpg 1200w, https:\/\/ofrendasfotograficas.net\/wp-content\/uploads\/2023\/09\/Macarena-Penaloza-04.jpg 1604w\" sizes=\"100vw\" \/><\/a>\n\t\t\t<\/div><\/figure><figure class='gallery-item'>\n\t\t\t<div class='gallery-icon landscape'>\n\t\t\t\t<a data-elementor-open-lightbox=\"yes\" data-elementor-lightbox-slideshow=\"2cfc010\" data-elementor-lightbox-title=\"Macarena Pen\u0303aloza 05\" data-e-action-hash=\"#elementor-action%3Aaction%3Dlightbox%26settings%3DeyJpZCI6MzIwLCJ1cmwiOiJodHRwczpcL1wvb2ZyZW5kYXNmb3RvZ3JhZmljYXMubmV0XC93cC1jb250ZW50XC91cGxvYWRzXC8yMDIzXC8wOVwvTWFjYXJlbmEtUGVuYWxvemEtMDUuanBnIiwic2xpZGVzaG93IjoiMmNmYzAxMCJ9\" href='https:\/\/ofrendasfotograficas.net\/wp-content\/uploads\/2023\/09\/Macarena-Penaloza-05.jpg'><img width=\"950\" height=\"639\" src=\"https:\/\/ofrendasfotograficas.net\/wp-content\/uploads\/2023\/09\/Macarena-Penaloza-05-1024x689.jpg\" class=\"attachment-large size-large\" alt=\"Imagen fotogr\u00e1fica ubicada en forma horizontal. En el fondo de la imagen la cubre un mantel de color celeste que tiene derramada unas gotas de agua blanca ubicadas alrededor de un plato. El plato es redondo de loza y en el borde tiene una delgada l\u00ednea azul con blanco y hojas azules con verde. En el centro del plato hay una foto de cuerpos humanos, un cielo de nubes y una estructura parecida a una torre de cemento al costado derecho de la foto. La foto est\u00e1 sumergida en agua lechada.\" decoding=\"async\" loading=\"lazy\" srcset=\"https:\/\/ofrendasfotograficas.net\/wp-content\/uploads\/2023\/09\/Macarena-Penaloza-05-1024x689.jpg 1024w, https:\/\/ofrendasfotograficas.net\/wp-content\/uploads\/2023\/09\/Macarena-Penaloza-05-300x202.jpg 300w, https:\/\/ofrendasfotograficas.net\/wp-content\/uploads\/2023\/09\/Macarena-Penaloza-05-768x517.jpg 768w, https:\/\/ofrendasfotograficas.net\/wp-content\/uploads\/2023\/09\/Macarena-Penaloza-05-1536x1034.jpg 1536w, https:\/\/ofrendasfotograficas.net\/wp-content\/uploads\/2023\/09\/Macarena-Penaloza-05-600x404.jpg 600w, https:\/\/ofrendasfotograficas.net\/wp-content\/uploads\/2023\/09\/Macarena-Penaloza-05-1200x808.jpg 1200w, https:\/\/ofrendasfotograficas.net\/wp-content\/uploads\/2023\/09\/Macarena-Penaloza-05.jpg 1604w\" sizes=\"100vw\" \/><\/a>\n\t\t\t<\/div><\/figure>\n\t\t<\/div>\n\t\t<\/div>\n\t\t\t\t<\/div>\n\t\t\t\t<\/div>\n\t\t\t\t\t<\/div>\n\t\t<\/div>\n\t\t\t\t\t\t\t<\/div>\n\t\t<\/section>\n\t\t\t\t<section class=\"elementor-section elementor-top-section elementor-element elementor-element-0688a07 elementor-section-boxed elementor-section-height-default elementor-section-height-default\" data-id=\"0688a07\" data-element_type=\"section\">\n\t\t\t\t\t\t<div class=\"elementor-container elementor-column-gap-default\">\n\t\t\t\t\t<div class=\"elementor-column elementor-col-100 elementor-top-column elementor-element elementor-element-77fef7c\" data-id=\"77fef7c\" data-element_type=\"column\">\n\t\t\t<div class=\"elementor-widget-wrap elementor-element-populated\">\n\t\t\t\t\t\t\t\t<div class=\"elementor-element elementor-element-7535302 elementor-widget elementor-widget-text-editor\" data-id=\"7535302\" data-element_type=\"widget\" data-widget_type=\"text-editor.default\">\n\t\t\t\t<div class=\"elementor-widget-container\">\n\t\t\t\t\t\t\t<p>\u00a0<\/p><p>El proyecto \u201cdom\u00e9stica\u201d explora las experiencias de mujeres que enfrentaron una infancia complicada, marcada por diversas dificultades que molde\u00f3 sus relaciones con sus parejas. Estas narrativas comparten un hilo com\u00fan en sus vidas, replicando los mismos patrones destructivos instalados por el patriarcado profundamente arraigado en diferentes generaciones. Ambas decidieron emigrar de su pa\u00eds (Chile) para remodelar sus vidas y dejar atr\u00e1s su inquietante pasado.<\/p><p>La esencia de \u201cDom\u00e9stica\u201d radica en su intento de narrar estas historias utilizando s\u00edmbolos familiares que se encuentran en nuestra vida \u00edntima, nuestros propios hogares. Es dentro de estos espacios dom\u00e9sticos, donde tienen lugar las interacciones familiares y los rituales diarios, que la destrucci\u00f3n, el miedo y un sentido metaf\u00f3rico de canibalismo se desarrollan, disminuyendo en \u00faltima instancia sus identidades dentro de este refugio supuestamente seguro.<\/p><p>\u00a0<\/p><p>\u00a0<\/p>\t\t\t\t\t\t<\/div>\n\t\t\t\t<\/div>\n\t\t\t\t\t<\/div>\n\t\t<\/div>\n\t\t\t\t\t\t\t<\/div>\n\t\t<\/section>\n\t\t\t\t\t\t\t<\/div>\n\t\t","protected":false},"excerpt":{"rendered":"<p>Macarena Pe\u00f1aloza Villarroel \u00a0 El proyecto \u201cdom\u00e9stica\u201d explora las experiencias de mujeres que enfrentaron una infancia complicada, marcada por diversas dificultades que molde\u00f3 sus relaciones con sus parejas. Estas narrativas comparten un hilo com\u00fan en sus vidas, replicando los mismos patrones destructivos instalados por el patriarcado profundamente arraigado en diferentes generaciones. Ambas decidieron emigrar de &hellip; <\/p>\n<p class=\"link-more\"><a href=\"https:\/\/ofrendasfotograficas.net\/?page_id=669\" class=\"more-link\">Leer m\u00e1s<span class=\"screen-reader-text\"> \u00abDom\u00e9stica\u00bb<\/span><\/a><\/p>\n","protected":false},"author":1,"featured_media":0,"parent":0,"menu_order":0,"comment_status":"closed","ping_status":"closed","template":"","meta":[],"featured_media_urls":[],"_links":{"self":[{"href":"https:\/\/ofrendasfotograficas.net\/index.php?rest_route=\/wp\/v2\/pages\/669"}],"collection":[{"href":"https:\/\/ofrendasfotograficas.net\/index.php?rest_route=\/wp\/v2\/pages"}],"about":[{"href":"https:\/\/ofrendasfotograficas.net\/index.php?rest_route=\/wp\/v2\/types\/page"}],"author":[{"embeddable":true,"href":"https:\/\/ofrendasfotograficas.net\/index.php?rest_route=\/wp\/v2\/users\/1"}],"replies":[{"embeddable":true,"href":"https:\/\/ofrendasfotograficas.net\/index.php?rest_route=%2Fwp%2Fv2%2Fcomments&post=669"}],"version-history":[{"count":31,"href":"https:\/\/ofrendasfotograficas.net\/index.php?rest_route=\/wp\/v2\/pages\/669\/revisions"}],"predecessor-version":[{"id":1798,"href":"https:\/\/ofrendasfotograficas.net\/index.php?rest_route=\/wp\/v2\/pages\/669\/revisions\/1798"}],"wp:attachment":[{"href":"https:\/\/ofrendasfotograficas.net\/index.php?rest_route=%2Fwp%2Fv2%2Fmedia&parent=669"}],"curies":[{"name":"wp","href":"https:\/\/api.w.org\/{rel}","templated":true}]}}