{"id":682,"date":"2024-07-02T18:22:12","date_gmt":"2024-07-02T18:22:12","guid":{"rendered":"https:\/\/ofrendasfotograficas.net\/?page_id=682"},"modified":"2024-07-31T11:17:46","modified_gmt":"2024-07-31T11:17:46","slug":"maternidades-culposas","status":"publish","type":"page","link":"https:\/\/ofrendasfotograficas.net\/?page_id=682","title":{"rendered":"Maternidades culposas"},"content":{"rendered":"\t\t<div data-elementor-type=\"wp-page\" data-elementor-id=\"682\" class=\"elementor elementor-682\">\n\t\t\t\t\t\t\t\t\t<section class=\"elementor-section elementor-top-section elementor-element elementor-element-30b5e89 elementor-section-boxed elementor-section-height-default elementor-section-height-default\" data-id=\"30b5e89\" data-element_type=\"section\">\n\t\t\t\t\t\t<div class=\"elementor-container elementor-column-gap-default\">\n\t\t\t\t\t<div class=\"elementor-column elementor-col-100 elementor-top-column elementor-element elementor-element-6a82210\" data-id=\"6a82210\" data-element_type=\"column\">\n\t\t\t<div class=\"elementor-widget-wrap elementor-element-populated\">\n\t\t\t\t\t\t\t\t<div class=\"elementor-element elementor-element-deca621 elementor-widget elementor-widget-text-editor\" data-id=\"deca621\" data-element_type=\"widget\" data-widget_type=\"text-editor.default\">\n\t\t\t\t<div class=\"elementor-widget-container\">\n\t\t\t<style>\/*! elementor - v3.15.0 - 20-08-2023 *\/\n.elementor-widget-text-editor.elementor-drop-cap-view-stacked .elementor-drop-cap{background-color:#69727d;color:#fff}.elementor-widget-text-editor.elementor-drop-cap-view-framed .elementor-drop-cap{color:#69727d;border:3px solid;background-color:transparent}.elementor-widget-text-editor:not(.elementor-drop-cap-view-default) .elementor-drop-cap{margin-top:8px}.elementor-widget-text-editor:not(.elementor-drop-cap-view-default) .elementor-drop-cap-letter{width:1em;height:1em}.elementor-widget-text-editor .elementor-drop-cap{float:left;text-align:center;line-height:1;font-size:50px}.elementor-widget-text-editor .elementor-drop-cap-letter{display:inline-block}<\/style>\t\t\t\t<p>Gabriela Rivera Lucero<\/p>\t\t\t\t\t\t<\/div>\n\t\t\t\t<\/div>\n\t\t\t\t\t<\/div>\n\t\t<\/div>\n\t\t\t\t\t\t\t<\/div>\n\t\t<\/section>\n\t\t\t\t<section class=\"elementor-section elementor-top-section elementor-element elementor-element-26b480c elementor-section-boxed elementor-section-height-default elementor-section-height-default\" data-id=\"26b480c\" data-element_type=\"section\">\n\t\t\t\t\t\t<div class=\"elementor-container elementor-column-gap-default\">\n\t\t\t\t\t<div class=\"elementor-column elementor-col-100 elementor-top-column elementor-element elementor-element-8cf5549\" data-id=\"8cf5549\" data-element_type=\"column\">\n\t\t\t<div class=\"elementor-widget-wrap elementor-element-populated\">\n\t\t\t\t\t\t\t\t<div class=\"elementor-element elementor-element-04af6c4 elementor-widget elementor-widget-image-gallery\" data-id=\"04af6c4\" data-element_type=\"widget\" data-widget_type=\"image-gallery.default\">\n\t\t\t\t<div class=\"elementor-widget-container\">\n\t\t\t<style>\/*! elementor - v3.15.0 - 20-08-2023 *\/\n.elementor-image-gallery .gallery-item{display:inline-block;text-align:center;vertical-align:top;width:100%;max-width:100%;margin:0 auto}.elementor-image-gallery .gallery-item img{margin:0 auto}.elementor-image-gallery .gallery-item .gallery-caption{margin:0}.elementor-image-gallery figure img{display:block}.elementor-image-gallery figure figcaption{width:100%}.gallery-spacing-custom .elementor-image-gallery .gallery-icon{padding:0}@media (min-width:768px){.elementor-image-gallery .gallery-columns-2 .gallery-item{max-width:50%}.elementor-image-gallery .gallery-columns-3 .gallery-item{max-width:33.33%}.elementor-image-gallery .gallery-columns-4 .gallery-item{max-width:25%}.elementor-image-gallery .gallery-columns-5 .gallery-item{max-width:20%}.elementor-image-gallery .gallery-columns-6 .gallery-item{max-width:16.666%}.elementor-image-gallery .gallery-columns-7 .gallery-item{max-width:14.28%}.elementor-image-gallery .gallery-columns-8 .gallery-item{max-width:12.5%}.elementor-image-gallery .gallery-columns-9 .gallery-item{max-width:11.11%}.elementor-image-gallery .gallery-columns-10 .gallery-item{max-width:10%}}@media (min-width:480px) and (max-width:767px){.elementor-image-gallery .gallery.gallery-columns-2 .gallery-item,.elementor-image-gallery .gallery.gallery-columns-3 .gallery-item,.elementor-image-gallery .gallery.gallery-columns-4 .gallery-item,.elementor-image-gallery .gallery.gallery-columns-5 .gallery-item,.elementor-image-gallery .gallery.gallery-columns-6 .gallery-item,.elementor-image-gallery .gallery.gallery-columns-7 .gallery-item,.elementor-image-gallery .gallery.gallery-columns-8 .gallery-item,.elementor-image-gallery .gallery.gallery-columns-9 .gallery-item,.elementor-image-gallery .gallery.gallery-columns-10 .gallery-item{max-width:50%}}@media (max-width:479px){.elementor-image-gallery .gallery.gallery-columns-2 .gallery-item,.elementor-image-gallery .gallery.gallery-columns-3 .gallery-item,.elementor-image-gallery .gallery.gallery-columns-4 .gallery-item,.elementor-image-gallery .gallery.gallery-columns-5 .gallery-item,.elementor-image-gallery .gallery.gallery-columns-6 .gallery-item,.elementor-image-gallery .gallery.gallery-columns-7 .gallery-item,.elementor-image-gallery .gallery.gallery-columns-8 .gallery-item,.elementor-image-gallery .gallery.gallery-columns-9 .gallery-item,.elementor-image-gallery .gallery.gallery-columns-10 .gallery-item{max-width:100%}}<\/style>\t\t<div class=\"elementor-image-gallery\">\n\t\t\t<div id='gallery-1' class='gallery galleryid-682 gallery-columns-2 gallery-size-large'><figure class='gallery-item'>\n\t\t\t<div class='gallery-icon landscape'>\n\t\t\t\t<a data-elementor-open-lightbox=\"yes\" data-elementor-lightbox-slideshow=\"04af6c4\" data-elementor-lightbox-title=\"Gabriela Rivera 01\" data-e-action-hash=\"#elementor-action%3Aaction%3Dlightbox%26settings%3DeyJpZCI6MzU0LCJ1cmwiOiJodHRwczpcL1wvb2ZyZW5kYXNmb3RvZ3JhZmljYXMubmV0XC93cC1jb250ZW50XC91cGxvYWRzXC8yMDIzXC8wOVwvR2FicmllbGEtUml2ZXJhLTAyLTEuanBnIiwic2xpZGVzaG93IjoiMDRhZjZjNCJ9\" href='https:\/\/ofrendasfotograficas.net\/wp-content\/uploads\/2023\/09\/Gabriela-Rivera-02-1.jpg'><img width=\"950\" height=\"741\" src=\"https:\/\/ofrendasfotograficas.net\/wp-content\/uploads\/2023\/09\/Gabriela-Rivera-02-1-1024x799.jpg\" class=\"attachment-large size-large\" alt=\"Imagen fotogr\u00e1fica. Primer retrato fotogr\u00e1fico a color de plano medio. En el fondo una pared gris rayada con l\u00e1pices de distintos colores. En la esquina superior izquierda de la pared est\u00e1 colgado un bastidor circular con borde caf\u00e9 y centro blanco. Dentro del bastidor est\u00e1 escrita la palabra Aguantar en letra manuscrita, la escritura est\u00e1 bordada con cabello humano. En la mitad derecha inferior de la foto hay 2 ni\u00f1as y una mujer una detr\u00e1s de la otra, de cuerpos desnudo con cabelleras trenzadas. Esta trenza est\u00e1 estirada hacia arriba formando una l\u00ednea recta hasta llegar a la \u00faltima letra del bastidor.\" decoding=\"async\" loading=\"lazy\" srcset=\"https:\/\/ofrendasfotograficas.net\/wp-content\/uploads\/2023\/09\/Gabriela-Rivera-02-1-1024x799.jpg 1024w, https:\/\/ofrendasfotograficas.net\/wp-content\/uploads\/2023\/09\/Gabriela-Rivera-02-1-300x234.jpg 300w, https:\/\/ofrendasfotograficas.net\/wp-content\/uploads\/2023\/09\/Gabriela-Rivera-02-1-768x599.jpg 768w, https:\/\/ofrendasfotograficas.net\/wp-content\/uploads\/2023\/09\/Gabriela-Rivera-02-1-600x468.jpg 600w, https:\/\/ofrendasfotograficas.net\/wp-content\/uploads\/2023\/09\/Gabriela-Rivera-02-1-1200x936.jpg 1200w, https:\/\/ofrendasfotograficas.net\/wp-content\/uploads\/2023\/09\/Gabriela-Rivera-02-1.jpg 1384w\" sizes=\"100vw\" \/><\/a>\n\t\t\t<\/div><\/figure><figure class='gallery-item'>\n\t\t\t<div class='gallery-icon landscape'>\n\t\t\t\t<a data-elementor-open-lightbox=\"yes\" data-elementor-lightbox-slideshow=\"04af6c4\" data-elementor-lightbox-title=\"Gabriela Rivera 02\" data-e-action-hash=\"#elementor-action%3Aaction%3Dlightbox%26settings%3DeyJpZCI6MzUzLCJ1cmwiOiJodHRwczpcL1wvb2ZyZW5kYXNmb3RvZ3JhZmljYXMubmV0XC93cC1jb250ZW50XC91cGxvYWRzXC8yMDIzXC8wOVwvR2FicmllbGEtUml2ZXJhLTAxLTEuanBnIiwic2xpZGVzaG93IjoiMDRhZjZjNCJ9\" href='https:\/\/ofrendasfotograficas.net\/wp-content\/uploads\/2023\/09\/Gabriela-Rivera-01-1.jpg'><img width=\"950\" height=\"741\" src=\"https:\/\/ofrendasfotograficas.net\/wp-content\/uploads\/2023\/09\/Gabriela-Rivera-01-1-1024x799.jpg\" class=\"attachment-large size-large\" alt=\"Imagen fotogr\u00e1fica. Segundo retrato fotogr\u00e1fico a color de medio plano. En el fondo de la imagen hay una pared gris rayada con l\u00e1pices de distintos colores. En el retrato fotogr\u00e1fico hay 3 cuerpos sentados al desnudo. En la izquierda de la foto hay una ni\u00f1a sentada con los ojos cerrados y el pelo suelto. Al lado de la ni\u00f1a hay una mujer sentada de pelo suelto que mira a la ni\u00f1a mientras ambas sostienen 2 telas blancas. Una de las telas la sostienen con sus manos y esta tela lleva escrito Hasta una perra. La otra tela la sostienen en sus rodillas y dice es mejor madre. Al lado derecho de la mujer hay otra ni\u00f1a sentada de pelo suelto con su torso al desnudo concentrada mirando un bastidor que sostiene con sus manos sobre sus piernas envuelta con tela blanca.\" decoding=\"async\" loading=\"lazy\" srcset=\"https:\/\/ofrendasfotograficas.net\/wp-content\/uploads\/2023\/09\/Gabriela-Rivera-01-1-1024x799.jpg 1024w, https:\/\/ofrendasfotograficas.net\/wp-content\/uploads\/2023\/09\/Gabriela-Rivera-01-1-300x234.jpg 300w, https:\/\/ofrendasfotograficas.net\/wp-content\/uploads\/2023\/09\/Gabriela-Rivera-01-1-768x599.jpg 768w, https:\/\/ofrendasfotograficas.net\/wp-content\/uploads\/2023\/09\/Gabriela-Rivera-01-1-600x468.jpg 600w, https:\/\/ofrendasfotograficas.net\/wp-content\/uploads\/2023\/09\/Gabriela-Rivera-01-1-1200x936.jpg 1200w, https:\/\/ofrendasfotograficas.net\/wp-content\/uploads\/2023\/09\/Gabriela-Rivera-01-1.jpg 1384w\" sizes=\"100vw\" \/><\/a>\n\t\t\t<\/div><\/figure><figure class='gallery-item'>\n\t\t\t<div class='gallery-icon landscape'>\n\t\t\t\t<a data-elementor-open-lightbox=\"yes\" data-elementor-lightbox-slideshow=\"04af6c4\" data-elementor-lightbox-title=\"Gabriela Rivera 03\" data-e-action-hash=\"#elementor-action%3Aaction%3Dlightbox%26settings%3DeyJpZCI6OTY5LCJ1cmwiOiJodHRwczpcL1wvb2ZyZW5kYXNmb3RvZ3JhZmljYXMubmV0XC93cC1jb250ZW50XC91cGxvYWRzXC8yMDI0XC8wN1wvR2FicmllbGEtUml2ZXJhLTAzLVIucG5nIiwic2xpZGVzaG93IjoiMDRhZjZjNCJ9\" href='https:\/\/ofrendasfotograficas.net\/wp-content\/uploads\/2024\/07\/Gabriela-Rivera-03-R.png'><img width=\"950\" height=\"741\" src=\"https:\/\/ofrendasfotograficas.net\/wp-content\/uploads\/2024\/07\/Gabriela-Rivera-03-R-1024x799.png\" class=\"attachment-large size-large\" alt=\"Tercer retrato fotogr\u00e1fico a color con encuadre de medio plano. En la esquina superior izquierda del fondo hay unos escritos que no se leen completos, una de esas palabras es Maternidad. En el centro de la imagen, sobre el fondo hay otra imagen con forma circular. Dentro de este c\u00edrculo tenemos una pared de fondo de color gris que esta rayada con distintos colores. Sobre esta pared hay una ni\u00f1a que tiene tapado con una tela blanca partes de su cuerpo. En la cabeza la tela blanca cubre casi todo su rostro dejando ver sus labios y ment\u00f3n. La tela baja por su pecho cubriendo hasta el vientre despejando hombros y manos. En el centro del pecho de la ni\u00f1a hay un bastidor con tela blanca sostenido por las manos de la ni\u00f1a, en el bastidor est\u00e1 escrito Venganza. El hilado de este escrito es con cabello humano.\" decoding=\"async\" loading=\"lazy\" srcset=\"https:\/\/ofrendasfotograficas.net\/wp-content\/uploads\/2024\/07\/Gabriela-Rivera-03-R-1024x799.png 1024w, https:\/\/ofrendasfotograficas.net\/wp-content\/uploads\/2024\/07\/Gabriela-Rivera-03-R-300x234.png 300w, https:\/\/ofrendasfotograficas.net\/wp-content\/uploads\/2024\/07\/Gabriela-Rivera-03-R-768x599.png 768w, https:\/\/ofrendasfotograficas.net\/wp-content\/uploads\/2024\/07\/Gabriela-Rivera-03-R-600x468.png 600w, https:\/\/ofrendasfotograficas.net\/wp-content\/uploads\/2024\/07\/Gabriela-Rivera-03-R-1200x936.png 1200w, https:\/\/ofrendasfotograficas.net\/wp-content\/uploads\/2024\/07\/Gabriela-Rivera-03-R.png 1384w\" sizes=\"100vw\" \/><\/a>\n\t\t\t<\/div><\/figure><figure class='gallery-item'>\n\t\t\t<div class='gallery-icon landscape'>\n\t\t\t\t<a data-elementor-open-lightbox=\"yes\" data-elementor-lightbox-slideshow=\"04af6c4\" data-elementor-lightbox-title=\"Gabriela Rivera 04\" data-e-action-hash=\"#elementor-action%3Aaction%3Dlightbox%26settings%3DeyJpZCI6OTcwLCJ1cmwiOiJodHRwczpcL1wvb2ZyZW5kYXNmb3RvZ3JhZmljYXMubmV0XC93cC1jb250ZW50XC91cGxvYWRzXC8yMDI0XC8wN1wvR2FicmllbGEtUml2ZXJhLTA0LVIucG5nIiwic2xpZGVzaG93IjoiMDRhZjZjNCJ9\" href='https:\/\/ofrendasfotograficas.net\/wp-content\/uploads\/2024\/07\/Gabriela-Rivera-04-R.png'><img width=\"950\" height=\"741\" src=\"https:\/\/ofrendasfotograficas.net\/wp-content\/uploads\/2024\/07\/Gabriela-Rivera-04-R-1024x799.png\" class=\"attachment-large size-large\" alt=\"Cuarta imagen fotogr\u00e1fica. Retrato fotogr\u00e1fico a color con encuadre de medio plano. En la esquina superior izquierda del fondo hay unos escritos que no se logran leer completos, una de esas palabras es Maternidad. En el centro de la imagen, sobre el fondo hay otra imagen con forma circular. Dentro de este c\u00edrculo tenemos una pared de fondo de color gris que esta rayada con distintos colores. Sobre la pared hay dos cuerpos humanos. En el centro derecho de la foto est\u00e1 la ni\u00f1a de espaldas de torso desnudo, detr\u00e1s de la ni\u00f1a una mujer con el hombro izquierdo desnudo. La ni\u00f1a y la mujer tienen unidos sus cabellos por medio de un trenzado con una cinta blanca delgada que acompa\u00f1a esta uni\u00f3n. La mano de la mujer est\u00e1 a la altura de la espalda de la ni\u00f1a y la mujer sostiene entre su mano las puntas del cabello trenzado.\" decoding=\"async\" loading=\"lazy\" srcset=\"https:\/\/ofrendasfotograficas.net\/wp-content\/uploads\/2024\/07\/Gabriela-Rivera-04-R-1024x799.png 1024w, https:\/\/ofrendasfotograficas.net\/wp-content\/uploads\/2024\/07\/Gabriela-Rivera-04-R-300x234.png 300w, https:\/\/ofrendasfotograficas.net\/wp-content\/uploads\/2024\/07\/Gabriela-Rivera-04-R-768x599.png 768w, https:\/\/ofrendasfotograficas.net\/wp-content\/uploads\/2024\/07\/Gabriela-Rivera-04-R-600x468.png 600w, https:\/\/ofrendasfotograficas.net\/wp-content\/uploads\/2024\/07\/Gabriela-Rivera-04-R-1200x936.png 1200w, https:\/\/ofrendasfotograficas.net\/wp-content\/uploads\/2024\/07\/Gabriela-Rivera-04-R.png 1384w\" sizes=\"100vw\" \/><\/a>\n\t\t\t<\/div><\/figure>\n\t\t<\/div>\n\t\t<\/div>\n\t\t\t\t<\/div>\n\t\t\t\t<\/div>\n\t\t\t\t\t<\/div>\n\t\t<\/div>\n\t\t\t\t\t\t\t<\/div>\n\t\t<\/section>\n\t\t\t\t<section class=\"elementor-section elementor-top-section elementor-element elementor-element-cee4c9e elementor-section-boxed elementor-section-height-default elementor-section-height-default\" data-id=\"cee4c9e\" data-element_type=\"section\">\n\t\t\t\t\t\t<div class=\"elementor-container elementor-column-gap-default\">\n\t\t\t\t\t<div class=\"elementor-column elementor-col-100 elementor-top-column elementor-element elementor-element-c117001\" data-id=\"c117001\" data-element_type=\"column\">\n\t\t\t<div class=\"elementor-widget-wrap elementor-element-populated\">\n\t\t\t\t\t\t\t\t<div class=\"elementor-element elementor-element-03aa71b elementor-widget elementor-widget-text-editor\" data-id=\"03aa71b\" data-element_type=\"widget\" data-widget_type=\"text-editor.default\">\n\t\t\t\t<div class=\"elementor-widget-container\">\n\t\t\t\t\t\t\t<p>\u00a0<\/p><p>Maternidades Culposas es un proyecto transdisciplinar de fotograf\u00eda, performance y bordado consistente en una serie de autorretratos fotogr\u00e1ficos donde poso junta a mis dos hijas portando bordados confeccionados con nuestro propio cabello, en los que se busca honrar la memoria de quienes padecieron violencia de g\u00e9nero y en particular de castigo femicida, tambi\u00e9n llamada violencia vicaria. Trabajo con cabello humano invocando el modo de utilizaci\u00f3n de las culturas andinas, a modo de ofrenda, y de conexi\u00f3n con las deidades y ancestras, reinterpretando este gesto en una particular ceremonia, que ahora es entregada por mujeres \u2013yo y mis hijas\u2013 a otras mujeres, cuidadoras e hijas, para visibilizar y denunciar las violencias ejercidas contra ellas.<\/p><p>Maternidades Culposas se interroga acerca de la figura materna y las m\u00faltiples violencias que sobre ella se ejercen. Para lo cual tomo como punto de partida una investigaci\u00f3n situada y feminista, desarrollada desde mi propia condici\u00f3n autobiogr\u00e1fica como madre, e indago en diversos casos de femicidios de madres acaecidos en Chile desde el a\u00f1o 2005 al 2015. En esta b\u00fasqueda referencial fue crucial encontrarme con la categor\u00eda de \u201ccastigo femicida\u201d -investigada en profundidad por la Red Chilena Contra la Violencia a las Mujeres- que consiste en que quienes cometieron el delito femicida no s\u00f3lo atentaron contra la pareja y\/o ex pareja, sino que incluso contra sus personas amadas y m\u00e1s cercanas como hijas e hijos o alg\u00fan familiar.<\/p><p>Teniendo en antecedente tambi\u00e9n casos recientes de asesinatos de infancias y adolescencias y el maltrato infantil de parte de padres o cuidadores, me planteo de manera cr\u00edtica sobre el hecho de que se suele satanizar a la madre y dejar de lado la responsabilidad de la figura paterna. A este respecto, un caso emblem\u00e1tico acaecido el a\u00f1o 2015 es el de un ni\u00f1o de la ciudad de Arica, Chile, que fue alimentado por una perra mientras sufr\u00eda abandono por parte del padre, y se manten\u00eda al cuidado de su madre, quien nulamente le brindaba dedicaci\u00f3n. A partir de esto surge la idea de producir obra fotogr\u00e1fica desde la perspectiva de una madre v\u00edctima de violencia de g\u00e9nero que; es violentada por su pareja, es violentada por un sistema vertical y patriarcal, que anula o invisibiliza la responsabilidad paterna y le asigna todos o muchos deberes a la madre y muy pocos o nulos derechos.<\/p><p>\u00a0<\/p><p>\u00a0<\/p>\t\t\t\t\t\t<\/div>\n\t\t\t\t<\/div>\n\t\t\t\t\t<\/div>\n\t\t<\/div>\n\t\t\t\t\t\t\t<\/div>\n\t\t<\/section>\n\t\t\t\t\t\t\t<\/div>\n\t\t","protected":false},"excerpt":{"rendered":"<p>Gabriela Rivera Lucero \u00a0 Maternidades Culposas es un proyecto transdisciplinar de fotograf\u00eda, performance y bordado consistente en una serie de autorretratos fotogr\u00e1ficos donde poso junta a mis dos hijas portando bordados confeccionados con nuestro propio cabello, en los que se busca honrar la memoria de quienes padecieron violencia de g\u00e9nero y en particular de castigo &hellip; <\/p>\n<p class=\"link-more\"><a href=\"https:\/\/ofrendasfotograficas.net\/?page_id=682\" class=\"more-link\">Leer m\u00e1s<span class=\"screen-reader-text\"> \u00abMaternidades culposas\u00bb<\/span><\/a><\/p>\n","protected":false},"author":1,"featured_media":0,"parent":0,"menu_order":0,"comment_status":"closed","ping_status":"closed","template":"","meta":[],"featured_media_urls":[],"_links":{"self":[{"href":"https:\/\/ofrendasfotograficas.net\/index.php?rest_route=\/wp\/v2\/pages\/682"}],"collection":[{"href":"https:\/\/ofrendasfotograficas.net\/index.php?rest_route=\/wp\/v2\/pages"}],"about":[{"href":"https:\/\/ofrendasfotograficas.net\/index.php?rest_route=\/wp\/v2\/types\/page"}],"author":[{"embeddable":true,"href":"https:\/\/ofrendasfotograficas.net\/index.php?rest_route=\/wp\/v2\/users\/1"}],"replies":[{"embeddable":true,"href":"https:\/\/ofrendasfotograficas.net\/index.php?rest_route=%2Fwp%2Fv2%2Fcomments&post=682"}],"version-history":[{"count":34,"href":"https:\/\/ofrendasfotograficas.net\/index.php?rest_route=\/wp\/v2\/pages\/682\/revisions"}],"predecessor-version":[{"id":1804,"href":"https:\/\/ofrendasfotograficas.net\/index.php?rest_route=\/wp\/v2\/pages\/682\/revisions\/1804"}],"wp:attachment":[{"href":"https:\/\/ofrendasfotograficas.net\/index.php?rest_route=%2Fwp%2Fv2%2Fmedia&parent=682"}],"curies":[{"name":"wp","href":"https:\/\/api.w.org\/{rel}","templated":true}]}}