{"id":743,"date":"2024-07-02T19:24:08","date_gmt":"2024-07-02T19:24:08","guid":{"rendered":"https:\/\/ofrendasfotograficas.net\/?page_id=743"},"modified":"2024-08-23T16:21:31","modified_gmt":"2024-08-23T16:21:31","slug":"concepcion","status":"publish","type":"page","link":"https:\/\/ofrendasfotograficas.net\/?page_id=743","title":{"rendered":"Concepci\u00f3n"},"content":{"rendered":"\t\t<div data-elementor-type=\"wp-page\" data-elementor-id=\"743\" class=\"elementor elementor-743\">\n\t\t\t\t\t\t\t\t\t<section class=\"elementor-section elementor-top-section elementor-element elementor-element-bd6479c elementor-section-boxed elementor-section-height-default elementor-section-height-default\" data-id=\"bd6479c\" data-element_type=\"section\">\n\t\t\t\t\t\t<div class=\"elementor-container elementor-column-gap-default\">\n\t\t\t\t\t<div class=\"elementor-column elementor-col-100 elementor-top-column elementor-element elementor-element-71a8e6a\" data-id=\"71a8e6a\" data-element_type=\"column\">\n\t\t\t<div class=\"elementor-widget-wrap elementor-element-populated\">\n\t\t\t\t\t\t\t\t<div class=\"elementor-element elementor-element-2b164dc elementor-widget elementor-widget-image-gallery\" data-id=\"2b164dc\" data-element_type=\"widget\" data-widget_type=\"image-gallery.default\">\n\t\t\t\t<div class=\"elementor-widget-container\">\n\t\t\t<style>\/*! elementor - v3.15.0 - 20-08-2023 *\/\n.elementor-image-gallery .gallery-item{display:inline-block;text-align:center;vertical-align:top;width:100%;max-width:100%;margin:0 auto}.elementor-image-gallery .gallery-item img{margin:0 auto}.elementor-image-gallery .gallery-item .gallery-caption{margin:0}.elementor-image-gallery figure img{display:block}.elementor-image-gallery figure figcaption{width:100%}.gallery-spacing-custom .elementor-image-gallery .gallery-icon{padding:0}@media (min-width:768px){.elementor-image-gallery .gallery-columns-2 .gallery-item{max-width:50%}.elementor-image-gallery .gallery-columns-3 .gallery-item{max-width:33.33%}.elementor-image-gallery .gallery-columns-4 .gallery-item{max-width:25%}.elementor-image-gallery .gallery-columns-5 .gallery-item{max-width:20%}.elementor-image-gallery .gallery-columns-6 .gallery-item{max-width:16.666%}.elementor-image-gallery .gallery-columns-7 .gallery-item{max-width:14.28%}.elementor-image-gallery .gallery-columns-8 .gallery-item{max-width:12.5%}.elementor-image-gallery .gallery-columns-9 .gallery-item{max-width:11.11%}.elementor-image-gallery .gallery-columns-10 .gallery-item{max-width:10%}}@media (min-width:480px) and (max-width:767px){.elementor-image-gallery .gallery.gallery-columns-2 .gallery-item,.elementor-image-gallery .gallery.gallery-columns-3 .gallery-item,.elementor-image-gallery .gallery.gallery-columns-4 .gallery-item,.elementor-image-gallery .gallery.gallery-columns-5 .gallery-item,.elementor-image-gallery .gallery.gallery-columns-6 .gallery-item,.elementor-image-gallery .gallery.gallery-columns-7 .gallery-item,.elementor-image-gallery .gallery.gallery-columns-8 .gallery-item,.elementor-image-gallery .gallery.gallery-columns-9 .gallery-item,.elementor-image-gallery .gallery.gallery-columns-10 .gallery-item{max-width:50%}}@media (max-width:479px){.elementor-image-gallery .gallery.gallery-columns-2 .gallery-item,.elementor-image-gallery .gallery.gallery-columns-3 .gallery-item,.elementor-image-gallery .gallery.gallery-columns-4 .gallery-item,.elementor-image-gallery .gallery.gallery-columns-5 .gallery-item,.elementor-image-gallery .gallery.gallery-columns-6 .gallery-item,.elementor-image-gallery .gallery.gallery-columns-7 .gallery-item,.elementor-image-gallery .gallery.gallery-columns-8 .gallery-item,.elementor-image-gallery .gallery.gallery-columns-9 .gallery-item,.elementor-image-gallery .gallery.gallery-columns-10 .gallery-item{max-width:100%}}<\/style>\t\t<div class=\"elementor-image-gallery\">\n\t\t\t<div id='gallery-1' class='gallery galleryid-743 gallery-columns-1 gallery-size-large'><figure class='gallery-item'>\n\t\t\t<div class='gallery-icon landscape'>\n\t\t\t\t<a data-elementor-open-lightbox=\"yes\" data-elementor-lightbox-slideshow=\"2b164dc\" data-elementor-lightbox-title=\"Concepcion01\" data-e-action-hash=\"#elementor-action%3Aaction%3Dlightbox%26settings%3DeyJpZCI6NDkwLCJ1cmwiOiJodHRwczpcL1wvb2ZyZW5kYXNmb3RvZ3JhZmljYXMubmV0XC93cC1jb250ZW50XC91cGxvYWRzXC8yMDIzXC8wOVwvQ29uY2VwY2lvbjAxLmpwZyIsInNsaWRlc2hvdyI6IjJiMTY0ZGMifQ%3D%3D\" href='https:\/\/ofrendasfotograficas.net\/wp-content\/uploads\/2023\/09\/Concepcion01.jpg'><img width=\"950\" height=\"519\" src=\"https:\/\/ofrendasfotograficas.net\/wp-content\/uploads\/2023\/09\/Concepcion01-1024x559.jpg\" class=\"attachment-large size-large\" alt=\"Obras de Ximena Riffo, Kena Lorenzini y Andrea Herrera en dos muros del espacio Casa 916 en Concepci\u00f3n.\" decoding=\"async\" loading=\"lazy\" srcset=\"https:\/\/ofrendasfotograficas.net\/wp-content\/uploads\/2023\/09\/Concepcion01-1024x559.jpg 1024w, https:\/\/ofrendasfotograficas.net\/wp-content\/uploads\/2023\/09\/Concepcion01-300x164.jpg 300w, https:\/\/ofrendasfotograficas.net\/wp-content\/uploads\/2023\/09\/Concepcion01-768x419.jpg 768w, https:\/\/ofrendasfotograficas.net\/wp-content\/uploads\/2023\/09\/Concepcion01-1536x838.jpg 1536w, https:\/\/ofrendasfotograficas.net\/wp-content\/uploads\/2023\/09\/Concepcion01-600x327.jpg 600w, https:\/\/ofrendasfotograficas.net\/wp-content\/uploads\/2023\/09\/Concepcion01-1200x655.jpg 1200w, https:\/\/ofrendasfotograficas.net\/wp-content\/uploads\/2023\/09\/Concepcion01.jpg 1980w\" sizes=\"100vw\" \/><\/a>\n\t\t\t<\/div><\/figure><figure class='gallery-item'>\n\t\t\t<div class='gallery-icon landscape'>\n\t\t\t\t<a data-elementor-open-lightbox=\"yes\" data-elementor-lightbox-slideshow=\"2b164dc\" data-elementor-lightbox-title=\"Concepcion02\" data-e-action-hash=\"#elementor-action%3Aaction%3Dlightbox%26settings%3DeyJpZCI6NDkxLCJ1cmwiOiJodHRwczpcL1wvb2ZyZW5kYXNmb3RvZ3JhZmljYXMubmV0XC93cC1jb250ZW50XC91cGxvYWRzXC8yMDIzXC8wOVwvQ29uY2VwY2lvbjAyLmpwZyIsInNsaWRlc2hvdyI6IjJiMTY0ZGMifQ%3D%3D\" href='https:\/\/ofrendasfotograficas.net\/wp-content\/uploads\/2023\/09\/Concepcion02.jpg'><img width=\"950\" height=\"519\" src=\"https:\/\/ofrendasfotograficas.net\/wp-content\/uploads\/2023\/09\/Concepcion02-1024x559.jpg\" class=\"attachment-large size-large\" alt=\"Plano general del espacio multidisciplinario Casa 916 en Concepci\u00f3n. En sus muros blancos, una selecci\u00f3n de obras de la muestra Ofrendas Fotogr\u00e1ficas, adaptaci\u00f3n especial para el espacio. Al centro, en el piso de madera la gata blanco con negro \u201cLalila\u201d y \u201cFrida\u201d, una perrita blanca de mediana estatura, posan mirando a la c\u00e1mara.\" decoding=\"async\" loading=\"lazy\" srcset=\"https:\/\/ofrendasfotograficas.net\/wp-content\/uploads\/2023\/09\/Concepcion02-1024x559.jpg 1024w, https:\/\/ofrendasfotograficas.net\/wp-content\/uploads\/2023\/09\/Concepcion02-300x164.jpg 300w, https:\/\/ofrendasfotograficas.net\/wp-content\/uploads\/2023\/09\/Concepcion02-768x419.jpg 768w, https:\/\/ofrendasfotograficas.net\/wp-content\/uploads\/2023\/09\/Concepcion02-1536x838.jpg 1536w, https:\/\/ofrendasfotograficas.net\/wp-content\/uploads\/2023\/09\/Concepcion02-600x327.jpg 600w, https:\/\/ofrendasfotograficas.net\/wp-content\/uploads\/2023\/09\/Concepcion02-1200x655.jpg 1200w, https:\/\/ofrendasfotograficas.net\/wp-content\/uploads\/2023\/09\/Concepcion02.jpg 1980w\" sizes=\"100vw\" \/><\/a>\n\t\t\t<\/div><\/figure><figure class='gallery-item'>\n\t\t\t<div class='gallery-icon landscape'>\n\t\t\t\t<a data-elementor-open-lightbox=\"yes\" data-elementor-lightbox-slideshow=\"2b164dc\" data-elementor-lightbox-title=\"Concepcion04\" data-e-action-hash=\"#elementor-action%3Aaction%3Dlightbox%26settings%3DeyJpZCI6NDkzLCJ1cmwiOiJodHRwczpcL1wvb2ZyZW5kYXNmb3RvZ3JhZmljYXMubmV0XC93cC1jb250ZW50XC91cGxvYWRzXC8yMDIzXC8wOVwvQ29uY2VwY2lvbjA0LmpwZyIsInNsaWRlc2hvdyI6IjJiMTY0ZGMifQ%3D%3D\" href='https:\/\/ofrendasfotograficas.net\/wp-content\/uploads\/2023\/09\/Concepcion04.jpg'><img width=\"950\" height=\"519\" src=\"https:\/\/ofrendasfotograficas.net\/wp-content\/uploads\/2023\/09\/Concepcion04-1024x559.jpg\" class=\"attachment-large size-large\" alt=\"Exposici\u00f3n en Casa 916, de izquierda a derecha: Pantalla que proyecta obra de Marcela Bruna, ventana con rejas que muestra la calle en un d\u00eda nublado, obra de Ximena Riffo. En el muro continuo las obras fotogr\u00e1ficas de Kena Lorenzini, Andrea Herrera Poblete y Zaida Gonz\u00e1lez separadas por una puerta blanca con vidrios. El piso es de madera caoba oscuro.\" decoding=\"async\" loading=\"lazy\" srcset=\"https:\/\/ofrendasfotograficas.net\/wp-content\/uploads\/2023\/09\/Concepcion04-1024x559.jpg 1024w, https:\/\/ofrendasfotograficas.net\/wp-content\/uploads\/2023\/09\/Concepcion04-300x164.jpg 300w, https:\/\/ofrendasfotograficas.net\/wp-content\/uploads\/2023\/09\/Concepcion04-768x419.jpg 768w, https:\/\/ofrendasfotograficas.net\/wp-content\/uploads\/2023\/09\/Concepcion04-1536x838.jpg 1536w, https:\/\/ofrendasfotograficas.net\/wp-content\/uploads\/2023\/09\/Concepcion04-600x327.jpg 600w, https:\/\/ofrendasfotograficas.net\/wp-content\/uploads\/2023\/09\/Concepcion04-1200x655.jpg 1200w, https:\/\/ofrendasfotograficas.net\/wp-content\/uploads\/2023\/09\/Concepcion04.jpg 1980w\" sizes=\"100vw\" \/><\/a>\n\t\t\t<\/div><\/figure><figure class='gallery-item'>\n\t\t\t<div class='gallery-icon landscape'>\n\t\t\t\t<a data-elementor-open-lightbox=\"yes\" data-elementor-lightbox-slideshow=\"2b164dc\" data-elementor-lightbox-title=\"Concepcion05\" data-e-action-hash=\"#elementor-action%3Aaction%3Dlightbox%26settings%3DeyJpZCI6NDk0LCJ1cmwiOiJodHRwczpcL1wvb2ZyZW5kYXNmb3RvZ3JhZmljYXMubmV0XC93cC1jb250ZW50XC91cGxvYWRzXC8yMDIzXC8wOVwvQ29uY2VwY2lvbjA1LmpwZyIsInNsaWRlc2hvdyI6IjJiMTY0ZGMifQ%3D%3D\" href='https:\/\/ofrendasfotograficas.net\/wp-content\/uploads\/2023\/09\/Concepcion05.jpg'><img width=\"950\" height=\"519\" src=\"https:\/\/ofrendasfotograficas.net\/wp-content\/uploads\/2023\/09\/Concepcion05-1024x559.jpg\" class=\"attachment-large size-large\" alt=\"Grupo de mujeres de diferentes edades mirando atentamente hacia la derecha, al fondo sobre un muro blanco obras de Sumiko Murray y Mariana Gallardo.\" decoding=\"async\" loading=\"lazy\" srcset=\"https:\/\/ofrendasfotograficas.net\/wp-content\/uploads\/2023\/09\/Concepcion05-1024x559.jpg 1024w, https:\/\/ofrendasfotograficas.net\/wp-content\/uploads\/2023\/09\/Concepcion05-300x164.jpg 300w, https:\/\/ofrendasfotograficas.net\/wp-content\/uploads\/2023\/09\/Concepcion05-768x419.jpg 768w, https:\/\/ofrendasfotograficas.net\/wp-content\/uploads\/2023\/09\/Concepcion05-1536x838.jpg 1536w, https:\/\/ofrendasfotograficas.net\/wp-content\/uploads\/2023\/09\/Concepcion05-600x327.jpg 600w, https:\/\/ofrendasfotograficas.net\/wp-content\/uploads\/2023\/09\/Concepcion05-1200x655.jpg 1200w, https:\/\/ofrendasfotograficas.net\/wp-content\/uploads\/2023\/09\/Concepcion05.jpg 1980w\" sizes=\"100vw\" \/><\/a>\n\t\t\t<\/div><\/figure><figure class='gallery-item'>\n\t\t\t<div class='gallery-icon landscape'>\n\t\t\t\t<a data-elementor-open-lightbox=\"yes\" data-elementor-lightbox-slideshow=\"2b164dc\" data-elementor-lightbox-title=\"Concepcion07\" data-e-action-hash=\"#elementor-action%3Aaction%3Dlightbox%26settings%3DeyJpZCI6MTQxMywidXJsIjoiaHR0cHM6XC9cL29mcmVuZGFzZm90b2dyYWZpY2FzLm5ldFwvd3AtY29udGVudFwvdXBsb2Fkc1wvMjAyNFwvMDdcL0NvbmNlcGNpb24wNy5qcGciLCJzbGlkZXNob3ciOiIyYjE2NGRjIn0%3D\" href='https:\/\/ofrendasfotograficas.net\/wp-content\/uploads\/2024\/07\/Concepcion07.jpg'><img width=\"950\" height=\"519\" src=\"https:\/\/ofrendasfotograficas.net\/wp-content\/uploads\/2024\/07\/Concepcion07-1024x559.jpg\" class=\"attachment-large size-large\" alt=\"Dos mujeres vestidas de negro sostienen un lienzo de papel impreso que dice: \u201cNo hay que ser pobre amiga, es peligroso ser pobre amiga\u201d. Son las poetas B\u00e1rbara Calder\u00f3n y Rosy S\u00e1ez del colectivo \u201c\u00bfPor qu\u00e9 tan solitas? La fotograf\u00eda es tomada desde el suelo hacia arriba, al fondo un tel\u00f3n y pared blanca. Lugar: Casa 916 en Concepci\u00f3n.\" decoding=\"async\" loading=\"lazy\" srcset=\"https:\/\/ofrendasfotograficas.net\/wp-content\/uploads\/2024\/07\/Concepcion07-1024x559.jpg 1024w, https:\/\/ofrendasfotograficas.net\/wp-content\/uploads\/2024\/07\/Concepcion07-300x164.jpg 300w, https:\/\/ofrendasfotograficas.net\/wp-content\/uploads\/2024\/07\/Concepcion07-768x419.jpg 768w, https:\/\/ofrendasfotograficas.net\/wp-content\/uploads\/2024\/07\/Concepcion07-1536x838.jpg 1536w, https:\/\/ofrendasfotograficas.net\/wp-content\/uploads\/2024\/07\/Concepcion07-600x327.jpg 600w, https:\/\/ofrendasfotograficas.net\/wp-content\/uploads\/2024\/07\/Concepcion07-1200x655.jpg 1200w, https:\/\/ofrendasfotograficas.net\/wp-content\/uploads\/2024\/07\/Concepcion07.jpg 1980w\" sizes=\"100vw\" \/><\/a>\n\t\t\t<\/div><\/figure>\n\t\t<\/div>\n\t\t<\/div>\n\t\t\t\t<\/div>\n\t\t\t\t<\/div>\n\t\t\t\t\t<\/div>\n\t\t<\/div>\n\t\t\t\t\t\t\t<\/div>\n\t\t<\/section>\n\t\t\t\t<section class=\"elementor-section elementor-top-section elementor-element elementor-element-d60847a elementor-section-boxed elementor-section-height-default elementor-section-height-default\" data-id=\"d60847a\" data-element_type=\"section\">\n\t\t\t\t\t\t<div class=\"elementor-container elementor-column-gap-default\">\n\t\t\t\t\t<div class=\"elementor-column elementor-col-100 elementor-top-column elementor-element elementor-element-bc92333\" data-id=\"bc92333\" data-element_type=\"column\">\n\t\t\t<div class=\"elementor-widget-wrap elementor-element-populated\">\n\t\t\t\t\t\t\t\t<div class=\"elementor-element elementor-element-65b5fa6 elementor-widget elementor-widget-text-editor\" data-id=\"65b5fa6\" data-element_type=\"widget\" data-widget_type=\"text-editor.default\">\n\t\t\t\t<div class=\"elementor-widget-container\">\n\t\t\t<style>\/*! elementor - v3.15.0 - 20-08-2023 *\/\n.elementor-widget-text-editor.elementor-drop-cap-view-stacked .elementor-drop-cap{background-color:#69727d;color:#fff}.elementor-widget-text-editor.elementor-drop-cap-view-framed .elementor-drop-cap{color:#69727d;border:3px solid;background-color:transparent}.elementor-widget-text-editor:not(.elementor-drop-cap-view-default) .elementor-drop-cap{margin-top:8px}.elementor-widget-text-editor:not(.elementor-drop-cap-view-default) .elementor-drop-cap-letter{width:1em;height:1em}.elementor-widget-text-editor .elementor-drop-cap{float:left;text-align:center;line-height:1;font-size:50px}.elementor-widget-text-editor .elementor-drop-cap-letter{display:inline-block}<\/style>\t\t\t\t<p><strong>Casa 916 (2016) en Concepci\u00f3n.<\/strong><\/p><p>El a\u00f1o 2016 exhibimos el proyecto Ofrendas Ofrendas Fotogr\u00e1ficas contra el Femicidio compuesto por las fot\u00f3grafas: P\u00eda Acu\u00f1a Molina, Marcela Bruna Castro, Mariana Gallardo Klein, Zaida Gonz\u00e1lez R\u00edos, Macarena Pe\u00f1aloza Villarroel, Kena Lorenzini Lorenzini, Sumiko Muray Prado, Ximena Riffo Pi\u00f1a, Andrea Herrera Poblete, Gabriela Rivera Lucero y Jocelyn Rodr\u00edguez Droguett, y acompa\u00f1ado de un texto curatorial elaborado por Mane Adaro Gallardo, en la ciudad de Concepci\u00f3n en Casa 916. En el evento de inauguraci\u00f3n contamos con la presentaci\u00f3n de la colectiva po\u00e9tica \u00abY Por qu\u00e9 tan solitas?\u00bb, la Coordinadora Feminista 8 de Marzo (La Monche y D\u00e9bora Ram\u00edrez), Paulina Barrenechea junto a Carolina Escobar y en representaci\u00f3n de Ofrendas Fotogr\u00e1ficas Marcela Bruna Castro y Gabriela Rivera Lucero. Agradecemos a Natascha de Cortillas, Flor de Calabaza (por su bella propuesta culinaria de manos de mujeres) y a Valentina Villarroel &#8211; Camila Cijka qui\u00e9nes pusieron la cuota sonora\/visual.<\/p><p>Agradecemos a Casa 916 por acogernos y brindarnos un apoyo sin igual, y a todas, todes y todos los asistentes. Registro fotogr\u00e1fico de Marcela Bruna Castro.<\/p>\t\t\t\t\t\t<\/div>\n\t\t\t\t<\/div>\n\t\t\t\t\t<\/div>\n\t\t<\/div>\n\t\t\t\t\t\t\t<\/div>\n\t\t<\/section>\n\t\t\t\t<section class=\"elementor-section elementor-top-section elementor-element elementor-element-d1e01d6 elementor-section-boxed elementor-section-height-default elementor-section-height-default\" data-id=\"d1e01d6\" data-element_type=\"section\">\n\t\t\t\t\t\t<div class=\"elementor-container elementor-column-gap-default\">\n\t\t\t\t\t<div class=\"elementor-column elementor-col-100 elementor-top-column elementor-element elementor-element-d6d00ae\" data-id=\"d6d00ae\" data-element_type=\"column\">\n\t\t\t<div class=\"elementor-widget-wrap elementor-element-populated\">\n\t\t\t\t\t\t\t\t<div class=\"elementor-element elementor-element-c2ef1c2 elementor-widget elementor-widget-text-editor\" data-id=\"c2ef1c2\" data-element_type=\"widget\" data-widget_type=\"text-editor.default\">\n\t\t\t\t<div class=\"elementor-widget-container\">\n\t\t\t\t\t\t\t<p>\u00a0<\/p><p>\u00a0<\/p>\t\t\t\t\t\t<\/div>\n\t\t\t\t<\/div>\n\t\t\t\t\t<\/div>\n\t\t<\/div>\n\t\t\t\t\t\t\t<\/div>\n\t\t<\/section>\n\t\t\t\t\t\t\t<\/div>\n\t\t","protected":false},"excerpt":{"rendered":"<p>Casa 916 (2016) en Concepci\u00f3n. El a\u00f1o 2016 exhibimos el proyecto Ofrendas Ofrendas Fotogr\u00e1ficas contra el Femicidio compuesto por las fot\u00f3grafas: P\u00eda Acu\u00f1a Molina, Marcela Bruna Castro, Mariana Gallardo Klein, Zaida Gonz\u00e1lez R\u00edos, Macarena Pe\u00f1aloza Villarroel, Kena Lorenzini Lorenzini, Sumiko Muray Prado, Ximena Riffo Pi\u00f1a, Andrea Herrera Poblete, Gabriela Rivera Lucero y Jocelyn Rodr\u00edguez Droguett, &hellip; <\/p>\n<p class=\"link-more\"><a href=\"https:\/\/ofrendasfotograficas.net\/?page_id=743\" class=\"more-link\">Leer m\u00e1s<span class=\"screen-reader-text\"> \u00abConcepci\u00f3n\u00bb<\/span><\/a><\/p>\n","protected":false},"author":1,"featured_media":0,"parent":0,"menu_order":0,"comment_status":"closed","ping_status":"closed","template":"","meta":[],"featured_media_urls":[],"_links":{"self":[{"href":"https:\/\/ofrendasfotograficas.net\/index.php?rest_route=\/wp\/v2\/pages\/743"}],"collection":[{"href":"https:\/\/ofrendasfotograficas.net\/index.php?rest_route=\/wp\/v2\/pages"}],"about":[{"href":"https:\/\/ofrendasfotograficas.net\/index.php?rest_route=\/wp\/v2\/types\/page"}],"author":[{"embeddable":true,"href":"https:\/\/ofrendasfotograficas.net\/index.php?rest_route=\/wp\/v2\/users\/1"}],"replies":[{"embeddable":true,"href":"https:\/\/ofrendasfotograficas.net\/index.php?rest_route=%2Fwp%2Fv2%2Fcomments&post=743"}],"version-history":[{"count":25,"href":"https:\/\/ofrendasfotograficas.net\/index.php?rest_route=\/wp\/v2\/pages\/743\/revisions"}],"predecessor-version":[{"id":2093,"href":"https:\/\/ofrendasfotograficas.net\/index.php?rest_route=\/wp\/v2\/pages\/743\/revisions\/2093"}],"wp:attachment":[{"href":"https:\/\/ofrendasfotograficas.net\/index.php?rest_route=%2Fwp%2Fv2%2Fmedia&parent=743"}],"curies":[{"name":"wp","href":"https:\/\/api.w.org\/{rel}","templated":true}]}}