{"id":748,"date":"2024-07-02T19:26:24","date_gmt":"2024-07-02T19:26:24","guid":{"rendered":"https:\/\/ofrendasfotograficas.net\/?page_id=748"},"modified":"2024-08-23T16:24:30","modified_gmt":"2024-08-23T16:24:30","slug":"curico","status":"publish","type":"page","link":"https:\/\/ofrendasfotograficas.net\/?page_id=748","title":{"rendered":"Curic\u00f3"},"content":{"rendered":"\t\t<div data-elementor-type=\"wp-page\" data-elementor-id=\"748\" class=\"elementor elementor-748\">\n\t\t\t\t\t\t\t\t\t<section class=\"elementor-section elementor-top-section elementor-element elementor-element-c6822b9 elementor-section-boxed elementor-section-height-default elementor-section-height-default\" data-id=\"c6822b9\" data-element_type=\"section\">\n\t\t\t\t\t\t<div class=\"elementor-container elementor-column-gap-default\">\n\t\t\t\t\t<div class=\"elementor-column elementor-col-100 elementor-top-column elementor-element elementor-element-eea25d6\" data-id=\"eea25d6\" data-element_type=\"column\">\n\t\t\t<div class=\"elementor-widget-wrap elementor-element-populated\">\n\t\t\t\t\t\t\t\t<div class=\"elementor-element elementor-element-b48ed22 elementor-widget elementor-widget-image-gallery\" data-id=\"b48ed22\" data-element_type=\"widget\" data-widget_type=\"image-gallery.default\">\n\t\t\t\t<div class=\"elementor-widget-container\">\n\t\t\t<style>\/*! elementor - v3.15.0 - 20-08-2023 *\/\n.elementor-image-gallery .gallery-item{display:inline-block;text-align:center;vertical-align:top;width:100%;max-width:100%;margin:0 auto}.elementor-image-gallery .gallery-item img{margin:0 auto}.elementor-image-gallery .gallery-item .gallery-caption{margin:0}.elementor-image-gallery figure img{display:block}.elementor-image-gallery figure figcaption{width:100%}.gallery-spacing-custom .elementor-image-gallery .gallery-icon{padding:0}@media (min-width:768px){.elementor-image-gallery .gallery-columns-2 .gallery-item{max-width:50%}.elementor-image-gallery .gallery-columns-3 .gallery-item{max-width:33.33%}.elementor-image-gallery .gallery-columns-4 .gallery-item{max-width:25%}.elementor-image-gallery .gallery-columns-5 .gallery-item{max-width:20%}.elementor-image-gallery .gallery-columns-6 .gallery-item{max-width:16.666%}.elementor-image-gallery .gallery-columns-7 .gallery-item{max-width:14.28%}.elementor-image-gallery .gallery-columns-8 .gallery-item{max-width:12.5%}.elementor-image-gallery .gallery-columns-9 .gallery-item{max-width:11.11%}.elementor-image-gallery .gallery-columns-10 .gallery-item{max-width:10%}}@media (min-width:480px) and (max-width:767px){.elementor-image-gallery .gallery.gallery-columns-2 .gallery-item,.elementor-image-gallery .gallery.gallery-columns-3 .gallery-item,.elementor-image-gallery .gallery.gallery-columns-4 .gallery-item,.elementor-image-gallery .gallery.gallery-columns-5 .gallery-item,.elementor-image-gallery .gallery.gallery-columns-6 .gallery-item,.elementor-image-gallery .gallery.gallery-columns-7 .gallery-item,.elementor-image-gallery .gallery.gallery-columns-8 .gallery-item,.elementor-image-gallery .gallery.gallery-columns-9 .gallery-item,.elementor-image-gallery .gallery.gallery-columns-10 .gallery-item{max-width:50%}}@media (max-width:479px){.elementor-image-gallery .gallery.gallery-columns-2 .gallery-item,.elementor-image-gallery .gallery.gallery-columns-3 .gallery-item,.elementor-image-gallery .gallery.gallery-columns-4 .gallery-item,.elementor-image-gallery .gallery.gallery-columns-5 .gallery-item,.elementor-image-gallery .gallery.gallery-columns-6 .gallery-item,.elementor-image-gallery .gallery.gallery-columns-7 .gallery-item,.elementor-image-gallery .gallery.gallery-columns-8 .gallery-item,.elementor-image-gallery .gallery.gallery-columns-9 .gallery-item,.elementor-image-gallery .gallery.gallery-columns-10 .gallery-item{max-width:100%}}<\/style>\t\t<div class=\"elementor-image-gallery\">\n\t\t\t<div id='gallery-1' class='gallery galleryid-748 gallery-columns-1 gallery-size-large'><figure class='gallery-item'>\n\t\t\t<div class='gallery-icon landscape'>\n\t\t\t\t<a data-elementor-open-lightbox=\"yes\" data-elementor-lightbox-slideshow=\"b48ed22\" data-elementor-lightbox-title=\"Curic\u00f3 01\" data-e-action-hash=\"#elementor-action%3Aaction%3Dlightbox%26settings%3DeyJpZCI6MTQwOCwidXJsIjoiaHR0cHM6XC9cL29mcmVuZGFzZm90b2dyYWZpY2FzLm5ldFwvd3AtY29udGVudFwvdXBsb2Fkc1wvMjAyNFwvMDdcL0N1cmljby0wNi5qcGciLCJzbGlkZXNob3ciOiJiNDhlZDIyIn0%3D\" href='https:\/\/ofrendasfotograficas.net\/wp-content\/uploads\/2024\/07\/Curico-06.jpg'><img width=\"950\" height=\"519\" src=\"https:\/\/ofrendasfotograficas.net\/wp-content\/uploads\/2024\/07\/Curico-06-1024x559.jpg\" class=\"attachment-large size-large\" alt=\"Plano de acercamiento a uno de los muros de la exposici\u00f3n, en la que se distingue el trabajo de Pia Acu\u00f1a. Al centro se divisan una proyecci\u00f3n sobre un tel\u00f3n y al costado izquierdo el trabajo de Kena Lorenzini. El piso del espacio expositivo es de madera, color caf\u00e9 claro.\" decoding=\"async\" loading=\"lazy\" srcset=\"https:\/\/ofrendasfotograficas.net\/wp-content\/uploads\/2024\/07\/Curico-06-1024x559.jpg 1024w, https:\/\/ofrendasfotograficas.net\/wp-content\/uploads\/2024\/07\/Curico-06-300x164.jpg 300w, https:\/\/ofrendasfotograficas.net\/wp-content\/uploads\/2024\/07\/Curico-06-768x419.jpg 768w, https:\/\/ofrendasfotograficas.net\/wp-content\/uploads\/2024\/07\/Curico-06-1536x838.jpg 1536w, https:\/\/ofrendasfotograficas.net\/wp-content\/uploads\/2024\/07\/Curico-06-600x327.jpg 600w, https:\/\/ofrendasfotograficas.net\/wp-content\/uploads\/2024\/07\/Curico-06-1200x655.jpg 1200w, https:\/\/ofrendasfotograficas.net\/wp-content\/uploads\/2024\/07\/Curico-06.jpg 1980w\" sizes=\"100vw\" \/><\/a>\n\t\t\t<\/div><\/figure><figure class='gallery-item'>\n\t\t\t<div class='gallery-icon landscape'>\n\t\t\t\t<a data-elementor-open-lightbox=\"yes\" data-elementor-lightbox-slideshow=\"b48ed22\" data-elementor-lightbox-title=\"Curic\u00f3 02\" data-e-action-hash=\"#elementor-action%3Aaction%3Dlightbox%26settings%3DeyJpZCI6NTMxLCJ1cmwiOiJodHRwczpcL1wvb2ZyZW5kYXNmb3RvZ3JhZmljYXMubmV0XC93cC1jb250ZW50XC91cGxvYWRzXC8yMDIzXC8wOVwvQ3VyaWNvMDEuanBnIiwic2xpZGVzaG93IjoiYjQ4ZWQyMiJ9\" href='https:\/\/ofrendasfotograficas.net\/wp-content\/uploads\/2023\/09\/Curico01.jpg'><img width=\"950\" height=\"519\" src=\"https:\/\/ofrendasfotograficas.net\/wp-content\/uploads\/2023\/09\/Curico01-1024x559.jpg\" class=\"attachment-large size-large\" alt=\"Plano general de la exposici\u00f3n en Centro de extensi\u00f3n UCM, Curic\u00f3, dos personas observan la muestra. En sus muros de color beige se ve una selecci\u00f3n de obras de la muestra Ofrendas Fotogr\u00e1ficas. Al costado derecho destaca la obra de Jocelyne Rodr\u00edguez, a su lado est\u00e1 la obra de Mariana Gallardo, al centro se aprecia la propuesta de Sumiko Muray.\" decoding=\"async\" loading=\"lazy\" srcset=\"https:\/\/ofrendasfotograficas.net\/wp-content\/uploads\/2023\/09\/Curico01-1024x559.jpg 1024w, https:\/\/ofrendasfotograficas.net\/wp-content\/uploads\/2023\/09\/Curico01-300x164.jpg 300w, https:\/\/ofrendasfotograficas.net\/wp-content\/uploads\/2023\/09\/Curico01-768x419.jpg 768w, https:\/\/ofrendasfotograficas.net\/wp-content\/uploads\/2023\/09\/Curico01-1536x838.jpg 1536w, https:\/\/ofrendasfotograficas.net\/wp-content\/uploads\/2023\/09\/Curico01-600x327.jpg 600w, https:\/\/ofrendasfotograficas.net\/wp-content\/uploads\/2023\/09\/Curico01-1200x655.jpg 1200w, https:\/\/ofrendasfotograficas.net\/wp-content\/uploads\/2023\/09\/Curico01.jpg 1980w\" sizes=\"100vw\" \/><\/a>\n\t\t\t<\/div><\/figure><figure class='gallery-item'>\n\t\t\t<div class='gallery-icon landscape'>\n\t\t\t\t<a data-elementor-open-lightbox=\"yes\" data-elementor-lightbox-slideshow=\"b48ed22\" data-elementor-lightbox-title=\"Curic\u00f3 03\" data-e-action-hash=\"#elementor-action%3Aaction%3Dlightbox%26settings%3DeyJpZCI6MTQwNywidXJsIjoiaHR0cHM6XC9cL29mcmVuZGFzZm90b2dyYWZpY2FzLm5ldFwvd3AtY29udGVudFwvdXBsb2Fkc1wvMjAyNFwvMDdcL0N1cmljby0wNS5qcGciLCJzbGlkZXNob3ciOiJiNDhlZDIyIn0%3D\" href='https:\/\/ofrendasfotograficas.net\/wp-content\/uploads\/2024\/07\/Curico-05.jpg'><img width=\"950\" height=\"519\" src=\"https:\/\/ofrendasfotograficas.net\/wp-content\/uploads\/2024\/07\/Curico-05-1024x559.jpg\" class=\"attachment-large size-large\" alt=\"Encuadre m\u00e1s cerrado de la muestra, donde destaca en uno de los muros de la exposici\u00f3n el texto curatorial del proyecto escrito por Mane Adaro, el texto est\u00e1 impreso sobre un fondo blanco. Se aprecia a dos personas leyendo el texto. El piso de la galer\u00eda es de madera, color caf\u00e9 claro.\" decoding=\"async\" loading=\"lazy\" srcset=\"https:\/\/ofrendasfotograficas.net\/wp-content\/uploads\/2024\/07\/Curico-05-1024x559.jpg 1024w, https:\/\/ofrendasfotograficas.net\/wp-content\/uploads\/2024\/07\/Curico-05-300x164.jpg 300w, https:\/\/ofrendasfotograficas.net\/wp-content\/uploads\/2024\/07\/Curico-05-768x419.jpg 768w, https:\/\/ofrendasfotograficas.net\/wp-content\/uploads\/2024\/07\/Curico-05-1536x838.jpg 1536w, https:\/\/ofrendasfotograficas.net\/wp-content\/uploads\/2024\/07\/Curico-05-600x327.jpg 600w, https:\/\/ofrendasfotograficas.net\/wp-content\/uploads\/2024\/07\/Curico-05-1200x655.jpg 1200w, https:\/\/ofrendasfotograficas.net\/wp-content\/uploads\/2024\/07\/Curico-05.jpg 1980w\" sizes=\"100vw\" \/><\/a>\n\t\t\t<\/div><\/figure>\n\t\t<\/div>\n\t\t<\/div>\n\t\t\t\t<\/div>\n\t\t\t\t<\/div>\n\t\t\t\t\t<\/div>\n\t\t<\/div>\n\t\t\t\t\t\t\t<\/div>\n\t\t<\/section>\n\t\t\t\t<section class=\"elementor-section elementor-top-section elementor-element elementor-element-9245eb6 elementor-section-boxed elementor-section-height-default elementor-section-height-default\" data-id=\"9245eb6\" data-element_type=\"section\">\n\t\t\t\t\t\t<div class=\"elementor-container elementor-column-gap-default\">\n\t\t\t\t\t<div class=\"elementor-column elementor-col-100 elementor-top-column elementor-element elementor-element-8ee62c7\" data-id=\"8ee62c7\" data-element_type=\"column\">\n\t\t\t<div class=\"elementor-widget-wrap elementor-element-populated\">\n\t\t\t\t\t\t\t\t<div class=\"elementor-element elementor-element-9a7ac24 elementor-widget elementor-widget-text-editor\" data-id=\"9a7ac24\" data-element_type=\"widget\" data-widget_type=\"text-editor.default\">\n\t\t\t\t<div class=\"elementor-widget-container\">\n\t\t\t<style>\/*! elementor - v3.15.0 - 20-08-2023 *\/\n.elementor-widget-text-editor.elementor-drop-cap-view-stacked .elementor-drop-cap{background-color:#69727d;color:#fff}.elementor-widget-text-editor.elementor-drop-cap-view-framed .elementor-drop-cap{color:#69727d;border:3px solid;background-color:transparent}.elementor-widget-text-editor:not(.elementor-drop-cap-view-default) .elementor-drop-cap{margin-top:8px}.elementor-widget-text-editor:not(.elementor-drop-cap-view-default) .elementor-drop-cap-letter{width:1em;height:1em}.elementor-widget-text-editor .elementor-drop-cap{float:left;text-align:center;line-height:1;font-size:50px}.elementor-widget-text-editor .elementor-drop-cap-letter{display:inline-block}<\/style>\t\t\t\t<p><strong>Centro de Extensi\u00f3n Universidad Cat\u00f3lica del Maule (2016), Curic\u00f3.<\/strong><\/p><p>Durante el mes de Octubre del a\u00f1o 2016 realizamos la Exposici\u00f3n del proyecto Ofrendas Ofrendas Fotogr\u00e1ficas contra el Femicidio compuesto por las fot\u00f3grafas: P\u00eda Acu\u00f1a Molina, Marcela Bruna Castro, Mariana Gallardo Klein, Zaida Gonz\u00e1lez R\u00edos, Macarena Pe\u00f1aloza Villarroel, Kena Lorenzini Lorenzini, Sumiko Muray Prado, Ximena Riffo Pi\u00f1a, Andrea Herrera Poblete, Gabriela Rivera Lucero y Jocelyn Rodr\u00edguez Droguett, y acompa\u00f1ado de un texto curatorial elaborado por Mane Adaro Gallardo, en el Centro de Extensi\u00f3n Universidad Cat\u00f3lica del Maule, de la ciudad de Curic\u00f3. Tambi\u00e9n desarrollamos el d\u00eda 22 de octubre un taller de acci\u00f3n fotogr\u00e1fica en el centro de la ciudad.<\/p><p>Agradecemos la gesti\u00f3n de: Asuntos P\u00fablicos Centro de Extensi\u00f3n Universidad Cat\u00f3lica del Maule. <br \/>Registro fotogr\u00e1fico por Andrea Herrera Poblete.<\/p>\t\t\t\t\t\t<\/div>\n\t\t\t\t<\/div>\n\t\t\t\t\t<\/div>\n\t\t<\/div>\n\t\t\t\t\t\t\t<\/div>\n\t\t<\/section>\n\t\t\t\t<section class=\"elementor-section elementor-top-section elementor-element elementor-element-d7ba2b2 elementor-section-boxed elementor-section-height-default elementor-section-height-default\" data-id=\"d7ba2b2\" data-element_type=\"section\">\n\t\t\t\t\t\t<div class=\"elementor-container elementor-column-gap-default\">\n\t\t\t\t\t<div class=\"elementor-column elementor-col-100 elementor-top-column elementor-element elementor-element-7640c98\" data-id=\"7640c98\" data-element_type=\"column\">\n\t\t\t<div class=\"elementor-widget-wrap elementor-element-populated\">\n\t\t\t\t\t\t\t\t<div class=\"elementor-element elementor-element-2e8c125 elementor-widget elementor-widget-text-editor\" data-id=\"2e8c125\" data-element_type=\"widget\" data-widget_type=\"text-editor.default\">\n\t\t\t\t<div class=\"elementor-widget-container\">\n\t\t\t\t\t\t\t<p>\u00a0<\/p><p>\u00a0<\/p>\t\t\t\t\t\t<\/div>\n\t\t\t\t<\/div>\n\t\t\t\t\t<\/div>\n\t\t<\/div>\n\t\t\t\t\t\t\t<\/div>\n\t\t<\/section>\n\t\t\t\t\t\t\t<\/div>\n\t\t","protected":false},"excerpt":{"rendered":"<p>Centro de Extensi\u00f3n Universidad Cat\u00f3lica del Maule (2016), Curic\u00f3. Durante el mes de Octubre del a\u00f1o 2016 realizamos la Exposici\u00f3n del proyecto Ofrendas Ofrendas Fotogr\u00e1ficas contra el Femicidio compuesto por las fot\u00f3grafas: P\u00eda Acu\u00f1a Molina, Marcela Bruna Castro, Mariana Gallardo Klein, Zaida Gonz\u00e1lez R\u00edos, Macarena Pe\u00f1aloza Villarroel, Kena Lorenzini Lorenzini, Sumiko Muray Prado, Ximena Riffo &hellip; <\/p>\n<p class=\"link-more\"><a href=\"https:\/\/ofrendasfotograficas.net\/?page_id=748\" class=\"more-link\">Leer m\u00e1s<span class=\"screen-reader-text\"> \u00abCuric\u00f3\u00bb<\/span><\/a><\/p>\n","protected":false},"author":1,"featured_media":0,"parent":0,"menu_order":0,"comment_status":"closed","ping_status":"closed","template":"","meta":[],"featured_media_urls":[],"_links":{"self":[{"href":"https:\/\/ofrendasfotograficas.net\/index.php?rest_route=\/wp\/v2\/pages\/748"}],"collection":[{"href":"https:\/\/ofrendasfotograficas.net\/index.php?rest_route=\/wp\/v2\/pages"}],"about":[{"href":"https:\/\/ofrendasfotograficas.net\/index.php?rest_route=\/wp\/v2\/types\/page"}],"author":[{"embeddable":true,"href":"https:\/\/ofrendasfotograficas.net\/index.php?rest_route=\/wp\/v2\/users\/1"}],"replies":[{"embeddable":true,"href":"https:\/\/ofrendasfotograficas.net\/index.php?rest_route=%2Fwp%2Fv2%2Fcomments&post=748"}],"version-history":[{"count":22,"href":"https:\/\/ofrendasfotograficas.net\/index.php?rest_route=\/wp\/v2\/pages\/748\/revisions"}],"predecessor-version":[{"id":2096,"href":"https:\/\/ofrendasfotograficas.net\/index.php?rest_route=\/wp\/v2\/pages\/748\/revisions\/2096"}],"wp:attachment":[{"href":"https:\/\/ofrendasfotograficas.net\/index.php?rest_route=%2Fwp%2Fv2%2Fmedia&parent=748"}],"curies":[{"name":"wp","href":"https:\/\/api.w.org\/{rel}","templated":true}]}}