{"id":959,"date":"2024-07-12T18:24:18","date_gmt":"2024-07-12T18:24:18","guid":{"rendered":"https:\/\/ofrendasfotograficas.net\/?page_id=959"},"modified":"2024-08-23T16:26:59","modified_gmt":"2024-08-23T16:26:59","slug":"estacion-mapocho","status":"publish","type":"page","link":"https:\/\/ofrendasfotograficas.net\/?page_id=959","title":{"rendered":"Estaci\u00f3n Mapocho"},"content":{"rendered":"\t\t<div data-elementor-type=\"wp-page\" data-elementor-id=\"959\" class=\"elementor elementor-959\">\n\t\t\t\t\t\t\t\t\t<section class=\"elementor-section elementor-top-section elementor-element elementor-element-d149c68 elementor-section-boxed elementor-section-height-default elementor-section-height-default\" data-id=\"d149c68\" data-element_type=\"section\">\n\t\t\t\t\t\t<div class=\"elementor-container elementor-column-gap-default\">\n\t\t\t\t\t<div class=\"elementor-column elementor-col-100 elementor-top-column elementor-element elementor-element-b0a5af7\" data-id=\"b0a5af7\" data-element_type=\"column\">\n\t\t\t<div class=\"elementor-widget-wrap elementor-element-populated\">\n\t\t\t\t\t\t\t\t<div class=\"elementor-element elementor-element-84d73a7 elementor-widget elementor-widget-image-gallery\" data-id=\"84d73a7\" data-element_type=\"widget\" data-widget_type=\"image-gallery.default\">\n\t\t\t\t<div class=\"elementor-widget-container\">\n\t\t\t<style>\/*! elementor - v3.15.0 - 20-08-2023 *\/\n.elementor-image-gallery .gallery-item{display:inline-block;text-align:center;vertical-align:top;width:100%;max-width:100%;margin:0 auto}.elementor-image-gallery .gallery-item img{margin:0 auto}.elementor-image-gallery .gallery-item .gallery-caption{margin:0}.elementor-image-gallery figure img{display:block}.elementor-image-gallery figure figcaption{width:100%}.gallery-spacing-custom .elementor-image-gallery .gallery-icon{padding:0}@media (min-width:768px){.elementor-image-gallery .gallery-columns-2 .gallery-item{max-width:50%}.elementor-image-gallery .gallery-columns-3 .gallery-item{max-width:33.33%}.elementor-image-gallery .gallery-columns-4 .gallery-item{max-width:25%}.elementor-image-gallery .gallery-columns-5 .gallery-item{max-width:20%}.elementor-image-gallery .gallery-columns-6 .gallery-item{max-width:16.666%}.elementor-image-gallery .gallery-columns-7 .gallery-item{max-width:14.28%}.elementor-image-gallery .gallery-columns-8 .gallery-item{max-width:12.5%}.elementor-image-gallery .gallery-columns-9 .gallery-item{max-width:11.11%}.elementor-image-gallery .gallery-columns-10 .gallery-item{max-width:10%}}@media (min-width:480px) and (max-width:767px){.elementor-image-gallery .gallery.gallery-columns-2 .gallery-item,.elementor-image-gallery .gallery.gallery-columns-3 .gallery-item,.elementor-image-gallery .gallery.gallery-columns-4 .gallery-item,.elementor-image-gallery .gallery.gallery-columns-5 .gallery-item,.elementor-image-gallery .gallery.gallery-columns-6 .gallery-item,.elementor-image-gallery .gallery.gallery-columns-7 .gallery-item,.elementor-image-gallery .gallery.gallery-columns-8 .gallery-item,.elementor-image-gallery .gallery.gallery-columns-9 .gallery-item,.elementor-image-gallery .gallery.gallery-columns-10 .gallery-item{max-width:50%}}@media (max-width:479px){.elementor-image-gallery .gallery.gallery-columns-2 .gallery-item,.elementor-image-gallery .gallery.gallery-columns-3 .gallery-item,.elementor-image-gallery .gallery.gallery-columns-4 .gallery-item,.elementor-image-gallery .gallery.gallery-columns-5 .gallery-item,.elementor-image-gallery .gallery.gallery-columns-6 .gallery-item,.elementor-image-gallery .gallery.gallery-columns-7 .gallery-item,.elementor-image-gallery .gallery.gallery-columns-8 .gallery-item,.elementor-image-gallery .gallery.gallery-columns-9 .gallery-item,.elementor-image-gallery .gallery.gallery-columns-10 .gallery-item{max-width:100%}}<\/style>\t\t<div class=\"elementor-image-gallery\">\n\t\t\t<div id='gallery-1' class='gallery galleryid-959 gallery-columns-1 gallery-size-large'><figure class='gallery-item'>\n\t\t\t<div class='gallery-icon landscape'>\n\t\t\t\t<a data-elementor-open-lightbox=\"yes\" data-elementor-lightbox-slideshow=\"84d73a7\" data-elementor-lightbox-title=\"Estacio\u0301n Mapocho 03\" data-e-action-hash=\"#elementor-action%3Aaction%3Dlightbox%26settings%3DeyJpZCI6MTQwMywidXJsIjoiaHR0cHM6XC9cL29mcmVuZGFzZm90b2dyYWZpY2FzLm5ldFwvd3AtY29udGVudFwvdXBsb2Fkc1wvMjAyNFwvMDdcL0VzdGFjaW9uLU1hcG9jaG8tMDMtMS5qcGciLCJzbGlkZXNob3ciOiI4NGQ3M2E3In0%3D\" href='https:\/\/ofrendasfotograficas.net\/wp-content\/uploads\/2024\/07\/Estacion-Mapocho-03-1.jpg'><img width=\"950\" height=\"519\" src=\"https:\/\/ofrendasfotograficas.net\/wp-content\/uploads\/2024\/07\/Estacion-Mapocho-03-1-1024x559.jpg\" class=\"attachment-large size-large\" alt=\"Plano abierto de la exposici\u00f3n en Centro Cultural Estaci\u00f3n Mapocho, los muros de la sala son blancos, con piso caf\u00e9 de madera claro. Se disponen en los muros los trabajos de izquierda a derecha de Gabriela Rivera Lucero, al centro la obra de Jocelyn Rodriguez Droguett y al costado derecho las fotograf\u00edas de Pia Acu\u00f1a Molina.\" decoding=\"async\" loading=\"lazy\" srcset=\"https:\/\/ofrendasfotograficas.net\/wp-content\/uploads\/2024\/07\/Estacion-Mapocho-03-1-1024x559.jpg 1024w, https:\/\/ofrendasfotograficas.net\/wp-content\/uploads\/2024\/07\/Estacion-Mapocho-03-1-300x164.jpg 300w, https:\/\/ofrendasfotograficas.net\/wp-content\/uploads\/2024\/07\/Estacion-Mapocho-03-1-768x419.jpg 768w, https:\/\/ofrendasfotograficas.net\/wp-content\/uploads\/2024\/07\/Estacion-Mapocho-03-1-1536x838.jpg 1536w, https:\/\/ofrendasfotograficas.net\/wp-content\/uploads\/2024\/07\/Estacion-Mapocho-03-1-600x327.jpg 600w, https:\/\/ofrendasfotograficas.net\/wp-content\/uploads\/2024\/07\/Estacion-Mapocho-03-1-1200x655.jpg 1200w, https:\/\/ofrendasfotograficas.net\/wp-content\/uploads\/2024\/07\/Estacion-Mapocho-03-1.jpg 1980w\" sizes=\"100vw\" \/><\/a>\n\t\t\t<\/div><\/figure><figure class='gallery-item'>\n\t\t\t<div class='gallery-icon landscape'>\n\t\t\t\t<a data-elementor-open-lightbox=\"yes\" data-elementor-lightbox-slideshow=\"84d73a7\" data-elementor-lightbox-title=\"Estacio\u0301n Mapocho 02\" data-e-action-hash=\"#elementor-action%3Aaction%3Dlightbox%26settings%3DeyJpZCI6MTQwMiwidXJsIjoiaHR0cHM6XC9cL29mcmVuZGFzZm90b2dyYWZpY2FzLm5ldFwvd3AtY29udGVudFwvdXBsb2Fkc1wvMjAyNFwvMDdcL0VzdGFjaW9uLU1hcG9jaG8tMDItMS5qcGciLCJzbGlkZXNob3ciOiI4NGQ3M2E3In0%3D\" href='https:\/\/ofrendasfotograficas.net\/wp-content\/uploads\/2024\/07\/Estacion-Mapocho-02-1.jpg'><img width=\"950\" height=\"519\" src=\"https:\/\/ofrendasfotograficas.net\/wp-content\/uploads\/2024\/07\/Estacion-Mapocho-02-1-1024x559.jpg\" class=\"attachment-large size-large\" alt=\"Encuadre general de la exposici\u00f3n, se aprecian obras sobre los muros blancos de la galer\u00eda, del lado izquierdo la propuesta fotogr\u00e1fica de Sumiko Muray Prado compuesta de una fotograf\u00eda grande en blanco y negro y tres im\u00e1genes peque\u00f1as a color; al centro las obras de Macarena Pe\u00f1aloza Villarroel y de Gabriela Rivera Lucero. Al costado derecho se encuentra el trabajo de Jocelyne Rodr\u00edguez Droguett.\" decoding=\"async\" loading=\"lazy\" srcset=\"https:\/\/ofrendasfotograficas.net\/wp-content\/uploads\/2024\/07\/Estacion-Mapocho-02-1-1024x559.jpg 1024w, https:\/\/ofrendasfotograficas.net\/wp-content\/uploads\/2024\/07\/Estacion-Mapocho-02-1-300x164.jpg 300w, https:\/\/ofrendasfotograficas.net\/wp-content\/uploads\/2024\/07\/Estacion-Mapocho-02-1-768x419.jpg 768w, https:\/\/ofrendasfotograficas.net\/wp-content\/uploads\/2024\/07\/Estacion-Mapocho-02-1-1536x838.jpg 1536w, https:\/\/ofrendasfotograficas.net\/wp-content\/uploads\/2024\/07\/Estacion-Mapocho-02-1-600x327.jpg 600w, https:\/\/ofrendasfotograficas.net\/wp-content\/uploads\/2024\/07\/Estacion-Mapocho-02-1-1200x655.jpg 1200w, https:\/\/ofrendasfotograficas.net\/wp-content\/uploads\/2024\/07\/Estacion-Mapocho-02-1.jpg 1980w\" sizes=\"100vw\" \/><\/a>\n\t\t\t<\/div><\/figure><figure class='gallery-item'>\n\t\t\t<div class='gallery-icon landscape'>\n\t\t\t\t<a data-elementor-open-lightbox=\"yes\" data-elementor-lightbox-slideshow=\"84d73a7\" data-elementor-lightbox-title=\"Estacio\u0301n Mapocho 01\" data-e-action-hash=\"#elementor-action%3Aaction%3Dlightbox%26settings%3DeyJpZCI6MTQwMSwidXJsIjoiaHR0cHM6XC9cL29mcmVuZGFzZm90b2dyYWZpY2FzLm5ldFwvd3AtY29udGVudFwvdXBsb2Fkc1wvMjAyNFwvMDdcL0VzdGFjaW9uLU1hcG9jaG8tMDEtMS5qcGciLCJzbGlkZXNob3ciOiI4NGQ3M2E3In0%3D\" href='https:\/\/ofrendasfotograficas.net\/wp-content\/uploads\/2024\/07\/Estacion-Mapocho-01-1.jpg'><img width=\"950\" height=\"519\" src=\"https:\/\/ofrendasfotograficas.net\/wp-content\/uploads\/2024\/07\/Estacion-Mapocho-01-1-1024x559.jpg\" class=\"attachment-large size-large\" alt=\"Plano abierto de un muro de la Exposici\u00f3n, de izquierda a derecha se aprecia el d\u00edptico de Mar\u00edana Gallardo Klein, a su derecha est\u00e1 la obra de Zaida Gonz\u00e1lez R\u00edos, junto a ella la obra de Kena Lorenzini Lorenzini, m\u00e1s al centro se encuentra la fotograf\u00eda en gran formato de Ximena Riffo Pi\u00f1a y unos aud\u00edfonos, finalmente a la derecha est\u00e1 la obra de Sumiko Muray Prado.\" decoding=\"async\" loading=\"lazy\" srcset=\"https:\/\/ofrendasfotograficas.net\/wp-content\/uploads\/2024\/07\/Estacion-Mapocho-01-1-1024x559.jpg 1024w, https:\/\/ofrendasfotograficas.net\/wp-content\/uploads\/2024\/07\/Estacion-Mapocho-01-1-300x164.jpg 300w, https:\/\/ofrendasfotograficas.net\/wp-content\/uploads\/2024\/07\/Estacion-Mapocho-01-1-768x419.jpg 768w, https:\/\/ofrendasfotograficas.net\/wp-content\/uploads\/2024\/07\/Estacion-Mapocho-01-1-1536x838.jpg 1536w, https:\/\/ofrendasfotograficas.net\/wp-content\/uploads\/2024\/07\/Estacion-Mapocho-01-1-600x327.jpg 600w, https:\/\/ofrendasfotograficas.net\/wp-content\/uploads\/2024\/07\/Estacion-Mapocho-01-1-1200x655.jpg 1200w, https:\/\/ofrendasfotograficas.net\/wp-content\/uploads\/2024\/07\/Estacion-Mapocho-01-1.jpg 1980w\" sizes=\"100vw\" \/><\/a>\n\t\t\t<\/div><\/figure>\n\t\t<\/div>\n\t\t<\/div>\n\t\t\t\t<\/div>\n\t\t\t\t<\/div>\n\t\t\t\t\t<\/div>\n\t\t<\/div>\n\t\t\t\t\t\t\t<\/div>\n\t\t<\/section>\n\t\t\t\t<section class=\"elementor-section elementor-top-section elementor-element elementor-element-24edcb5 elementor-section-boxed elementor-section-height-default elementor-section-height-default\" data-id=\"24edcb5\" data-element_type=\"section\">\n\t\t\t\t\t\t<div class=\"elementor-container elementor-column-gap-default\">\n\t\t\t\t\t<div class=\"elementor-column elementor-col-100 elementor-top-column elementor-element elementor-element-78bb26b\" data-id=\"78bb26b\" data-element_type=\"column\">\n\t\t\t<div class=\"elementor-widget-wrap elementor-element-populated\">\n\t\t\t\t\t\t\t\t<div class=\"elementor-element elementor-element-5ea14f0 elementor-widget elementor-widget-text-editor\" data-id=\"5ea14f0\" data-element_type=\"widget\" data-widget_type=\"text-editor.default\">\n\t\t\t\t<div class=\"elementor-widget-container\">\n\t\t\t<style>\/*! elementor - v3.15.0 - 20-08-2023 *\/\n.elementor-widget-text-editor.elementor-drop-cap-view-stacked .elementor-drop-cap{background-color:#69727d;color:#fff}.elementor-widget-text-editor.elementor-drop-cap-view-framed .elementor-drop-cap{color:#69727d;border:3px solid;background-color:transparent}.elementor-widget-text-editor:not(.elementor-drop-cap-view-default) .elementor-drop-cap{margin-top:8px}.elementor-widget-text-editor:not(.elementor-drop-cap-view-default) .elementor-drop-cap-letter{width:1em;height:1em}.elementor-widget-text-editor .elementor-drop-cap{float:left;text-align:center;line-height:1;font-size:50px}.elementor-widget-text-editor .elementor-drop-cap-letter{display:inline-block}<\/style>\t\t\t\t<p><strong>Centro Cultural Estaci\u00f3n Mapocho (2018), Santiago.<\/strong><\/p><p>Entre los meses de enero a marzo del a\u00f1o 2018 realizamos la exposici\u00f3n fotogr\u00e1fica, videogr\u00e1fica e instalativa Ofrendas Fotogr\u00e1ficas contra el Femicidio en Centro Cultural Estacion Mapocho, ciudad de Santiago. Proyecto conformado por 11 fot\u00f3grafas chilenas: P\u00eda Acu\u00f1a Molina, Marcela Bruna Castro, Mariana Gallardo Klein, Zaida Gonz\u00e1lez R\u00edos, Macarena Pe\u00f1aloza Villarroel, Kena Lorenzini Lorenzini, Sumiko Muray Prado, Ximena Riffo Pi\u00f1a, Andrea Herrera Poblete, Gabriela Rivera Lucero y Jocelyn Rodr\u00edguez Droguett, y con el acompa\u00f1amiento curatorial de Mane Adaro Gallardo. Fot\u00f3grafas de distintas generaciones, diversidad de lenguajes, destacando el potencial de esta propuesta con el fin de plantear distintas narrativas visuales y cr\u00edtica ante la violencia de g\u00e9nero.<\/p><p><br \/>Agradecemos la colaboraci\u00f3n en las enmarcaciones y montaje de Pedro Fuentealba, a la Estaci\u00f3n Mapocho, a Printlab Digital y a todas, todes, todos quienes visitaron la muestra.<\/p>\t\t\t\t\t\t<\/div>\n\t\t\t\t<\/div>\n\t\t\t\t\t<\/div>\n\t\t<\/div>\n\t\t\t\t\t\t\t<\/div>\n\t\t<\/section>\n\t\t\t\t<section class=\"elementor-section elementor-top-section elementor-element elementor-element-d4a8c85 elementor-section-boxed elementor-section-height-default elementor-section-height-default\" data-id=\"d4a8c85\" data-element_type=\"section\">\n\t\t\t\t\t\t<div class=\"elementor-container elementor-column-gap-default\">\n\t\t\t\t\t<div class=\"elementor-column elementor-col-100 elementor-top-column elementor-element elementor-element-30c6108\" data-id=\"30c6108\" data-element_type=\"column\">\n\t\t\t<div class=\"elementor-widget-wrap elementor-element-populated\">\n\t\t\t\t\t\t\t\t<div class=\"elementor-element elementor-element-4a592e4 elementor-widget elementor-widget-text-editor\" data-id=\"4a592e4\" data-element_type=\"widget\" data-widget_type=\"text-editor.default\">\n\t\t\t\t<div class=\"elementor-widget-container\">\n\t\t\t\t\t\t\t<p>\u00a0<\/p><p>\u00a0<\/p>\t\t\t\t\t\t<\/div>\n\t\t\t\t<\/div>\n\t\t\t\t\t<\/div>\n\t\t<\/div>\n\t\t\t\t\t\t\t<\/div>\n\t\t<\/section>\n\t\t\t\t\t\t\t<\/div>\n\t\t","protected":false},"excerpt":{"rendered":"<p>Centro Cultural Estaci\u00f3n Mapocho (2018), Santiago. Entre los meses de enero a marzo del a\u00f1o 2018 realizamos la exposici\u00f3n fotogr\u00e1fica, videogr\u00e1fica e instalativa Ofrendas Fotogr\u00e1ficas contra el Femicidio en Centro Cultural Estacion Mapocho, ciudad de Santiago. Proyecto conformado por 11 fot\u00f3grafas chilenas: P\u00eda Acu\u00f1a Molina, Marcela Bruna Castro, Mariana Gallardo Klein, Zaida Gonz\u00e1lez R\u00edos, Macarena &hellip; <\/p>\n<p class=\"link-more\"><a href=\"https:\/\/ofrendasfotograficas.net\/?page_id=959\" class=\"more-link\">Leer m\u00e1s<span class=\"screen-reader-text\"> \u00abEstaci\u00f3n Mapocho\u00bb<\/span><\/a><\/p>\n","protected":false},"author":1,"featured_media":0,"parent":0,"menu_order":0,"comment_status":"closed","ping_status":"closed","template":"","meta":[],"featured_media_urls":[],"_links":{"self":[{"href":"https:\/\/ofrendasfotograficas.net\/index.php?rest_route=\/wp\/v2\/pages\/959"}],"collection":[{"href":"https:\/\/ofrendasfotograficas.net\/index.php?rest_route=\/wp\/v2\/pages"}],"about":[{"href":"https:\/\/ofrendasfotograficas.net\/index.php?rest_route=\/wp\/v2\/types\/page"}],"author":[{"embeddable":true,"href":"https:\/\/ofrendasfotograficas.net\/index.php?rest_route=\/wp\/v2\/users\/1"}],"replies":[{"embeddable":true,"href":"https:\/\/ofrendasfotograficas.net\/index.php?rest_route=%2Fwp%2Fv2%2Fcomments&post=959"}],"version-history":[{"count":16,"href":"https:\/\/ofrendasfotograficas.net\/index.php?rest_route=\/wp\/v2\/pages\/959\/revisions"}],"predecessor-version":[{"id":2099,"href":"https:\/\/ofrendasfotograficas.net\/index.php?rest_route=\/wp\/v2\/pages\/959\/revisions\/2099"}],"wp:attachment":[{"href":"https:\/\/ofrendasfotograficas.net\/index.php?rest_route=%2Fwp%2Fv2%2Fmedia&parent=959"}],"curies":[{"name":"wp","href":"https:\/\/api.w.org\/{rel}","templated":true}]}}